{"id":63193,"date":"2025-10-10T12:25:49","date_gmt":"2025-10-10T10:25:49","guid":{"rendered":"https:\/\/myspainfood.com\/producto\/tuna-v-soncnicnem-olju-arlequin-750-g\/"},"modified":"2025-10-10T12:25:49","modified_gmt":"2025-10-10T10:25:49","slug":"tuna-v-soncnicnem-olju-arlequin-750-g","status":"publish","type":"product","link":"https:\/\/myspainfood.com\/sl\/producto\/tuna-v-soncnicnem-olju-arlequin-750-g\/","title":{"rendered":"Tuna v son\u010dni\u010dnem olju Arlequ\u00edn 750 g"},"content":{"rendered":"<p><a href=\"https:\/\/conservasarlequin.com\/arlequin\/\" target=\"_blank\" rel=\"noopener noreferrer nofollow\">Arlequ\u00edn<\/a> son\u010dni\u010dna tuna 750 g je izdelek v plo\u010devinki, izdelan na tradicionalen na\u010din.<\/p>\n<p><strong>Neto te\u017ea \/ Escu:<\/strong> 750g \/ 650g<\/p>\n<p><strong>Rok trajanja<\/strong>: 5 let<\/p>\n<p><strong>Ohranjanje:<\/strong> Okolje<\/p>\n<p>Poslanstvo podjetja Conservas Arlequ\u00edn je ponuditi odli\u010den izdelek, najbolj\u0161o storitev in \u0161irok izbor ribjih konzerv po najbolj\u0161i ceni. Poslanstvo podjetja Conservas <a href=\"https:\/\/latiendadesami.com\/marca\/arlequin\/\" target=\"_blank\" rel=\"noopener noreferrer nofollow\">Arlequ\u00edn<\/a> je ponuditi odli\u010den izdelek, najbolj\u0161o storitev in \u0161irok izbor ribjih konzerv po najbolj\u0161i ceni.<\/p>\n<p>Specializirani so tudi za sardone, sardele, in\u010dune, bonito, rumenoplavutega tuna, rumenoplavutega tuna, tune iz hloda 900gr, \u0161koljke, sku\u0161o in sardine.<\/p>\n<p>Comidista v \u010dasopisu El Pa\u00eds je na primer o ventresci dejal: &#8220;Je tako ne\u017ena, skoraj kremna, da si jo \u017eeli\u0161 poro\u010diti in \u017eiveti sre\u010dno, dokler te Gospod ne vzame.&#8221;<\/p>\n<h4>Glavne prednosti hrane v plo\u010devinkah<\/h4>\n<ol>\n<li>Ohranijo vse hranilne lastnosti hrane. \u017divila ohranijo svojo sve\u017eino. <\/li>\n<li>Uporabljena \u017eivila so zdrava in zaradi visoke vsebnosti vitaminov in beljakovin primerna za optimalno prehrano.<\/li>\n<li>Ti izdelki imajo dalj\u0161o \u017eivljenjsko dobo (obi\u010dajno 2-5 let).<\/li>\n<li>Konzerve je zelo enostavno shranjevati, saj je njihova embala\u017ea enostavna za uporabo.<\/li>\n<\/ol>\n<p>\u010ce \u017eelite kupiti tunino ali katero koli drugo vrsto <a href=\"https:\/\/latiendadesami.com\/categoria-producto\/conservas\/\" rel=\"noopener noreferrer nofollow\" target=\"_blank\">konzervirane hrane<\/a>, si oglejte na\u0161 spletni katalog in si oglejte \u0161iroko ponudbo <a href=\"https:\/\/latiendadesami.com\/categoria-producto\/conservas\/atun-y-bonito\/\" target=\"_blank\" rel=\"noopener noreferrer nofollow\">tunine<\/a>.<\/p>\n<p>Za ve\u010d informacij nam pi\u0161ite.<\/p>\n","protected":false},"excerpt":{"rendered":"<p>Arlequ\u00edn son\u010dni\u010dna tuna 750 g je izdelek v plo\u010devinki, izdelan na tradicionalen na\u010din. Neto te\u017ea \/ Escu: 750g \/ 650g Rok trajanja: 5 let Ohranjanje: Okolje Poslanstvo podjetja Conservas Arlequ\u00edn je ponuditi odli\u010den izdelek, najbolj\u0161o storitev in \u0161irok izbor ribjih konzerv po najbolj\u0161i ceni. Poslanstvo podjetja Conservas Arlequ\u00edn je ponuditi odli\u010den izdelek, najbolj\u0161o storitev in [&hellip;]<\/p>\n","protected":false},"featured_media":59061,"template":"","meta":{"_et_pb_use_builder":"","_et_pb_old_content":"","_et_gb_content_width":""},"product_brand":[1162],"product_cat":[11036,1983,4374],"product_tag":[],"class_list":{"0":"post-63193","1":"product","2":"type-product","3":"status-publish","4":"has-post-thumbnail","6":"product_brand-arlequin","7":"product_cat-novo","8":"product_cat-ohranja","9":"product_cat-tun-in-bonito","11":"first","12":"instock","13":"taxable","14":"shipping-taxable","15":"product-type-variable"},"_links":{"self":[{"href":"https:\/\/myspainfood.com\/sl\/wp-json\/wp\/v2\/product\/63193","targetHints":{"allow":["GET"]}}],"collection":[{"href":"https:\/\/myspainfood.com\/sl\/wp-json\/wp\/v2\/product"}],"about":[{"href":"https:\/\/myspainfood.com\/sl\/wp-json\/wp\/v2\/types\/product"}],"wp:featuredmedia":[{"embeddable":true,"href":"https:\/\/myspainfood.com\/sl\/wp-json\/wp\/v2\/media\/59061"}],"wp:attachment":[{"href":"https:\/\/myspainfood.com\/sl\/wp-json\/wp\/v2\/media?parent=63193"}],"wp:term":[{"taxonomy":"product_brand","embeddable":true,"href":"https:\/\/myspainfood.com\/sl\/wp-json\/wp\/v2\/product_brand?post=63193"},{"taxonomy":"product_cat","embeddable":true,"href":"https:\/\/myspainfood.com\/sl\/wp-json\/wp\/v2\/product_cat?post=63193"},{"taxonomy":"product_tag","embeddable":true,"href":"https:\/\/myspainfood.com\/sl\/wp-json\/wp\/v2\/product_tag?post=63193"}],"curies":[{"name":"wp","href":"https:\/\/api.w.org\/{rel}","templated":true}]}}