{"id":16176,"date":"2025-04-08T08:43:07","date_gmt":"2025-04-08T06:43:07","guid":{"rendered":"https:\/\/myspainfood.com\/integritetspolicy\/"},"modified":"2025-05-05T11:16:49","modified_gmt":"2025-05-05T09:16:49","slug":"integritetspolicy","status":"publish","type":"page","link":"https:\/\/myspainfood.com\/sv\/integritetspolicy\/","title":{"rendered":"Integritetspolicy"},"content":{"rendered":"\n<p>V\u00e4lkommen till https:\/\/myspainfood.com (&#8221;Webbplatsen&#8221;). Vi f\u00f6rst\u00e5r att integritet p\u00e5 n\u00e4tet \u00e4r viktigt f\u00f6r anv\u00e4ndare av v\u00e5r webbplats, s\u00e4rskilt n\u00e4r de g\u00f6r aff\u00e4rer. Detta uttalande reglerar v\u00e5r sekretesspolicy med avseende p\u00e5 de anv\u00e4ndare av webbplatsen (&#8221;bes\u00f6kare&#8221;) som bes\u00f6ker webbplatsen utan att g\u00f6ra aff\u00e4rer och bes\u00f6kare som registrerar sig f\u00f6r att g\u00f6ra aff\u00e4rer p\u00e5 webbplatsen och anv\u00e4nda de olika tj\u00e4nster som erbjuds av SUMINISTROS HOSTELEROS, S. L. (tillsammans &#8221;tj\u00e4nster&#8221;) (&#8221;auktoriserade kunder&#8221;).  <\/p>\n\n<p><strong>&#8221;Personligt identifierbar information<\/strong><\/p>\n\n<p>inneb\u00e4r all information som identifierar eller kan anv\u00e4ndas f\u00f6r att identifiera, kontakta eller lokalisera den person som s\u00e5dan information avser, inklusive men inte begr\u00e4nsat till namn, adress, telefonnummer, faxnummer, e-postadress, finansiella profiler, personnummer och kreditkortsinformation. Personligt identifierbar information omfattar inte information som samlas in anonymt (dvs. utan att identifiera den enskilda anv\u00e4ndaren) eller demografisk information som inte \u00e4r kopplad till en identifierad person. <\/p>\n\n<p><strong>Vilka personuppgifter samlas in?<\/strong><\/p>\n\n<p>Vi kan samla in grundl\u00e4ggande anv\u00e4ndarprofilinformation fr\u00e5n alla v\u00e5ra bes\u00f6kare. Vi samlar in f\u00f6ljande ytterligare information fr\u00e5n v\u00e5ra auktoriserade kunder: namn, adresser, telefonnummer och e-postadresser till auktoriserade kunder, verksamhetens art och storlek samt arten och storleken p\u00e5 det annonslager som den auktoriserade kunden avser att k\u00f6pa eller s\u00e4lja. <\/p>\n\n<p><strong>Vilka organisationer samlar in informationen?<\/strong><\/p>\n\n<p>Ut\u00f6ver v\u00e5r direkta insamling av information kan v\u00e5ra tredjepartsleverant\u00f6rer (s\u00e5som kreditkortsf\u00f6retag, clearinghus och banker) som tillhandah\u00e5ller tj\u00e4nster s\u00e5som kredit-, f\u00f6rs\u00e4krings- och sp\u00e4rrtj\u00e4nster samla in denna information fr\u00e5n v\u00e5ra Bes\u00f6kare och Auktoriserade Kunder. Vi kontrollerar inte hur dessa tredje parter anv\u00e4nder s\u00e5dan information, men vi ber dem att upplysa om hur de anv\u00e4nder personlig information som de f\u00e5r fr\u00e5n bes\u00f6kare och auktoriserade kunder. Vissa av dessa tredje parter kan vara mellanh\u00e4nder som endast fungerar som l\u00e4nkar i distributionskedjan och som inte lagrar, beh\u00e5ller eller anv\u00e4nder den information som l\u00e4mnas till dem.  <\/p>\n\n<p><strong>Hur anv\u00e4nder webbplatsen personligt identifierbar information?<\/strong><\/p>\n\n<p>Vi anv\u00e4nder Personuppgifter f\u00f6r att anpassa Webbplatsen, tillhandah\u00e5lla l\u00e4mpliga tj\u00e4nster och uppfylla f\u00f6rfr\u00e5gningar om att k\u00f6pa och s\u00e4lja p\u00e5 Webbplatsen. Vi kan skicka e-postmeddelanden till bes\u00f6kare och auktoriserade kunder om forskning eller k\u00f6p- och s\u00e4ljm\u00f6jligheter p\u00e5 webbplatsen eller information relaterad till \u00e4mnet f\u00f6r webbplatsen. Vi kan ocks\u00e5 anv\u00e4nda Personuppgifter f\u00f6r att kontakta Bes\u00f6kare och Auktoriserade Kunder som svar p\u00e5 specifika f\u00f6rfr\u00e5gningar eller f\u00f6r att tillhandah\u00e5lla beg\u00e4rd information.  <\/p>\n\n<p><strong>Med vem kan information delas?<\/strong><\/p>\n\n<p>Auktoriserade kunders personuppgifter kan komma att delas med andra auktoriserade kunder som vill utv\u00e4rdera potentiella transaktioner med andra auktoriserade kunder. Vi kan dela aggregerad information om v\u00e5ra bes\u00f6kare, inklusive demografiska uppgifter om v\u00e5ra bes\u00f6kare och auktoriserade kunder, med v\u00e5ra anslutna byr\u00e5er och tredjepartsleverant\u00f6rer. Vi erbjuder ocks\u00e5 m\u00f6jligheten att &#8221;v\u00e4lja bort&#8221; att ta emot information eller bli kontaktad av oss eller av n\u00e5gon byr\u00e5 som agerar f\u00f6r v\u00e5r r\u00e4kning.  <\/p>\n\n<p><strong>Hur lagras personligt identifierbar information?<\/strong><\/p>\n\n<p>Personligt identifierbar information som samlas in av SUMINISTROS HOSTELEROS, S. L. lagras s\u00e4kert och \u00e4r inte tillg\u00e4nglig f\u00f6r tredje part eller anst\u00e4llda p\u00e5 SUMINISTROS HOSTELEROS, S. L. f\u00f6rutom f\u00f6r den anv\u00e4ndning som anges ovan.<\/p>\n\n<p><strong>Vilka val har bes\u00f6karna n\u00e4r det g\u00e4ller insamling, anv\u00e4ndning och distribution av information?<\/strong><\/p>\n\n<p>Bes\u00f6kare och beh\u00f6riga kunder kan v\u00e4lja att inte ta emot o\u00f6nskad information eller bli kontaktade av oss och\/eller v\u00e5ra leverant\u00f6rer och anknutna organ genom att svara p\u00e5 e-postmeddelanden enligt instruktionerna eller genom att kontakta oss p\u00e5<\/p>\n\n<p><strong>Anv\u00e4nds cookies p\u00e5 webbplatsen?<\/strong><\/p>\n\n<p>Cookies anv\u00e4nds av flera olika sk\u00e4l. Vi anv\u00e4nder cookies f\u00f6r att f\u00e5 information om v\u00e5ra bes\u00f6kares preferenser och de tj\u00e4nster de v\u00e4ljer. Vi anv\u00e4nder ocks\u00e5 cookies av s\u00e4kerhetssk\u00e4l f\u00f6r att skydda v\u00e5ra auktoriserade kunder. Om en auktoriserad kund till exempel \u00e4r inloggad och webbplatsen inte anv\u00e4nds p\u00e5 mer \u00e4n 10 minuter loggar vi automatiskt ut den auktoriserade kunden.   <\/p>\n\n<p><strong>Hur anv\u00e4nder SUMINISTROS HOSTELEROS, S. L. \u00e5tkomstdata?<\/strong><\/p>\n\n<p>SUMINISTROS HOSTELEROS, S. L. anv\u00e4nder \u00e5tkomstinformation, inklusive, utan begr\u00e4nsning, IP-adresser, Internetleverant\u00f6rer och webbl\u00e4sartyper, f\u00f6r att analysera trender, administrera webbplatsen, sp\u00e5ra en anv\u00e4ndares r\u00f6relse och anv\u00e4ndning och samla in bred demografisk information.<\/p>\n\n<p><strong>Vilka partners eller tj\u00e4nsteleverant\u00f6rer har tillg\u00e5ng till bes\u00f6kares och\/eller auktoriserade kunders personligt identifierbara information p\u00e5 webbplatsen?<\/strong><\/p>\n\n<p>SUMINISTROS HOSTELEROS, S. L. har ing\u00e5tt och kommer att forts\u00e4tta att ing\u00e5 samarbetsavtal och andra anknytningar med ett antal leverant\u00f6rer, som kan ha tillg\u00e5ng till vissa personuppgifter i syfte att bed\u00f6ma om auktoriserade kunder \u00e4r l\u00e4mpliga f\u00f6r tj\u00e4nsten. V\u00e5r integritetspolicy omfattar inte insamling eller anv\u00e4ndning av denna information. Utl\u00e4mnande av personligt identifierbar information f\u00f6r att f\u00f6lja lagen. Vi kommer att l\u00e4mna ut personligt identifierbar information f\u00f6r att f\u00f6lja ett domstolsbeslut eller en st\u00e4mning eller en brottsbek\u00e4mpande myndighets beg\u00e4ran om utl\u00e4mnande av information. Vi kommer ocks\u00e5 att avsl\u00f6ja personligt identifierbar information n\u00e4r det \u00e4r rimligt n\u00f6dv\u00e4ndigt f\u00f6r att skydda s\u00e4kerheten f\u00f6r v\u00e5ra bes\u00f6kare och auktoriserade kunder.    <\/p>\n\n<p><strong>Hur skyddar webbplatsen personlig information?<\/strong><\/p>\n\n<p>Alla v\u00e5ra medarbetare \u00e4r medvetna om v\u00e5r s\u00e4kerhetspolicy och v\u00e5ra rutiner. Den personligt identifierbara informationen om v\u00e5ra bes\u00f6kare och auktoriserade kunder \u00e4r endast tillg\u00e4nglig f\u00f6r ett begr\u00e4nsat antal kvalificerade medarbetare som har ett l\u00f6senord f\u00f6r att f\u00e5 tillg\u00e5ng till informationen. Vi genomf\u00f6r regelbundna revisioner av v\u00e5ra s\u00e4kerhetssystem och processer. K\u00e4nslig information, t.ex. kreditkortsnummer eller personnummer, skyddas av krypteringsprotokoll som har uppr\u00e4ttats f\u00f6r att skydda information som skickas via Internet. \u00c4ven om vi vidtar kommersiellt rimliga \u00e5tg\u00e4rder f\u00f6r att uppr\u00e4tth\u00e5lla en s\u00e4ker webbplats, \u00e4r elektronisk kommunikation och databaser f\u00f6rem\u00e5l f\u00f6r fel, manipulering och inbrott, och vi kan inte garantera eller garantera att s\u00e5dana h\u00e4ndelser inte kommer att intr\u00e4ffa och kommer inte att vara ansvariga gentemot bes\u00f6kare eller auktoriserade kunder f\u00f6r s\u00e5dana h\u00e4ndelser.    <\/p>\n\n<p><strong>Hur kan bes\u00f6kare korrigera eventuella felaktigheter i personligt identifierbar information?<\/strong><\/p>\n\n<p>Bes\u00f6kare och beh\u00f6riga kunder kan kontakta oss f\u00f6r att uppdatera sina personuppgifter eller korrigera eventuella felaktigheter genom att skicka e-post till hola@myspainfood.com.<\/p>\n\n<p><strong>Kan en bes\u00f6kare radera eller avaktivera personlig information som samlas in av webbplatsen?<\/strong><\/p>\n\n<p>Vi f\u00f6rser bes\u00f6kare och auktoriserade kunder med en mekanism f\u00f6r att ta bort\/avaktivera personligt identifierbar information fr\u00e5n webbplatsens databas genom att kontakta . P\u00e5 grund av s\u00e4kerhetskopior och register \u00f6ver borttagningar kan det dock vara om\u00f6jligt att ta bort en bes\u00f6kares post utan att beh\u00e5lla viss kvarvarande information. Om en person beg\u00e4r att hans eller hennes personligt identifierbara information ska avaktiveras, kommer den att raderas funktionellt och vi kommer inte att s\u00e4lja, \u00f6verf\u00f6ra eller anv\u00e4nda personligt identifierbar information som r\u00f6r den personen p\u00e5 n\u00e5got s\u00e4tt i framtiden.  <\/p>\n\n<p><strong>Vad h\u00e4nder om sekretesspolicyn \u00e4ndras?<\/strong><\/p>\n\n<p>Vi kommer att informera v\u00e5ra bes\u00f6kare och auktoriserade kunder om \u00e4ndringar i v\u00e5r integritetspolicy genom att publicera s\u00e5dana \u00e4ndringar p\u00e5 webbplatsen. Men om vi \u00e4ndrar v\u00e5r integritetspolicy p\u00e5 ett s\u00e4tt som kan orsaka avsl\u00f6jande av personligt identifierbar information som en bes\u00f6kare eller auktoriserad kund tidigare har beg\u00e4rt att inte avsl\u00f6jas, kommer vi att kontakta s\u00e5dan bes\u00f6kare eller auktoriserad kund f\u00f6r att till\u00e5ta s\u00e5dan bes\u00f6kare eller auktoriserad kund att f\u00f6rhindra s\u00e5dant avsl\u00f6jande. <\/p>\n\n<p><strong>Returpolicy?<\/strong><\/p>\n\n<p>F\u00f6ljande villkor f\u00f6r retur av v\u00e5ra produkter g\u00e4ller inte vid ut\u00f6vande av \u00e5ngerr\u00e4tten. Retur eller byte av produkter accepteras endast i h\u00e4ndelse av tillverkningsfel, transportskador eller leveransfel. Under alla omst\u00e4ndigheter f\u00e5r det inte ha g\u00e5tt mer \u00e4n 14 dagar fr\u00e5n det att produkten mottogs och f\u00f6rpackningen och tillbeh\u00f6ren m\u00e5ste ing\u00e5. Det ska i f\u00f6rv\u00e4g kontrolleras att det r\u00f6r sig om ett tillverknings- eller f\u00f6rpackningsfel eller avvikelse och inte beror p\u00e5 felaktig eller f\u00f6rsumlig anv\u00e4ndning, hantering eller f\u00f6rvaring. De ska alltid \u00e5tf\u00f6ljas av motsvarande f\u00f6ljesedel eller faktura. B\u00e5de vid retur p\u00e5 grund av tillverknings- eller f\u00f6rpackningsfel och vid fel i best\u00e4llningen kommer KUNDEN om m\u00f6jligt att erbjudas ers\u00e4ttning med ett annat alternativ utan extra kostnad och utan r\u00e4tt till n\u00e5gon form av kompensation fr\u00e5n KUNDEN. MySpainFood ska ansvara f\u00f6r de kostnader som uppkommit f\u00f6r att skicka best\u00e4llningen. I vilket fall som helst ska returen alltid vara f\u00f6rem\u00e5l f\u00f6r MySpainFoods f\u00f6rhandsgranskning av skicket p\u00e5 den produkt som returneras och verifiering av att kraven i dessa f\u00f6rs\u00e4ljningsvillkor har uppfyllts. N\u00e4r returen har mottagits och om till\u00e4mpligt kommer vi att \u00e5terbetala det belopp som debiterats inom h\u00f6gst 30 dagar och p\u00e5 samma villkor som de som anv\u00e4ndes f\u00f6r att g\u00f6ra betalningen. MySpainFood f\u00f6rbeh\u00e5ller sig r\u00e4tten att neka returer som meddelats eller skickats efter tidsfristen eller produkter som inte \u00e4r i samma skick som de mottogs. Returer ska hanteras genom att skicka ett e-postmeddelande till info@latiendadesami.com med en beskrivning av orsakerna och orsakerna till returen. Det kommer ocks\u00e5 att vara n\u00f6dv\u00e4ndigt att ange f\u00f6r- och efternamn och referensnummer f\u00f6r best\u00e4llningen. N\u00e4r beg\u00e4ran har mottagits kommer vi att behandla den i god tid.            <\/p>\n\n<p><strong>L\u00e4nkar:<\/strong><\/p>\n\n<p>https:\/\/myspainfood.com inneh\u00e5ller l\u00e4nkar till andra webbplatser. Observera att n\u00e4r du klickar p\u00e5 en av dessa l\u00e4nkar kommer du till en annan webbplats. Vi uppmanar dig att l\u00e4sa sekretesspolicyn p\u00e5 dessa l\u00e4nkade webbplatser, eftersom deras sekretesspolicy kan skilja sig fr\u00e5n v\u00e5r.  <\/p>\n","protected":false},"excerpt":{"rendered":"<p>V\u00e4lkommen till https:\/\/myspainfood.com (&#8221;Webbplatsen&#8221;). Vi f\u00f6rst\u00e5r att integritet p\u00e5 n\u00e4tet \u00e4r viktigt f\u00f6r anv\u00e4ndare av v\u00e5r webbplats, s\u00e4rskilt n\u00e4r de g\u00f6r aff\u00e4rer. Detta uttalande reglerar v\u00e5r sekretesspolicy med avseende p\u00e5 de anv\u00e4ndare av webbplatsen (&#8221;bes\u00f6kare&#8221;) som bes\u00f6ker webbplatsen utan att g\u00f6ra aff\u00e4rer och bes\u00f6kare som registrerar sig f\u00f6r att g\u00f6ra aff\u00e4rer p\u00e5 webbplatsen och anv\u00e4nda [&hellip;]<\/p>\n","protected":false},"author":1,"featured_media":0,"parent":0,"menu_order":0,"comment_status":"closed","ping_status":"closed","template":"","meta":{"_et_pb_use_builder":"","_et_pb_old_content":"","_et_gb_content_width":"","footnotes":""},"class_list":["post-16176","page","type-page","status-publish","hentry"],"_links":{"self":[{"href":"https:\/\/myspainfood.com\/sv\/wp-json\/wp\/v2\/pages\/16176","targetHints":{"allow":["GET"]}}],"collection":[{"href":"https:\/\/myspainfood.com\/sv\/wp-json\/wp\/v2\/pages"}],"about":[{"href":"https:\/\/myspainfood.com\/sv\/wp-json\/wp\/v2\/types\/page"}],"author":[{"embeddable":true,"href":"https:\/\/myspainfood.com\/sv\/wp-json\/wp\/v2\/users\/1"}],"replies":[{"embeddable":true,"href":"https:\/\/myspainfood.com\/sv\/wp-json\/wp\/v2\/comments?post=16176"}],"version-history":[{"count":1,"href":"https:\/\/myspainfood.com\/sv\/wp-json\/wp\/v2\/pages\/16176\/revisions"}],"predecessor-version":[{"id":16188,"href":"https:\/\/myspainfood.com\/sv\/wp-json\/wp\/v2\/pages\/16176\/revisions\/16188"}],"wp:attachment":[{"href":"https:\/\/myspainfood.com\/sv\/wp-json\/wp\/v2\/media?parent=16176"}],"curies":[{"name":"wp","href":"https:\/\/api.w.org\/{rel}","templated":true}]}}