{"id":16491,"date":"2025-04-10T15:12:12","date_gmt":"2025-04-10T13:12:12","guid":{"rendered":"https:\/\/myspainfood.com\/inkop-returer-och-frakt\/"},"modified":"2025-05-05T11:17:47","modified_gmt":"2025-05-05T09:17:47","slug":"inkop-returer-och-frakt","status":"publish","type":"page","link":"https:\/\/myspainfood.com\/sv\/inkop-returer-och-frakt\/","title":{"rendered":"Ink\u00f6p, returer och frakt"},"content":{"rendered":"\n<p>Detta avtal reglerar de allm\u00e4nna villkoren f\u00f6r k\u00f6p av de olika produkter och tj\u00e4nster som erbjuds p\u00e5 denna webbplats av SAMI SUMINISTROS HOSTELEROS, S. L. (nedan kallad MY SPAIN FOOD) med NIF B84614064 och adress p\u00e5 c\/ Luis i 60, sotano, nave 27. 28031 Madrid, Spanien. Madrid, Spanien.<br\/>N\u00e4r KUNDEN slutf\u00f6r registreringsprocessen och k\u00f6per n\u00e5gon av v\u00e5ra produkter accepterar han\/hon uttryckligen de klausuler som anges nedan, liksom villkoren f\u00f6r \u00e5tkomst och anv\u00e4ndning av v\u00e5r webbplats och dess sekretesspolicy, som \u00e4r tillg\u00e4nglig via l\u00e4nken Sekretesspolicy.<br\/>KUNDEN bekr\u00e4ftar att han\/hon har tillr\u00e4cklig juridisk kapacitet f\u00f6r att ing\u00e5 en avtalsf\u00f6rpliktelse.<br\/>Detta avtal \u00e4r permanent tillg\u00e4ngligt i de juridiska meddelandena p\u00e5 v\u00e5r webbplats.  <\/p>\n\n<p>PRISER OCH SKATTER<br\/>Som ers\u00e4ttning f\u00f6r den k\u00f6pta produkten samtycker KUNDEN uttryckligen till att betala MY SPAIN FOOD de belopp som anges vid ink\u00f6pstillf\u00e4llet i den prislista som fastst\u00e4lls p\u00e5 webbplatsen https:\/\/www.myspainfood.es f\u00f6r de valda produkterna.<br\/>De produkter som erbjuds p\u00e5 denna webbplats \u00e4r f\u00f6rem\u00e5l f\u00f6r nationell konsumtionsskatt som INKLUDERAS i de priser som anges f\u00f6r varje produkt.<br\/>Transportkostnader ing\u00e5r INTE i priset p\u00e5 produkterna.<br\/>N\u00e4r urvalet av produkter har slutf\u00f6rts och innan best\u00e4llningen bekr\u00e4ftas och innan du forts\u00e4tter att betala f\u00f6r den, kommer det slutliga priset f\u00f6r k\u00f6pet att visas p\u00e5 sk\u00e4rmen, vilket inkluderar skatter, hantering, f\u00f6rpackning och fraktkostnader, om till\u00e4mpligt, vilket kommer att \u00e5terspeglas p\u00e5 orderformul\u00e4ret vid k\u00f6ptillf\u00e4llet och p\u00e5 fakturan.<br\/>Allt som inte anges i beskrivningen som inkluderat ing\u00e5r inte.<\/p>\n\n<p>2. K\u00d6PF\u00d6RFARANDE<br\/>Endast personer \u00f6ver 14 \u00e5r (utan alkohol) och \u00f6ver 18 \u00e5r (med alkohol) och f\u00f6retag kan g\u00f6ra best\u00e4llningar via denna webbplats.<br\/>Alla v\u00e5ra produkter listas individuellt p\u00e5 webbplatsen. F\u00f6rfarandet f\u00f6r att g\u00f6ra och hantera ett k\u00f6p anges p\u00e5 webbplatsen och f\u00f6ljande steg b\u00f6r f\u00f6ljas:<br\/>a. V\u00e4lj den produkt som du vill k\u00f6pa.<br\/>b. N\u00e4r du har valt en produkt kan du l\u00e4gga den i varukorgen och v\u00e4lja om du vill forts\u00e4tta handla eller behandla best\u00e4llningen.<br\/>c. F\u00f6r att behandla best\u00e4llningen m\u00e5ste du fylla i ett formul\u00e4r med dina personuppgifter f\u00f6r att formalisera k\u00f6pf\u00f6rfarandet.<br\/>d. D\u00e4refter kontrolleras best\u00e4llningen, varvid de valda artiklarna beskrivs en efter en och det totala priset ber\u00e4knas.<br\/>e. Det \u00e4r ocks\u00e5 n\u00f6dv\u00e4ndigt att ange fakturerings- och leveransadresserna f\u00f6r k\u00f6pet. Du kan ange en enda adress f\u00f6r fakturering och leverans.<br\/>f. N\u00e4r processen har slutf\u00f6rts m\u00e5ste du kryssa i en ruta f\u00f6r att bekr\u00e4fta att du har l\u00e4st och godk\u00e4nt f\u00f6rs\u00e4ljningsvillkoren.<br\/>g. Webbplatsen kommer att ge dig betalningsmekanismerna beroende p\u00e5 vilket system som valts i varje enskilt fall.<br\/>h. N\u00e4r betalningsuppgifterna har angetts m\u00e5ste du bekr\u00e4fta best\u00e4llningen genom att klicka p\u00e5 knappen &#8221;K\u00f6p&#8221;.<br\/>i. N\u00e4r du har klickat p\u00e5 knappen &#8221;K\u00f6p&#8221; g\u00f6rs betalningen och produkterna st\u00e4lls till ditt f\u00f6rfogande.<br\/>KUNDEN informeras om att fotografierna och beskrivningarna av produkterna p\u00e5 webbplatsen \u00e4r en ungef\u00e4rlig bild av de produkter och tj\u00e4nster som erbjuds och d\u00e4rf\u00f6r kan skilja sig fr\u00e5n originalet. Beskrivningarna och illustrationerna av de produkter som erbjuds via denna webbplats \u00e4r endast informativa.          <\/p>\n\n<p>3. TILLG\u00c4NGLIGHET OCH LEVERANS<br\/>De produkter som erbjuds av MY SPAIN FOOD \u00e4r endast tillg\u00e4ngliga f\u00f6r distribution p\u00e5 Spaniens fastland.<br\/>Best\u00e4llningar kommer att behandlas n\u00e4r betalningen har mottagits korrekt. De produkter som erbjuds av MY SPAIN FOOD kommer alltid att vara f\u00f6rem\u00e5l f\u00f6r tillg\u00e4nglighet som kommer att anges specifikt p\u00e5 v\u00e5r webbplats f\u00f6r varje produkt s\u00e5 att kunden, i h\u00e4ndelse av otillg\u00e4nglighet av n\u00e5gon artikel, kommer att informeras om bristen p\u00e5 tillg\u00e4nglighet. Under normala f\u00f6rh\u00e5llanden \u00e4r alla produkter som visas p\u00e5 v\u00e5r webbplats tillg\u00e4ngliga f\u00f6r leverans inom de angivna tiderna. I de fall d\u00e4r den produkt som kunden har best\u00e4llt \u00e4r slut i lager, efter att best\u00e4llningen har gjorts, kommer kunden att informeras om detta och erbjudas en alternativ produkt med liknande egenskaper till samma pris och kvalitet. Om KUNDEN \u00e4nd\u00e5 inte \u00e4r intresserad av att acceptera det f\u00f6reslagna alternativet, kommer MY SPAIN FOOD att \u00e5terbetala det belopp som redan betalats och informera KUNDEN om f\u00f6rfarandena och tidsfristerna f\u00f6r \u00e5terbetalning. Som en allm\u00e4n regel kommer den maximala hemleveranstiden att vara 5 till 10 dagar fr\u00e5n ink\u00f6pstillf\u00e4llet och fr\u00e5n den tidpunkt d\u00e5 vi har bekr\u00e4ftat din betalning, bearbetar best\u00e4llningar som mottagits f\u00f6re kl. 14.00 samma dag och alltid p\u00e5 arbetsdagar f\u00f6r staden Madrid (SPANIEN). Dessa leveranstider \u00e4r ungef\u00e4rliga och inte i n\u00e5got fall bindande f\u00f6r MY SPAIN FOOD. Leveranser kommer att ske p\u00e5 arbetsdagar (m\u00e5ndag till fredag). Leveransen av den produkt som k\u00f6pts hemma kommer att g\u00f6ras av transport\u00f6ren tillsammans med en f\u00f6ljesedel p\u00e5 den adress som anges p\u00e5 best\u00e4llningsformul\u00e4ret som kunden m\u00e5ste underteckna som ett mottagningsdokument. P\u00e5 samma s\u00e4tt kommer KUNDEN att informeras vederb\u00f6rligen i h\u00e4ndelse av n\u00e5gon incident eller f\u00f6rsening i leveransen av n\u00e5gon anledning. Om leverans inte \u00e4r m\u00f6jlig p\u00e5 den angivna adressen p\u00e5 grund av adressatens fr\u00e5nvaro, kommer transport\u00f6ren att kontakta KUNDEN direkt f\u00f6r att ordna antingen en leveranstid eller insamling av paketet vid motsvarande filial eller, i vilket fall som helst, f\u00f6r att ange de steg som ska f\u00f6ljas f\u00f6r att f\u00e5 produkterna.<br\/>Efter tidsfristen, om best\u00e4llningen inte har samlats in, kommer den att returneras till v\u00e5ra lager och ett e-postmeddelande kommer att skickas som anger hur leveransen slutligen kommer att genomf\u00f6ras. I det senare fallet kommer fraktkostnaderna att b\u00e4ras av KUNDEN. Det finns ocks\u00e5 m\u00f6jlighet att h\u00e4mta ut best\u00e4llningen i butik; om KUNDEN v\u00e4ljer detta alternativ kommer best\u00e4llningen att f\u00f6rberedas n\u00e4r betalningen har gjorts. N\u00e4r best\u00e4llningen har f\u00f6rberetts, inom 24-48 timmar efter att best\u00e4llningen har bekr\u00e4ftats, f\u00e5r KUNDEN ett e-postmeddelande med information om att best\u00e4llningen \u00e4r klar f\u00f6r avh\u00e4mtning och \u00f6vrig relevant information. Om KUNDEN v\u00e4ljer denna leveransmetod kommer han\/hon inte att \u00e5dra sig n\u00e5gra frakt- eller transportkostnader. Om KUNDEN, som har valt att h\u00e4mta best\u00e4llningen i butiken och n\u00e4r e-postmeddelandet har skickats som anger att best\u00e4llningen \u00e4r klar f\u00f6r upph\u00e4mtning, inte kommer inom 48-72 timmar, beroende p\u00e5 best\u00e4llningens art (f\u00f6rg\u00e4ngliga fysiska produkter), kommer KUNDEN att f\u00f6rlora alla r\u00e4ttigheter till det k\u00f6p som gjorts. Om produkterna inte \u00e4r av denna art kommer perioden f\u00f6r upph\u00e4mtning i butik att vara 7 dagar och vid utebliven upph\u00e4mtning kommer vi att kontakta KUNDEN f\u00f6r att slutligen g\u00e5 vidare med leveransen av best\u00e4llningen.                 F\u00f6r att du alltid ska vara informerad om hanteringen av ditt k\u00f6p kommer du att f\u00e5 ett e-postmeddelande om bekr\u00e4ftelse av din best\u00e4llning och betalning. KUNDEN kan ocks\u00e5 kontrollera statusen f\u00f6r sin best\u00e4llning genom att skicka ett e-postmeddelande till hola@myspainfood.com. <\/p>\n\n<p>4. BETALNING OCH BETALNINGSVILLKOR<br\/>F\u00f6ljande betalningsmetoder accepteras:<br\/>- Kredit- och betalkort. Transaktionen sker genom att ansluta direkt till Stripe. <br\/>- GOOGLE PAY. Transaktionen g\u00f6rs genom att ansluta direkt till Stripe. <br\/>- APPLE BETALA. Transaktionen g\u00f6rs genom att ansluta direkt till Stripe. <br\/>- Paypal. Direkt anslutning till Paypal. <br\/>- Bank\u00f6verf\u00f6ring. Genom att betala det totala beloppet f\u00f6r k\u00f6pet till det aktuella kontot som anges. N\u00e4r betalningen har gjorts kommer du att f\u00e5 ett bekr\u00e4ftelsemeddelande.<br\/>MY SPAIN FOOD kommer inte att ha tillg\u00e5ng till dina kreditkortsuppgifter. Alla v\u00e5ra betalningssystem \u00e4r helt s\u00e4kra. Betalningar sker f\u00f6re leverans av produkten eller tillhandah\u00e5llande av tj\u00e4nsten, s\u00e5 MY SPAIN FOOD kommer inte att tillhandah\u00e5lla den beg\u00e4rda produkten f\u00f6rr\u00e4n betalningen har mottagits. MY SPAIN FOOD f\u00f6rbeh\u00e5ller sig r\u00e4tten att tillf\u00e4lligt eller permanent avbryta de tj\u00e4nster som tillhandah\u00e5lls, i h\u00e4ndelse av n\u00e5gon h\u00e4ndelse i betalningen. KLIENTEN informeras om att, i f\u00f6rh\u00e5llande till kortbetalningar, kommer den person som ansvarar f\u00f6r operationerna att vara innehavaren av det kredit- eller betalkort som anv\u00e4nds.      <\/p>\n\n<p>5. FAKTUROR<br\/>Du kommer att f\u00e5 ett ink\u00f6pskvitto via e-post vid k\u00f6ptillf\u00e4llet. Om du vill f\u00e5 en faktura m\u00e5ste du kontakta kundtj\u00e4nst (hola@myspainfood.com) f\u00f6r att f\u00f6rse oss med n\u00f6dv\u00e4ndiga skatteuppgifter. KUNDEN \u00e4r ansvarig f\u00f6r att bekr\u00e4fta mottagandet av meddelanden och f\u00f6r att meddela oss om eventuella \u00e4ndringar av sina uppgifter, och LA MY SPAIN FOOD befrias fr\u00e5n allt ansvar som uppst\u00e5r p\u00e5 grund av detta.  <\/p>\n\n<p>6. GARANTI<br\/>P\u00e5 MY SPAIN FOOD str\u00e4var vi efter att erbjuda tj\u00e4nster av h\u00f6gsta kvalitet, men med tanke p\u00e5 dessa (f\u00f6rg\u00e4ngliga produkter) erbjuder vi en n\u00f6jdhetsgaranti p\u00e5 de flesta av v\u00e5ra produkter. Om du av n\u00e5gon anledning inte f\u00e5r produkten eller tj\u00e4nsten korrekt, b\u00f6r du informera oss s\u00e5 snart som m\u00f6jligt och ange h\u00e4ndelsen och vi kommer att f\u00f6rs\u00f6ka, om felet verifieras, att r\u00e4tta till det s\u00e5 snart som m\u00f6jligt.<br\/>Alla v\u00e5ra icke-f\u00f6rg\u00e4ngliga produkter \u00e4r f\u00f6rem\u00e5l f\u00f6r kvalitetskontroller och garanteras mot tillverkningsfel under en period av 2 \u00e5r fr\u00e5n ink\u00f6psdatumet eller, om s\u00e5 inte \u00e4r fallet, fr\u00e5n utg\u00e5ngsdatumet. Garantin omfattar alla tillverknings-, konstruktions- eller materialfel, men felet m\u00e5ste p\u00e5talas inom 14 dagar fr\u00e5n det att det uppt\u00e4cktes. Garantin t\u00e4cker endast defekta produkter. Den t\u00e4cker inte st\u00f6tar, felaktig anv\u00e4ndning eller annat som inte kan h\u00e4nf\u00f6ras till ett fel fr\u00e5n leverant\u00f6rens sida eller ett fel i produkten. Under garantiperioden kan KUNDEN returnera produkten och vi kommer att reparera eller ers\u00e4tta den. Transportkostnaderna som genereras av returer under garantin ska INTE b\u00e4ras av KUNDEN. Garantidokumentet \u00e4r ink\u00f6psfakturan.       <\/p>\n\n<p>7. RETUR<br\/>F\u00f6ljande villkor f\u00f6r retur av v\u00e5ra produkter g\u00e4ller inte vid ut\u00f6vande av \u00e5ngerr\u00e4tten. Returer eller byten av produkter accepteras endast i h\u00e4ndelse av tillverkningsfel, transportskador eller leveransfel. Under alla omst\u00e4ndigheter f\u00e5r det inte ha g\u00e5tt mer \u00e4n 14 dagar fr\u00e5n det att produkten mottogs och f\u00f6rpackningen och tillbeh\u00f6ren m\u00e5ste ing\u00e5. Det ska i f\u00f6rv\u00e4g kontrolleras att det r\u00f6r sig om ett tillverknings- eller f\u00f6rpackningsfel eller avvikelse och inte beror p\u00e5 felaktig eller f\u00f6rsumlig anv\u00e4ndning, hantering eller f\u00f6rvaring. De ska alltid \u00e5tf\u00f6ljas av motsvarande f\u00f6ljesedel eller faktura. B\u00e5de vid retur p\u00e5 grund av tillverknings- eller f\u00f6rpackningsfel och vid fel i best\u00e4llningen kommer KUNDEN om m\u00f6jligt att erbjudas att ers\u00e4tta varan med ett annat alternativ utan extra kostnad och utan att KUNDEN har r\u00e4tt till n\u00e5gon form av kompensation. Kostnaderna som genereras av leveransen av best\u00e4llningen ska b\u00e4ras av MY SPAIN FOOD. I vilket fall som helst kommer returen alltid att bli f\u00f6rem\u00e5l f\u00f6r f\u00f6rhandsgranskning av MY SPAIN FOOD av tillst\u00e5ndet f\u00f6r den produkt som returneras och verifiering av \u00f6verensst\u00e4mmelse med kraven i dessa f\u00f6rs\u00e4ljningsvillkor. N\u00e4r returen har mottagits och om till\u00e4mpligt kommer vi att forts\u00e4tta att \u00e5terbetala det debiterade beloppet inom en maximal period p\u00e5 30 dagar och inom samma tidsfrister som anv\u00e4nds f\u00f6r att g\u00f6ra betalningen. MY SPAIN FOOD f\u00f6rbeh\u00e5ller sig r\u00e4tten att v\u00e4gra returer som kommuniceras eller skickas efter tidsfristen eller produkter som inte \u00e4r i samma skick som de mottogs. Returer kommer att hanteras genom att skicka ett e-postmeddelande till hola@myspainfood.es med en beskrivning av orsakerna och orsakerna till returen. Det kommer ocks\u00e5 att vara n\u00f6dv\u00e4ndigt att ange namn och efternamn och referensnummer f\u00f6r best\u00e4llningen. N\u00e4r beg\u00e4ran har mottagits kommer vi att behandla den i r\u00e4tt tid.            <\/p>\n\n<p>8. \u00c5NGERR\u00c4TT<br\/>Med tanke p\u00e5 produktens natur (l\u00e4ttf\u00f6rd\u00e4rvlig produkt) och dess bevarandef\u00f6rh\u00e5llanden och i enlighet med artikel 103 punkterna d och e i det kungliga lagstiftningsdekretet 1\/2007, av den 16 november, f\u00f6r f\u00f6rsvar av konsumenter och anv\u00e4ndare, \u00e4r \u00e5ngerr\u00e4tten inte till\u00e4mplig p\u00e5 detta avtal. F\u00f6r alla produkter som inte anses vara l\u00e4ttf\u00f6rd\u00e4rvliga (art. 103.d) och f\u00f6rutsatt att de inte har \u00f6ppnats (art. 103.e) har du r\u00e4tt att fr\u00e5ntr\u00e4da detta avtal inom 14 kalenderdagar utan att beh\u00f6va motivera ditt beslut. \u00c5ngerfristen l\u00f6per ut 14 kalenderdagar efter den dag d\u00e5 avtalet ingicks. F\u00f6r att ut\u00f6va \u00e5ngerr\u00e4tten m\u00e5ste du meddela oss p\u00e5 MY SPAIN FOOD c\/ Luis I 60, s\u00f3tano, nave 27 , 28031, Madrid, Spanien e-post: hola@myspainfood.com, om ditt beslut att fr\u00e5ntr\u00e4da avtalet genom ett otvetydigt uttalande (t.ex. ett brev som skickas per post, fax eller e-post). Du kan anv\u00e4nda nedanst\u00e5ende \u00e5ngerblankett, \u00e4ven om det inte \u00e4r obligatoriskt att anv\u00e4nda den. Mall f\u00f6r \u00e5ngerblankett Till MY SPAIN FOOD c\/ Luis I 60, s\u00f3tano, nave 27 MADRID (28031) Spanien hola@myspainfood.com H\u00e4rmed meddelar jag att jag fr\u00e5ntr\u00e4der mitt avtal om f\u00f6rs\u00e4ljning av f\u00f6ljande varor: Mottagen\/best\u00e4lld den: Konsumentens namn: Konsumentens underskrift Datum F\u00f6r att \u00e5ngerfristen ska l\u00f6pa ut \u00e4r det tillr\u00e4ckligt att meddelandet om att du ut\u00f6var denna r\u00e4ttighet skickas innan \u00e5ngerfristen l\u00f6per ut.     <br\/>Konsekvenser av fr\u00e5ntr\u00e4de:<br\/>Om du fr\u00e5ntr\u00e4der avtalet ska vi \u00e5terbetala alla betalningar som vi har mottagit fr\u00e5n dig utan on\u00f6digt dr\u00f6jsm\u00e5l och under alla omst\u00e4ndigheter senast 14 kalenderdagar fr\u00e5n den dag d\u00e5 vi informerades om ditt beslut att fr\u00e5ntr\u00e4da avtalet. Kunden ska b\u00e4ra den direkta kostnaden f\u00f6r att returnera varorna, varvid kostnaden f\u00f6r insamling ska dras av fr\u00e5n \u00e5terbetalningen, utom i h\u00e4ndelse av defekt kvalitet eller ett fraktfel fr\u00e5n v\u00e5r sida. Vi kommer att genomf\u00f6ra en s\u00e5dan \u00e5terbetalning med samma betalningsmedel som du anv\u00e4nde f\u00f6r den ursprungliga transaktionen, s\u00e5vida du inte uttryckligen har angett n\u00e5got annat; i vilket fall som helst kommer du inte att \u00e5dra dig n\u00e5gra kostnader till f\u00f6ljd av \u00e5terbetalningen. N\u00e4r du har underr\u00e4ttats om beg\u00e4ran om fr\u00e5ntr\u00e4de m\u00e5ste du returnera eller \u00f6verl\u00e4mna varorna direkt till oss utan on\u00f6digt dr\u00f6jsm\u00e5l och under alla omst\u00e4ndigheter senast 14 kalenderdagar fr\u00e5n den dag d\u00e5 du meddelade oss ditt beslut att fr\u00e5ntr\u00e4da avtalet. Tidsfristen ska anses ha iakttagits om du returnerar varorna innan tidsfristen har l\u00f6pt ut. Varorna som ska returneras m\u00e5ste vara i perfekt skick, inte skadade, deformerade eller visa tecken p\u00e5 slitage, repor eller fl\u00e4ckar. Du \u00e4r ansvarig f\u00f6r eventuell v\u00e4rdeminskning av varorna till f\u00f6ljd av annan hantering \u00e4n vad som \u00e4r n\u00f6dv\u00e4ndigt f\u00f6r att fastst\u00e4lla varornas art, egenskaper och funktion.      <\/p>\n\n<p>9. UTF\u00d6RANDE AV AVTALET OCH F\u00d6R\u00c4NDRINGAR AV TJ\u00c4NSTERNA<br\/>Det nuvarande avtalet kommer att fullbordas med betalningen av produkten och s\u00e4ndningen till KUNDEN av ett bekr\u00e4ftelsemeddelande med en beskrivning av det k\u00f6p som gjorts.<br\/>MY SPAIN FOOD f\u00f6rbeh\u00e5ller sig r\u00e4tten att p\u00e5 n\u00e5got s\u00e4tt \u00e4ndra egenskaperna och villkoren f\u00f6r sina tj\u00e4nster, alltid i syfte att f\u00f6rb\u00e4ttra dem och till f\u00f6rm\u00e5n f\u00f6r KUNDEN.<\/p>\n\n<p>10. Parternas skyldigheter<br\/>MY SPAIN FOOD \u00e5tar sig att f\u00f6rse kunden med de produkter och tj\u00e4nster som har avtalats, till\u00e4mpa maximal aktsamhet vid tillhandah\u00e5llandet av tj\u00e4nsten, samt att ta hand om underh\u00e5llet av de installationer som \u00e4r n\u00f6dv\u00e4ndiga f\u00f6r driften av n\u00e4tverket, med l\u00e4mplig teknisk och datorutrustning f\u00f6r detta \u00e4ndam\u00e5l, och att hantera logistikverksamheten, frakt och leverans av k\u00f6pet som gjorts via transport\u00f6ren.<br\/>KUNDEN \u00e5tar sig att anv\u00e4nda de tj\u00e4nster som g\u00f6rs tillg\u00e4ngliga i god tro, utan att bryta mot lagen i n\u00e5gon fr\u00e5ga eller kr\u00e4nka tredje parts r\u00e4ttigheter, samt betalning av den valda produkten i tid och s\u00e4tt som fastst\u00e4lls i dessa f\u00f6rs\u00e4ljningsvillkor och dess mottagande p\u00e5 den plats som anges f\u00f6r leverans. MY SPAIN FOOD garanterar inte att tillg\u00e4ngligheten av den tj\u00e4nst som omfattas av detta kontrakt kommer att vara kontinuerlig och oavbruten p\u00e5 grund av omst\u00e4ndigheter som orsakas av problem i Internet-n\u00e4tverket, avbrott i datorenheter och andra of\u00f6ruts\u00e4gbara omst\u00e4ndigheter. D\u00e4rf\u00f6r \u00e5tar sig KLIENTEN att b\u00e4ra dessa omst\u00e4ndigheter inom rimliga gr\u00e4nser och avst\u00e5r d\u00e4rf\u00f6r uttryckligen fr\u00e5n allt avtalsenligt eller utomobligatoriskt ansvar gentemot LA MY SPAIN FOOD f\u00f6r eventuella fel, fel och anv\u00e4ndning av den avtalade tj\u00e4nsten.  <\/p>\n\n<p>11. KOMMUNIKATION<br\/>Alla meddelanden mellan parterna kommer f\u00f6retr\u00e4desvis att g\u00f6ras via e-post. KUNDEN \u00e4r ansvarig f\u00f6r att bekr\u00e4fta mottagandet av meddelanden och f\u00f6r att meddela MY SPAIN FOOD om eventuella \u00e4ndringar av deras uppgifter, och befrias fr\u00e5n allt ansvar som uppst\u00e5r p\u00e5 grund av denna omst\u00e4ndighet. I h\u00e4ndelse av \u00e4ndring m\u00e5ste KUNDEN meddela MY SPAIN FOOD via e-post eller telefonnummer som anges p\u00e5 v\u00e5r webbplats. I enlighet med artikel 21 i lag 34\/2002 om tj\u00e4nster i informationssamh\u00e4llet och elektronisk handel informerar vi dig om att v\u00e5ra kommersiella utskick och information om v\u00e5r webbplats och de produkter som erbjuds p\u00e5 den kommer att skickas via e-post till den e-postadress du tillhandah\u00e5ller, alltid \u00e5terkallelig. I vilket fall som helst har du m\u00f6jlighet att avvisa v\u00e5r kommersiella kommunikation genom att skicka ett e-postmeddelande till adressen hola@myspainfood.com med ordet UNSUBSCRIBE i \u00e4mnesraden.    <\/p>\n\n<p>12. \u00c5TAGANDE, GODK\u00c4NNANDE OCH GILTIGHET AV AVTALET<br\/>KUNDEN bekr\u00e4ftar att han\/hon har l\u00e4st och accepterat de juridiska villkoren f\u00f6r anv\u00e4ndning och sekretesspolicyn p\u00e5 webbplatsen. KUNDEN bekr\u00e4ftar att han\/hon har f\u00f6rst\u00e5tt all information om de produkter och tj\u00e4nster, inklusive, i f\u00f6rekommande fall, leverans, som erbjuds p\u00e5 v\u00e5r webbplats, liksom alla villkor och best\u00e4mmelser som ing\u00e5r i detta elektroniska kontrakt, och f\u00f6rklarar d\u00e4rf\u00f6r att de \u00e4r tillr\u00e4ckliga f\u00f6r att utesluta fel i samtycket till detta kontrakt, och accepterar d\u00e4rf\u00f6r dem helt och uttryckligen. KLIENTEN \u00e4r fullt medveten om att godk\u00e4nnandet och genomf\u00f6randet av detta avtal kommer att ske genom att tillhandah\u00e5lla hans \/ hennes uppgifter och klicka p\u00e5 knappen &#8221;K\u00f6p&#8221; som anges p\u00e5 v\u00e5r webbplats och kommer att slutf\u00f6ras med betalningen av tj\u00e4nsten.  <\/p>\n\n<p>13. MINOR UNDER 18<br\/>MY SPAIN FOOD har \u00e5tagit sig att inte till\u00e5ta n\u00e5gon transaktion som \u00e4r olaglig, eller som av kreditkortsf\u00f6retagen eller den inl\u00f6sande banken anses kunna skada deras goodwill eller p\u00e5verka dem negativt. Kortm\u00e4rkenas program f\u00f6rbjuder f\u00f6ljande aktiviteter: f\u00f6rs\u00e4ljning eller erbjudande av en produkt eller tj\u00e4nst som inte helt uppfyller alla lagar som \u00e4r till\u00e4mpliga p\u00e5 inl\u00f6saren, den utf\u00e4rdande banken, handlaren, kortinnehavaren eller korten. D\u00e4rut\u00f6ver \u00e4r f\u00f6ljande aktiviteter uttryckligen f\u00f6rbjudna: &#8221;F\u00f6rs\u00e4ljning av alkoholhaltiga drycker till personer under 18 \u00e5r&#8221;.  <\/p>\n\n<p>14. TILL\u00c4MPLIG LAG<br\/>Detta avtal \u00e4r av kommersiell natur och ska styras av och tolkas i enlighet med spansk lag. I h\u00e4ndelse av oenighet eller skillnad mellan parterna i f\u00f6rh\u00e5llande till tolkningen, inneh\u00e5llet eller genomf\u00f6randet av avtalet som inte l\u00f6ses genom \u00f6msesidig \u00f6verenskommelse, ska parterna underkasta sig de domstolar som \u00e4r beh\u00f6riga i varje enskilt fall och, i de fall d\u00e4r det f\u00f6rutses att parterna kan underkasta sig en jurisdiktion, ska de underkasta sig domstolarna i Madrid och uttryckligen avst\u00e5 fr\u00e5n n\u00e5gon annan jurisdiktion som kan motsvara dem. Vi ger ocks\u00e5 v\u00e5ra kunder tillg\u00e5ng till f\u00f6ljande l\u00e4nk till Europeiska kommissionens officiella onlineplattform f\u00f6r tvistl\u00f6sning: https:\/\/ec.europa.eu\/consumers\/odr\/main\/index.cfm?event=main.home2.show&amp;lng=ES  <\/p>\n\n<p>15. PERSONUPPGIFTER<br\/>Se Integritetspolicy. Uppm\u00e4rksamhet: Dessa allm\u00e4nna villkor har uppdaterats den 29\/7\/2021. Vi kan \u00e4ndra dem n\u00e4r som helst, liksom \u00e4ndra listan \u00f6ver priser och produkter som erbjuds. Kontrollera utf\u00e4rdandedatumet varje g\u00e5ng du bes\u00f6ker v\u00e5r webbplats f\u00f6r att s\u00e4kerst\u00e4lla att det inte har gjorts n\u00e5gra \u00e4ndringar som kan p\u00e5verka dig.   <\/p>\n","protected":false},"excerpt":{"rendered":"<p>Detta avtal reglerar de allm\u00e4nna villkoren f\u00f6r k\u00f6p av de olika produkter och tj\u00e4nster som erbjuds p\u00e5 denna webbplats av SAMI SUMINISTROS HOSTELEROS, S. L. (nedan kallad MY SPAIN FOOD) med NIF B84614064 och adress p\u00e5 c\/ Luis i 60, sotano, nave 27. 28031 Madrid, Spanien. Madrid, Spanien.N\u00e4r KUNDEN slutf\u00f6r registreringsprocessen och k\u00f6per n\u00e5gon av [&hellip;]<\/p>\n","protected":false},"author":1,"featured_media":0,"parent":0,"menu_order":0,"comment_status":"closed","ping_status":"closed","template":"","meta":{"_et_pb_use_builder":"","_et_pb_old_content":"","_et_gb_content_width":"","footnotes":""},"class_list":["post-16491","page","type-page","status-publish","hentry"],"_links":{"self":[{"href":"https:\/\/myspainfood.com\/sv\/wp-json\/wp\/v2\/pages\/16491","targetHints":{"allow":["GET"]}}],"collection":[{"href":"https:\/\/myspainfood.com\/sv\/wp-json\/wp\/v2\/pages"}],"about":[{"href":"https:\/\/myspainfood.com\/sv\/wp-json\/wp\/v2\/types\/page"}],"author":[{"embeddable":true,"href":"https:\/\/myspainfood.com\/sv\/wp-json\/wp\/v2\/users\/1"}],"replies":[{"embeddable":true,"href":"https:\/\/myspainfood.com\/sv\/wp-json\/wp\/v2\/comments?post=16491"}],"version-history":[{"count":1,"href":"https:\/\/myspainfood.com\/sv\/wp-json\/wp\/v2\/pages\/16491\/revisions"}],"predecessor-version":[{"id":16493,"href":"https:\/\/myspainfood.com\/sv\/wp-json\/wp\/v2\/pages\/16491\/revisions\/16493"}],"wp:attachment":[{"href":"https:\/\/myspainfood.com\/sv\/wp-json\/wp\/v2\/media?parent=16491"}],"curies":[{"name":"wp","href":"https:\/\/api.w.org\/{rel}","templated":true}]}}