{"id":17019,"date":"2025-04-10T12:05:09","date_gmt":"2025-04-10T10:05:09","guid":{"rendered":"https:\/\/myspainfood.com\/producto\/kimbos-gordal-gordal-oliv-och-gurka-900-gr-chicon\/"},"modified":"2025-05-12T23:24:00","modified_gmt":"2025-05-12T21:24:00","slug":"kimbos-gordal-gordal-oliv-och-gurka-900-gr-chicon","status":"publish","type":"product","link":"https:\/\/myspainfood.com\/sv\/producto\/kimbos-gordal-gordal-oliv-och-gurka-900-gr-chicon\/","title":{"rendered":"Kimbos Gordal - Gordal oliv och gurka 900 gr Chic\u00f3n"},"content":{"rendered":"<h3>Varf\u00f6r anv\u00e4nda Kimbos Gordal oliver fyllda med gurka?<\/h3>\n<p>Kimbos Gordal \u00e4r en variant av en av de mest popul\u00e4ra fyllda oliverna b\u00e5de i Spanien och utomlands.<\/p>\n<p>En av dess s\u00e4rdrag \u00e4r dess storlek, eftersom den vanligtvis \u00e4r st\u00f6rre \u00e4n andra sorter.<\/p>\n<p>Detta g\u00f6r den till en idealisk oliv att servera vid bordet fylld med olika typer av mat som till exempel ansjovis, gurka eller paprika.<\/p>\n<p>Namnet &#8221;Aceituna Gordal&#8221; har den f\u00e5tt p\u00e5 grund av sin storlek.<\/p>\n<p>Man skulle kunna s\u00e4ga att den sticker ut genom sitt ganska attraktiva och i\u00f6gonfallande utseende.<\/p>\n<p>\u00c4ven om den har sitt ursprung i <a href=\"https:\/\/aceitunaschiconlebron.com\/catalogo\/aceituna-gordal-rellena-de-pepinillo\/\" target=\"_blank\" rel=\"noopener noreferrer nofollow\">Andalusien<\/a> har konsumtionen av Gordal-oliver fyllda med gurka spridit sig till USA, som \u00e4r den plats d\u00e4r den har blivit mest utbredd utanf\u00f6r Spanien.<\/p>\n<p>Om du vill k\u00f6pa oliver eller n\u00e5gon annan typ av <a href=\"https:\/\/latiendadesami.com\/categoria-producto\/encurtidos\/\" rel=\"noopener noreferrer nofollow\" target=\"_blank\">inlagd mat,<\/a> tveka inte att ta en titt p\u00e5 v\u00e5r onlinekatalog f\u00f6r att se det stora utbudet av <a href=\"https:\/\/latiendadesami.com\/categoria-producto\/encurtidos\/aceitunas\/\" target=\"_blank\" rel=\"noopener noreferrer nofollow\">oliver<\/a> vi har.<\/p>\n","protected":false},"excerpt":{"rendered":"<p>Varf\u00f6r anv\u00e4nda Kimbos Gordal oliver fyllda med gurka? Kimbos Gordal \u00e4r en variant av en av de mest popul\u00e4ra fyllda oliverna b\u00e5de i Spanien och utomlands. En av dess s\u00e4rdrag \u00e4r dess storlek, eftersom den vanligtvis \u00e4r st\u00f6rre \u00e4n andra sorter. Detta g\u00f6r den till en idealisk oliv att servera vid bordet fylld med olika [&hellip;]<\/p>\n","protected":false},"featured_media":7107,"template":"","meta":{"_et_pb_use_builder":"","_et_pb_old_content":"","_et_gb_content_width":""},"product_brand":[1036],"product_cat":[1585,1586],"product_tag":[1587,1588],"class_list":{"0":"post-17019","1":"product","2":"type-product","3":"status-publish","4":"has-post-thumbnail","6":"product_brand-chicon","7":"product_cat-inlagda-gronsaker","8":"product_cat-oliver","9":"product_tag-gordal-sv","10":"product_tag-kimbo-sv","12":"first","13":"instock","14":"taxable","15":"shipping-taxable","16":"purchasable","17":"product-type-variable"},"_links":{"self":[{"href":"https:\/\/myspainfood.com\/sv\/wp-json\/wp\/v2\/product\/17019","targetHints":{"allow":["GET"]}}],"collection":[{"href":"https:\/\/myspainfood.com\/sv\/wp-json\/wp\/v2\/product"}],"about":[{"href":"https:\/\/myspainfood.com\/sv\/wp-json\/wp\/v2\/types\/product"}],"wp:featuredmedia":[{"embeddable":true,"href":"https:\/\/myspainfood.com\/sv\/wp-json\/wp\/v2\/media\/7107"}],"wp:attachment":[{"href":"https:\/\/myspainfood.com\/sv\/wp-json\/wp\/v2\/media?parent=17019"}],"wp:term":[{"taxonomy":"product_brand","embeddable":true,"href":"https:\/\/myspainfood.com\/sv\/wp-json\/wp\/v2\/product_brand?post=17019"},{"taxonomy":"product_cat","embeddable":true,"href":"https:\/\/myspainfood.com\/sv\/wp-json\/wp\/v2\/product_cat?post=17019"},{"taxonomy":"product_tag","embeddable":true,"href":"https:\/\/myspainfood.com\/sv\/wp-json\/wp\/v2\/product_tag?post=17019"}],"curies":[{"name":"wp","href":"https:\/\/api.w.org\/{rel}","templated":true}]}}