{"id":17165,"date":"2025-04-10T12:05:09","date_gmt":"2025-04-10T10:05:09","guid":{"rendered":"https:\/\/myspainfood.com\/producto\/obregon-partiet\/"},"modified":"2025-05-08T20:41:44","modified_gmt":"2025-05-08T18:41:44","slug":"obregon-partiet","status":"publish","type":"product","link":"https:\/\/myspainfood.com\/sv\/producto\/obregon-partiet\/","title":{"rendered":"Obreg\u00f3n-partiet"},"content":{"rendered":"<p>Chic\u00f3n Lebr\u00f3n-oliverna produceras, kryddas och f\u00f6rpackas i Antequera (Malaga). De sk\u00f6rdas f\u00f6r hand och \u00e4r k\u00e4nda f\u00f6r sin kvalitet och oj\u00e4mf\u00f6rliga smak.<\/p>\n","protected":false},"excerpt":{"rendered":"<p>oliver obregon split<\/p>\n","protected":false},"featured_media":7170,"template":"","meta":{"_et_pb_use_builder":"","_et_pb_old_content":"","_et_gb_content_width":""},"product_brand":[1036],"product_cat":[1585,1586],"product_tag":[1667,1668],"class_list":{"0":"post-17165","1":"product","2":"type-product","3":"status-publish","4":"has-post-thumbnail","6":"product_brand-chicon","7":"product_cat-inlagda-gronsaker","8":"product_cat-oliver","9":"product_tag-obregon-sv","10":"product_tag-partiet","12":"first","13":"outofstock","14":"taxable","15":"shipping-taxable","16":"product-type-variable"},"_links":{"self":[{"href":"https:\/\/myspainfood.com\/sv\/wp-json\/wp\/v2\/product\/17165","targetHints":{"allow":["GET"]}}],"collection":[{"href":"https:\/\/myspainfood.com\/sv\/wp-json\/wp\/v2\/product"}],"about":[{"href":"https:\/\/myspainfood.com\/sv\/wp-json\/wp\/v2\/types\/product"}],"wp:featuredmedia":[{"embeddable":true,"href":"https:\/\/myspainfood.com\/sv\/wp-json\/wp\/v2\/media\/7170"}],"wp:attachment":[{"href":"https:\/\/myspainfood.com\/sv\/wp-json\/wp\/v2\/media?parent=17165"}],"wp:term":[{"taxonomy":"product_brand","embeddable":true,"href":"https:\/\/myspainfood.com\/sv\/wp-json\/wp\/v2\/product_brand?post=17165"},{"taxonomy":"product_cat","embeddable":true,"href":"https:\/\/myspainfood.com\/sv\/wp-json\/wp\/v2\/product_cat?post=17165"},{"taxonomy":"product_tag","embeddable":true,"href":"https:\/\/myspainfood.com\/sv\/wp-json\/wp\/v2\/product_tag?post=17165"}],"curies":[{"name":"wp","href":"https:\/\/api.w.org\/{rel}","templated":true}]}}