{"id":17749,"date":"2025-04-10T12:09:26","date_gmt":"2025-04-10T10:09:26","guid":{"rendered":"https:\/\/myspainfood.com\/producto\/fyllda-ansjovis-70-enheter\/"},"modified":"2025-06-24T13:44:34","modified_gmt":"2025-06-24T11:44:34","slug":"fyllda-ansjovis-70-enheter","status":"publish","type":"product","link":"https:\/\/myspainfood.com\/sv\/producto\/fyllda-ansjovis-70-enheter\/","title":{"rendered":"Fyllda ansjovis 70 enheter"},"content":{"rendered":"<p>Olja (85% solrosolja, 15% olivolja), ansjovisfyllda oliver, ansjovis i vin\u00e4ger, r\u00f6d paprika, persilja och vitl\u00f6k.<\/p>\n","protected":false},"excerpt":{"rendered":"<p>Olja (85% solrosolja, 15% olivolja), ansjovisfyllda oliver, ansjovis i vin\u00e4ger, r\u00f6d paprika, persilja och vitl\u00f6k.<\/p>\n","protected":false},"featured_media":11976,"template":"","meta":{"_et_pb_use_builder":"","_et_pb_old_content":"","_et_gb_content_width":""},"product_brand":[],"product_cat":[1900,1585,1804,1586,1808],"product_tag":[],"class_list":{"0":"post-17749","1":"product","2":"type-product","3":"status-publish","4":"has-post-thumbnail","6":"product_cat-ansjovis-sv","7":"product_cat-inlagda-gronsaker","8":"product_cat-kall","9":"product_cat-oliver","10":"product_cat-pintxos-sv","11":"product_shipping_class-kall-sandning","13":"first","14":"instock","15":"taxable","16":"shipping-taxable","17":"purchasable","18":"product-type-simple"},"_links":{"self":[{"href":"https:\/\/myspainfood.com\/sv\/wp-json\/wp\/v2\/product\/17749","targetHints":{"allow":["GET"]}}],"collection":[{"href":"https:\/\/myspainfood.com\/sv\/wp-json\/wp\/v2\/product"}],"about":[{"href":"https:\/\/myspainfood.com\/sv\/wp-json\/wp\/v2\/types\/product"}],"wp:featuredmedia":[{"embeddable":true,"href":"https:\/\/myspainfood.com\/sv\/wp-json\/wp\/v2\/media\/11976"}],"wp:attachment":[{"href":"https:\/\/myspainfood.com\/sv\/wp-json\/wp\/v2\/media?parent=17749"}],"wp:term":[{"taxonomy":"product_brand","embeddable":true,"href":"https:\/\/myspainfood.com\/sv\/wp-json\/wp\/v2\/product_brand?post=17749"},{"taxonomy":"product_cat","embeddable":true,"href":"https:\/\/myspainfood.com\/sv\/wp-json\/wp\/v2\/product_cat?post=17749"},{"taxonomy":"product_tag","embeddable":true,"href":"https:\/\/myspainfood.com\/sv\/wp-json\/wp\/v2\/product_tag?post=17749"}],"curies":[{"name":"wp","href":"https:\/\/api.w.org\/{rel}","templated":true}]}}