{"id":17989,"date":"2025-04-10T12:14:40","date_gmt":"2025-04-10T10:14:40","guid":{"rendered":"https:\/\/myspainfood.com\/producto\/almejon-havsmandel-naturell-estela-do-mar-111-gr\/"},"modified":"2026-01-20T13:35:35","modified_gmt":"2026-01-20T12:35:35","slug":"almejon-havsmandel-naturell-estela-do-mar-111-gr","status":"publish","type":"product","link":"https:\/\/myspainfood.com\/sv\/producto\/almejon-havsmandel-naturell-estela-do-mar-111-gr\/","title":{"rendered":"Almej\u00f3n (Havsmandel) naturell Estela do Mar 111 gr"},"content":{"rendered":"<p>Uppt\u00e4ck den \u00e4kta havssmaken med <strong>Estela do Mar Natural Almej\u00f3n<\/strong>. Denna 111 gram konserverade havsmandel f\u00e5ngar all f\u00e4rskhet och renhet hos de b\u00e4sta musslorna, utan tillsatser eller konserveringsmedel. Denna mussla \u00e4r perfekt f\u00f6r dem som letar efter naturliga skaldjur av h\u00f6g kvalitet och \u00e4r perfekt att njuta av som den \u00e4r eller i dina favoritrecept, med en m\u00f6r konsistens och en intensiv smak.  <\/p>\n<p><strong>Estela do Mar naturlig mussla<\/strong> \u00e4r rik p\u00e5 protein, omega-3 och viktiga mineraler och \u00e4r ett n\u00e4ringsrikt alternativ f\u00f6r alla dieter. Ge dina r\u00e4tter en h\u00e4lsosam touch och utforska fler alternativ i v\u00e5r fisk- <a target=\"_new\" rel=\"noopener\">och skaldjursavdelning<\/a> eller kolla in f\u00f6rdelarna med f\u00e4rsk fisk och skaldjur p\u00e5 referenswebbplatser som <a href=\"https:\/\/www.fen.org.es\" target=\"_new\" rel=\"noopener noreferrer nofollow\" target=\"_blank\">Spanish Nutrition Foundation.<\/a> <\/p>\n<p>L\u00e4gg till Estela do Mar-musslan i dina m\u00e5ltider och njut av en gourmetk\u00e4nsla!<\/p>\n<p><span class=\"BxUVEf ILfuVd\" lang=\"es\"><span class=\"hgKElc\"> <\/span><\/span><\/p>\n","protected":false},"excerpt":{"rendered":"<p>Uppt\u00e4ck den \u00e4kta havssmaken med Estela do Mar Natural Almej\u00f3n. Denna 111 gram konserverade havsmandel f\u00e5ngar all f\u00e4rskhet och renhet hos de b\u00e4sta musslorna, utan tillsatser eller konserveringsmedel. Denna mussla \u00e4r perfekt f\u00f6r dem som letar efter naturliga skaldjur av h\u00f6g kvalitet och \u00e4r perfekt att njuta av som den \u00e4r eller i dina favoritrecept, [&hellip;]<\/p>\n","protected":false},"featured_media":14955,"template":"","meta":{"_et_pb_use_builder":"","_et_pb_old_content":"","_et_gb_content_width":""},"product_brand":[1469],"product_cat":[1986,1987],"product_tag":[],"class_list":{"0":"post-17989","1":"product","2":"type-product","3":"status-publish","4":"has-post-thumbnail","6":"product_brand-estela-do-mar","7":"product_cat-konserver-sv","8":"product_cat-musslor","10":"first","11":"outofstock","12":"taxable","13":"shipping-taxable","14":"product-type-variable"},"_links":{"self":[{"href":"https:\/\/myspainfood.com\/sv\/wp-json\/wp\/v2\/product\/17989","targetHints":{"allow":["GET"]}}],"collection":[{"href":"https:\/\/myspainfood.com\/sv\/wp-json\/wp\/v2\/product"}],"about":[{"href":"https:\/\/myspainfood.com\/sv\/wp-json\/wp\/v2\/types\/product"}],"wp:featuredmedia":[{"embeddable":true,"href":"https:\/\/myspainfood.com\/sv\/wp-json\/wp\/v2\/media\/14955"}],"wp:attachment":[{"href":"https:\/\/myspainfood.com\/sv\/wp-json\/wp\/v2\/media?parent=17989"}],"wp:term":[{"taxonomy":"product_brand","embeddable":true,"href":"https:\/\/myspainfood.com\/sv\/wp-json\/wp\/v2\/product_brand?post=17989"},{"taxonomy":"product_cat","embeddable":true,"href":"https:\/\/myspainfood.com\/sv\/wp-json\/wp\/v2\/product_cat?post=17989"},{"taxonomy":"product_tag","embeddable":true,"href":"https:\/\/myspainfood.com\/sv\/wp-json\/wp\/v2\/product_tag?post=17989"}],"curies":[{"name":"wp","href":"https:\/\/api.w.org\/{rel}","templated":true}]}}