{"id":18023,"date":"2025-04-10T12:05:44","date_gmt":"2025-04-10T10:05:44","guid":{"rendered":"https:\/\/myspainfood.com\/producto\/gurkfylld-kamomill-38-kg-kimbitos\/"},"modified":"2026-04-15T13:47:29","modified_gmt":"2026-04-15T11:47:29","slug":"gurkfylld-kamomill-38-kg-kimbitos","status":"publish","type":"product","link":"https:\/\/myspainfood.com\/sv\/producto\/gurkfylld-kamomill-38-kg-kimbitos\/","title":{"rendered":"Gurkfylld kamomill 3,8 kg Kimbitos"},"content":{"rendered":"<p>Manzanillafylld gurka 3,8 kg Kimbitos \u00e4r ett mellanm\u00e5l d\u00e4r vi hittar de traditionella <a href=\"https:\/\/www.laencajera.es\/encurtidos-de-almagro\" target=\"_blank\" rel=\"noopener noreferrer nofollow\">manzanillaoliverna<\/a> fyllda med gurka.<\/p>\n<p>Ett perfekt tillbeh\u00f6r till traditionella r\u00e4tter.<\/p>\n<p>Kimbitos \u00e4r det namn som vi i vissa delar av Spanien k\u00e4nner igen p\u00e5 den urk\u00e4rnade manzanilla-olivern med en inlagd gurka.<\/p>\n<p>Den \u00e4r handgjord f\u00f6r att skapa denna f\u00f6rening.<\/p>\n<h3>F\u00f6rdelar med Gurkfylld kamomill 3,8 kg Kimbitos<\/h3>\n<p>K\u00e4nde du till de m\u00e5nga f\u00f6rdelarna med dessa oliver? De \u00e4r mycket effektiva n\u00e4r det g\u00e4ller att f\u00f6rebygga hj\u00e4rt- och cirkulationssjukdomar i allm\u00e4nhet. <\/p>\n<p>Detta beror p\u00e5 dess h\u00f6ga inneh\u00e5ll av om\u00e4ttade fetter. Dessutom \u00e4r det ett livsmedel som inneh\u00e5ller mycket j\u00e4rn och fibrer och \u00e4r mycket m\u00e4ttande, vilket g\u00f6r det till ett perfekt mellanm\u00e5l. <\/p>\n<p>Om du vill k\u00f6pa oliver eller n\u00e5gon annan typ av <a href=\"https:\/\/latiendadesami.com\/categoria-producto\/encurtidos\/\" rel=\"noopener noreferrer nofollow\" target=\"_blank\">inlagd mat,<\/a> tveka inte att ta en titt p\u00e5 v\u00e5r onlinekatalog f\u00f6r att se det stora utbudet av <a href=\"https:\/\/latiendadesami.com\/categoria-producto\/encurtidos\/aceitunas\/\" target=\"_blank\" rel=\"noopener noreferrer nofollow\">oliver<\/a> vi har.<\/p>\n<p>Ursprung: Castilla la Mancha.<\/p>\n<p>Ingredienser: Oliver, saltgurkor, vatten, salt, syrabildare (E-330), konserveringsmedel (E211, E-202, E-260), smakf\u00f6rst\u00e4rkare (E-621, E-631, E-627), antioxidanter (E-300) och naturliga aromer. Kan inneh\u00e5lla sp\u00e5r av sulfiter. <\/p>\n<h3>Information om n\u00e4rings\u00e4mnen<\/h3>\n<p>Energiv\u00e4rde 132 kcal\/ 553 kj Fett 13,4 g varav m\u00e4ttat 1,7 g Kolhydrater 0,8 g varav socker 0,09 g Kostfiber 0,5 g Protein 2,6 g Salt 2,0 g<\/p>\n","protected":false},"excerpt":{"rendered":"<p>Manzanillafylld gurka 3,8 kg Kimbitos \u00e4r ett mellanm\u00e5l d\u00e4r vi hittar de traditionella manzanillaoliverna fyllda med gurka. Ett perfekt tillbeh\u00f6r till traditionella r\u00e4tter. Kimbitos \u00e4r det namn som vi i vissa delar av Spanien k\u00e4nner igen p\u00e5 den urk\u00e4rnade manzanilla-olivern med en inlagd gurka. Den \u00e4r handgjord f\u00f6r att skapa denna f\u00f6rening. F\u00f6rdelar med Gurkfylld [&hellip;]<\/p>\n","protected":false},"featured_media":7746,"template":"","meta":{"_et_pb_use_builder":"","_et_pb_old_content":"","_et_gb_content_width":""},"product_brand":[],"product_cat":[2006,1585,1586],"product_tag":[1588],"class_list":{"0":"post-18023","1":"product","2":"type-product","3":"status-publish","4":"has-post-thumbnail","6":"product_cat-gurkor","7":"product_cat-inlagda-gronsaker","8":"product_cat-oliver","9":"product_tag-kimbo-sv","11":"first","12":"instock","13":"taxable","14":"shipping-taxable","15":"purchasable","16":"product-type-simple"},"_links":{"self":[{"href":"https:\/\/myspainfood.com\/sv\/wp-json\/wp\/v2\/product\/18023","targetHints":{"allow":["GET"]}}],"collection":[{"href":"https:\/\/myspainfood.com\/sv\/wp-json\/wp\/v2\/product"}],"about":[{"href":"https:\/\/myspainfood.com\/sv\/wp-json\/wp\/v2\/types\/product"}],"wp:featuredmedia":[{"embeddable":true,"href":"https:\/\/myspainfood.com\/sv\/wp-json\/wp\/v2\/media\/7746"}],"wp:attachment":[{"href":"https:\/\/myspainfood.com\/sv\/wp-json\/wp\/v2\/media?parent=18023"}],"wp:term":[{"taxonomy":"product_brand","embeddable":true,"href":"https:\/\/myspainfood.com\/sv\/wp-json\/wp\/v2\/product_brand?post=18023"},{"taxonomy":"product_cat","embeddable":true,"href":"https:\/\/myspainfood.com\/sv\/wp-json\/wp\/v2\/product_cat?post=18023"},{"taxonomy":"product_tag","embeddable":true,"href":"https:\/\/myspainfood.com\/sv\/wp-json\/wp\/v2\/product_tag?post=18023"}],"curies":[{"name":"wp","href":"https:\/\/api.w.org\/{rel}","templated":true}]}}