{"id":18131,"date":"2025-04-10T12:10:57","date_gmt":"2025-04-10T10:10:57","guid":{"rendered":"https:\/\/myspainfood.com\/producto\/olive-chupadedos-aguedo-2-kg-nettovikt\/"},"modified":"2025-04-10T12:10:57","modified_gmt":"2025-04-10T10:10:57","slug":"olive-chupadedos-aguedo-2-kg-nettovikt","status":"publish","type":"product","link":"https:\/\/myspainfood.com\/sv\/producto\/olive-chupadedos-aguedo-2-kg-nettovikt\/","title":{"rendered":"Olive Chupadedos Aguedo 2 kg nettovikt"},"content":{"rendered":"<div>\n<p>P\u00e5 ACEITUNAS AGUEDO garanterar vi att v\u00e5ra produkter \u00e4r av h\u00f6gsta kvalitet genom att kombinera tradition och ny teknik. Vi erbjuder den professionalism som k\u00e4nnetecknar ett familjef\u00f6retag i st\u00e4ndig tillv\u00e4xt, d\u00e4r v\u00e5ra kunders tillfredsst\u00e4llelse \u00e4r v\u00e5rt enda m\u00e5l. <\/p>\n<p>Vi \u00f6vervakar alla produktionsprocesser fr\u00e5n b\u00f6rjan till slut, det \u00e4r det enda s\u00e4ttet att uppn\u00e5 MAXIMALA produkter.<\/p>\n<\/div>\n<div class=\"leo_camara_desc\">Vi erbjuder v\u00e5ra kunder det h\u00e4lsosammaste och mest naturliga mellanm\u00e5let, med en omissk\u00e4nnlig smak och h\u00f6gsta kvalitet.<\/div>\n","protected":false},"excerpt":{"rendered":"<p>P\u00e5 ACEITUNAS AGUEDO garanterar vi att v\u00e5ra produkter \u00e4r av h\u00f6gsta kvalitet genom att kombinera tradition och ny teknik. Vi erbjuder den professionalism som k\u00e4nnetecknar ett familjef\u00f6retag i st\u00e4ndig tillv\u00e4xt, d\u00e4r v\u00e5ra kunders tillfredsst\u00e4llelse \u00e4r v\u00e5rt enda m\u00e5l. Vi \u00f6vervakar alla produktionsprocesser fr\u00e5n b\u00f6rjan till slut, det \u00e4r det enda s\u00e4ttet att uppn\u00e5 MAXIMALA produkter. [&hellip;]<\/p>\n","protected":false},"featured_media":13335,"template":"","meta":{"_et_pb_use_builder":"","_et_pb_old_content":"","_et_gb_content_width":""},"product_brand":[1397],"product_cat":[1585,1586],"product_tag":[2053],"class_list":{"0":"post-18131","1":"product","2":"type-product","3":"status-publish","4":"has-post-thumbnail","6":"product_brand-aguedo","7":"product_cat-inlagda-gronsaker","8":"product_cat-oliver","9":"product_tag-kamomill","11":"first","12":"outofstock","13":"taxable","14":"shipping-taxable","15":"purchasable","16":"product-type-simple"},"_links":{"self":[{"href":"https:\/\/myspainfood.com\/sv\/wp-json\/wp\/v2\/product\/18131","targetHints":{"allow":["GET"]}}],"collection":[{"href":"https:\/\/myspainfood.com\/sv\/wp-json\/wp\/v2\/product"}],"about":[{"href":"https:\/\/myspainfood.com\/sv\/wp-json\/wp\/v2\/types\/product"}],"wp:featuredmedia":[{"embeddable":true,"href":"https:\/\/myspainfood.com\/sv\/wp-json\/wp\/v2\/media\/13335"}],"wp:attachment":[{"href":"https:\/\/myspainfood.com\/sv\/wp-json\/wp\/v2\/media?parent=18131"}],"wp:term":[{"taxonomy":"product_brand","embeddable":true,"href":"https:\/\/myspainfood.com\/sv\/wp-json\/wp\/v2\/product_brand?post=18131"},{"taxonomy":"product_cat","embeddable":true,"href":"https:\/\/myspainfood.com\/sv\/wp-json\/wp\/v2\/product_cat?post=18131"},{"taxonomy":"product_tag","embeddable":true,"href":"https:\/\/myspainfood.com\/sv\/wp-json\/wp\/v2\/product_tag?post=18131"}],"curies":[{"name":"wp","href":"https:\/\/api.w.org\/{rel}","templated":true}]}}