{"id":18183,"date":"2025-04-10T12:05:43","date_gmt":"2025-04-10T10:05:43","guid":{"rendered":"https:\/\/myspainfood.com\/producto\/gurka-kryddiga-banderillas-38-kg\/"},"modified":"2025-04-10T12:05:43","modified_gmt":"2025-04-10T10:05:43","slug":"gurka-kryddiga-banderillas-38-kg","status":"publish","type":"product","link":"https:\/\/myspainfood.com\/sv\/producto\/gurka-kryddiga-banderillas-38-kg\/","title":{"rendered":"Gurka Kryddiga Banderillas 3,8 kg"},"content":{"rendered":"<p>Med Almagros Banderillas Picantes Pepino Entero 3,8 kg kan du njuta av flera <a href=\"https:\/\/www.laencajera.es\/encurtidos-de-almagro\" target=\"_blank\" rel=\"noopener noreferrer nofollow\">inl\u00e4ggningar<\/a> p\u00e5 samma g\u00e5ng.<\/p>\n<p>V\u00e5ra banderillas har en uppfriskande och l\u00e4tt smak och kan avnjutas mellan m\u00e5ltiderna eller med v\u00e4nner.<\/p>\n<p>Njut av kryddorna i en tugga med dessa Banderillas Picantes Hel gurka 3,8 kg. Ursprunget \u00e4r Castilla la Mancha. <\/p>\n<p>Ingredienser: L\u00f6k 21-23, r\u00f6d paprika, oliv (uppskattad storlek fr\u00e5n 200-320), hel gurka 60-80, chilipeppar, vatten, salt och plastspat, smakf\u00f6rst\u00e4rkare (E-621, E-627), syrah\u00e4mmande medel E-330, antioxidant E-300, konserveringsmedel (E-211, E-202, E-270, E-260) Inneh\u00e5ller sulfiter.<\/p>\n<p>Bevarandef\u00f6rh\u00e5llanden:<\/p>\n<p>F\u00f6rvaras svalt och torrt, mellan 3\u00baC och 10\u00baC. F\u00f6rvaras \u00e5tskilt fr\u00e5n solljus och starka lukter. <\/p>\n<p>Efter \u00f6ppnandet, f\u00f6rvara i kylsk\u00e5p och konsumera inom 30 dagar.<\/p>\n<p>Om du vill k\u00f6pa oliver eller n\u00e5gon annan typ av <a href=\"https:\/\/latiendadesami.com\/categoria-producto\/encurtidos\/\" rel=\"noopener noreferrer nofollow\" target=\"_blank\">inlagda<\/a> gr\u00f6nsaker, tveka inte att ta en titt p\u00e5 v\u00e5r onlinekatalog f\u00f6r att se det stora utbudet av <a href=\"https:\/\/latiendadesami.com\/categoria-producto\/encurtidos\/berenjenas\/\" target=\"_blank\" rel=\"noopener noreferrer nofollow\">auberginer<\/a> vi har.<\/p>\n<p>Varum\u00e4rket \u00e4r La Encajonera, ett familjef\u00f6retag som grundades 1990 och ligger i hj\u00e4rtat av La Mancha, i staden ALMAGRO, i provinsen Ciudad Real.<\/p>\n<p>Tillverkningsprocessen f\u00f6r dess produkter b\u00f6rjar i samma odlingsomr\u00e5de, d\u00e4r man v\u00e4ljer ut den b\u00e4sta kvalitetsprodukten.<\/p>\n<p>Fabriken \u00e4r utrustad med den mest avancerade tekniken, samtidigt som traditionen och kunskapen hos hantverkarna har bevarats.<\/p>\n","protected":false},"excerpt":{"rendered":"<p>Med Almagros Banderillas Picantes Pepino Entero 3,8 kg kan du njuta av flera inl\u00e4ggningar p\u00e5 samma g\u00e5ng. V\u00e5ra banderillas har en uppfriskande och l\u00e4tt smak och kan avnjutas mellan m\u00e5ltiderna eller med v\u00e4nner. Njut av kryddorna i en tugga med dessa Banderillas Picantes Hel gurka 3,8 kg. Ursprunget \u00e4r Castilla la Mancha. Ingredienser: L\u00f6k 21-23, [&hellip;]<\/p>\n","protected":false},"featured_media":7728,"template":"","meta":{"_et_pb_use_builder":"","_et_pb_old_content":"","_et_gb_content_width":""},"product_brand":[],"product_cat":[2098,2006,1585],"product_tag":[2034,2099],"class_list":{"0":"post-18183","1":"product","2":"type-product","3":"status-publish","4":"has-post-thumbnail","6":"product_cat-banderillas-sv","7":"product_cat-gurkor","8":"product_cat-inlagda-gronsaker","9":"product_tag-gherkin-sv","10":"product_tag-kryddig","12":"first","13":"instock","14":"taxable","15":"shipping-taxable","16":"purchasable","17":"product-type-simple"},"_links":{"self":[{"href":"https:\/\/myspainfood.com\/sv\/wp-json\/wp\/v2\/product\/18183","targetHints":{"allow":["GET"]}}],"collection":[{"href":"https:\/\/myspainfood.com\/sv\/wp-json\/wp\/v2\/product"}],"about":[{"href":"https:\/\/myspainfood.com\/sv\/wp-json\/wp\/v2\/types\/product"}],"wp:featuredmedia":[{"embeddable":true,"href":"https:\/\/myspainfood.com\/sv\/wp-json\/wp\/v2\/media\/7728"}],"wp:attachment":[{"href":"https:\/\/myspainfood.com\/sv\/wp-json\/wp\/v2\/media?parent=18183"}],"wp:term":[{"taxonomy":"product_brand","embeddable":true,"href":"https:\/\/myspainfood.com\/sv\/wp-json\/wp\/v2\/product_brand?post=18183"},{"taxonomy":"product_cat","embeddable":true,"href":"https:\/\/myspainfood.com\/sv\/wp-json\/wp\/v2\/product_cat?post=18183"},{"taxonomy":"product_tag","embeddable":true,"href":"https:\/\/myspainfood.com\/sv\/wp-json\/wp\/v2\/product_tag?post=18183"}],"curies":[{"name":"wp","href":"https:\/\/api.w.org\/{rel}","templated":true}]}}