{"id":18266,"date":"2025-04-10T12:05:35","date_gmt":"2025-04-10T10:05:35","guid":{"rendered":"https:\/\/myspainfood.com\/producto\/aubergine-fylld-med-gordal-oliver-45-kg\/"},"modified":"2025-04-10T12:05:35","modified_gmt":"2025-04-10T10:05:35","slug":"aubergine-fylld-med-gordal-oliver-45-kg","status":"publish","type":"product","link":"https:\/\/myspainfood.com\/sv\/producto\/aubergine-fylld-med-gordal-oliver-45-kg\/","title":{"rendered":"Aubergine fylld med Gordal-oliver 4,5 kg"},"content":{"rendered":"<p>Gordaloliver fyllda med auberginer av sorten gordal fyllda med v\u00e5ra traditionella <a href=\"https:\/\/www.laencajera.es\/aceitunas\" target=\"_blank\" rel=\"noopener noreferrer nofollow\">Almagro-auberginer<\/a>.<\/p>\n<p>En av de mest popul\u00e4ra sorterna. De \u00e4r perfekta som aperitif. <\/p>\n<p>Ingredienser: NTES: urk\u00e4rnade Gordaloliver, aubergine &#8221;De Almagro&#8221;, vatten, salt, vin\u00e4ger, malen kummin, paprika de la Vera, oregano, smakf\u00f6rst\u00e4rkare (E-621, E-631, E-627), syrah\u00e4mmande medel (E-330), konserveringsmedel (E-260, E-211, E-202), antioxidant (E-300) och naturliga essenser (essens av peppar, essens av vitl\u00f6k, essens av kummin). Kan inneh\u00e5lla sulfiter. <\/p>\n<p>F\u00f6rvaras svalt och torrt, mellan 3\u00baC och 10\u00baC.<\/p>\n<p>Skydda mot solljus och starka lukter.<\/p>\n<p>Gordaloliver fyllda med aubergine. F\u00f6rvara i kylsk\u00e5p och konsumera inom 30 dagar efter \u00f6ppnandet.<\/p>\n<p>Om du vill k\u00f6pa oliver eller n\u00e5gon annan typ av <a href=\"https:\/\/latiendadesami.com\/categoria-producto\/encurtidos\/\" rel=\"noopener noreferrer nofollow\" target=\"_blank\">inlagda<\/a> gr\u00f6nsaker, tveka inte att ta en titt p\u00e5 v\u00e5r onlinekatalog f\u00f6r att se det stora utbudet av <a href=\"https:\/\/latiendadesami.com\/categoria-producto\/encurtidos\/berenjenas\/\" target=\"_blank\" rel=\"noopener noreferrer nofollow\">auberginer<\/a> vi har.<\/p>\n<p>Varum\u00e4rket \u00e4r La Encajonera, ett familjef\u00f6retag som grundades 1990 och ligger i hj\u00e4rtat av La Mancha, i staden ALMAGRO, i provinsen Ciudad Real.<\/p>\n<p>Tillverkningsprocessen f\u00f6r dess produkter b\u00f6rjar i samma odlingsomr\u00e5de, d\u00e4r man v\u00e4ljer ut den b\u00e4sta kvalitetsprodukten.<\/p>\n<p>Fabriken \u00e4r utrustad med den mest avancerade tekniken, samtidigt som traditionen och kunskapen hos hantverkarna har bevarats.<\/p>\n","protected":false},"excerpt":{"rendered":"<p>Gordaloliver fyllda med auberginer av sorten gordal fyllda med v\u00e5ra traditionella Almagro-auberginer. En av de mest popul\u00e4ra sorterna. De \u00e4r perfekta som aperitif. Ingredienser: NTES: urk\u00e4rnade Gordaloliver, aubergine &#8221;De Almagro&#8221;, vatten, salt, vin\u00e4ger, malen kummin, paprika de la Vera, oregano, smakf\u00f6rst\u00e4rkare (E-621, E-631, E-627), syrah\u00e4mmande medel (E-330), konserveringsmedel (E-260, E-211, E-202), antioxidant (E-300) och naturliga [&hellip;]<\/p>\n","protected":false},"featured_media":7523,"template":"","meta":{"_et_pb_use_builder":"","_et_pb_old_content":"","_et_gb_content_width":""},"product_brand":[],"product_cat":[1585,1586],"product_tag":[2172,2173],"class_list":{"0":"post-18266","1":"product","2":"type-product","3":"status-publish","4":"has-post-thumbnail","6":"product_cat-inlagda-gronsaker","7":"product_cat-oliver","8":"product_tag-aubergine-sv","9":"product_tag-fyll-i","11":"first","12":"instock","13":"taxable","14":"shipping-taxable","15":"purchasable","16":"product-type-simple"},"_links":{"self":[{"href":"https:\/\/myspainfood.com\/sv\/wp-json\/wp\/v2\/product\/18266","targetHints":{"allow":["GET"]}}],"collection":[{"href":"https:\/\/myspainfood.com\/sv\/wp-json\/wp\/v2\/product"}],"about":[{"href":"https:\/\/myspainfood.com\/sv\/wp-json\/wp\/v2\/types\/product"}],"wp:featuredmedia":[{"embeddable":true,"href":"https:\/\/myspainfood.com\/sv\/wp-json\/wp\/v2\/media\/7523"}],"wp:attachment":[{"href":"https:\/\/myspainfood.com\/sv\/wp-json\/wp\/v2\/media?parent=18266"}],"wp:term":[{"taxonomy":"product_brand","embeddable":true,"href":"https:\/\/myspainfood.com\/sv\/wp-json\/wp\/v2\/product_brand?post=18266"},{"taxonomy":"product_cat","embeddable":true,"href":"https:\/\/myspainfood.com\/sv\/wp-json\/wp\/v2\/product_cat?post=18266"},{"taxonomy":"product_tag","embeddable":true,"href":"https:\/\/myspainfood.com\/sv\/wp-json\/wp\/v2\/product_tag?post=18266"}],"curies":[{"name":"wp","href":"https:\/\/api.w.org\/{rel}","templated":true}]}}