{"id":18276,"date":"2025-04-10T12:09:16","date_gmt":"2025-04-10T10:09:16","guid":{"rendered":"https:\/\/myspainfood.com\/producto\/manzanilla-olive-ansjovis-smak-140-160-5-kg-avrunna\/"},"modified":"2025-04-10T12:09:16","modified_gmt":"2025-04-10T10:09:16","slug":"manzanilla-olive-ansjovis-smak-140-160-5-kg-avrunna","status":"publish","type":"product","link":"https:\/\/myspainfood.com\/sv\/producto\/manzanilla-olive-ansjovis-smak-140-160-5-kg-avrunna\/","title":{"rendered":"Manzanilla Olive Ansjovis Smak 140-160 5 kg avrunna"},"content":{"rendered":"<p>Den ansjovissmakande manzanilla-oljan \u00e4r den mest popul\u00e4ra oliven p\u00e5 marknaden. Den \u00e4r mycket uppskattad f\u00f6r sin fina smak. Den anv\u00e4nds fr\u00e4mst som bordsoliv. Gulgr\u00f6n till f\u00e4rgen, urk\u00e4rnad och med en mild smak. Anv\u00e4nds ofta som aperitif och som f\u00f6rr\u00e4tt. Den ing\u00e5r i recept som pizzor, sallader eller mer avancerade r\u00e4tter.     <\/p>\n<p>Ingredienser: Oliver, vatten, salt, syrah\u00e4mmande medel (E-330), konserveringsmedel<\/p>\n<p>(E-211, E-202, E-270) Antioxidant (E-300)<\/p>\n<p>Kan inneh\u00e5lla sulfiter.<\/p>\n<p>F\u00f6rvaras svalt och torrt, mellan 3\u00baC och 10\u00baC.<\/p>\n<p>Skydda mot solljus och starka lukter.<\/p>\n<p>Om du vill k\u00f6pa oliver eller n\u00e5gon annan typ av <a href=\"https:\/\/latiendadesami.com\/categoria-producto\/encurtidos\/\" rel=\"noopener noreferrer nofollow\" target=\"_blank\">inlagda<\/a> gr\u00f6nsaker, tveka inte att ta en titt p\u00e5 v\u00e5r onlinekatalog f\u00f6r att se det stora utbudet av <a href=\"https:\/\/latiendadesami.com\/categoria-producto\/encurtidos\/berenjenas\/\" target=\"_blank\" rel=\"noopener noreferrer nofollow\">auberginer<\/a> vi har.<\/p>\n<p>Varum\u00e4rket \u00e4r La Encajera, ett familjef\u00f6retag som grundades 1990 och ligger i hj\u00e4rtat av La Mancha, i staden ALMAGRO, i provinsen Ciudad Real.<\/p>\n<p>Tillverkningsprocessen f\u00f6r dess produkter b\u00f6rjar i samma odlingsomr\u00e5de, d\u00e4r man v\u00e4ljer ut den b\u00e4sta kvalitetsprodukten.<\/p>\n<p>Fabriken \u00e4r utrustad med den mest avancerade tekniken, samtidigt som traditionen och kunskapen hos hantverkarna har bevarats.<\/p>\n","protected":false},"excerpt":{"rendered":"<p>Den ansjovissmakande manzanilla-oljan \u00e4r den mest popul\u00e4ra oliven p\u00e5 marknaden. Den \u00e4r mycket uppskattad f\u00f6r sin fina smak. Den anv\u00e4nds fr\u00e4mst som bordsoliv. Gulgr\u00f6n till f\u00e4rgen, urk\u00e4rnad och med en mild smak. Anv\u00e4nds ofta som aperitif och som f\u00f6rr\u00e4tt. Den ing\u00e5r i recept som pizzor, sallader eller mer avancerade r\u00e4tter. Ingredienser: Oliver, vatten, salt, syrah\u00e4mmande [&hellip;]<\/p>\n","protected":false},"featured_media":11850,"template":"","meta":{"_et_pb_use_builder":"","_et_pb_old_content":"","_et_gb_content_width":""},"product_brand":[],"product_cat":[1585,1586],"product_tag":[2172,2173],"class_list":{"0":"post-18276","1":"product","2":"type-product","3":"status-publish","4":"has-post-thumbnail","6":"product_cat-inlagda-gronsaker","7":"product_cat-oliver","8":"product_tag-aubergine-sv","9":"product_tag-fyll-i","11":"first","12":"instock","13":"taxable","14":"shipping-taxable","15":"purchasable","16":"product-type-simple"},"_links":{"self":[{"href":"https:\/\/myspainfood.com\/sv\/wp-json\/wp\/v2\/product\/18276","targetHints":{"allow":["GET"]}}],"collection":[{"href":"https:\/\/myspainfood.com\/sv\/wp-json\/wp\/v2\/product"}],"about":[{"href":"https:\/\/myspainfood.com\/sv\/wp-json\/wp\/v2\/types\/product"}],"wp:featuredmedia":[{"embeddable":true,"href":"https:\/\/myspainfood.com\/sv\/wp-json\/wp\/v2\/media\/11850"}],"wp:attachment":[{"href":"https:\/\/myspainfood.com\/sv\/wp-json\/wp\/v2\/media?parent=18276"}],"wp:term":[{"taxonomy":"product_brand","embeddable":true,"href":"https:\/\/myspainfood.com\/sv\/wp-json\/wp\/v2\/product_brand?post=18276"},{"taxonomy":"product_cat","embeddable":true,"href":"https:\/\/myspainfood.com\/sv\/wp-json\/wp\/v2\/product_cat?post=18276"},{"taxonomy":"product_tag","embeddable":true,"href":"https:\/\/myspainfood.com\/sv\/wp-json\/wp\/v2\/product_tag?post=18276"}],"curies":[{"name":"wp","href":"https:\/\/api.w.org\/{rel}","templated":true}]}}