{"id":18617,"date":"2025-04-10T12:16:51","date_gmt":"2025-04-10T10:16:51","guid":{"rendered":"https:\/\/myspainfood.com\/producto\/lot-3c-kantabrisk-ansjovisfile-sillfileer-sillfileer-med-oliver-picarpicar\/"},"modified":"2026-01-13T13:53:43","modified_gmt":"2026-01-13T12:53:43","slug":"lot-3c-kantabrisk-ansjovisfile-sillfileer-sillfileer-med-oliver-picarpicar","status":"publish","type":"product","link":"https:\/\/myspainfood.com\/sv\/producto\/lot-3c-kantabrisk-ansjovisfile-sillfileer-sillfileer-med-oliver-picarpicar\/","title":{"rendered":"Lot 3C Kantabrisk ansjovisfil\u00e9 - sillfil\u00e9er - sillfil\u00e9er med oliver Picar&amp;Picar"},"content":{"rendered":"<p>INNEH\u00c5LL:<\/p>\n<ul>\n<li>Ansjovisfil\u00e9 fr\u00e5n Biscayabukten:<\/li>\n<\/ul>\n<p>300 g tub: 1 st<\/p>\n<ul>\n<li>Sillfil\u00e9er:<\/li>\n<\/ul>\n<p>Bricka 220 gr: 1 st<\/p>\n<ul>\n<li>Sillfil\u00e9er med oliver:<\/li>\n<\/ul>\n<p>Bricka 220 gr: 1 st<\/p>\n","protected":false},"excerpt":{"rendered":"<p>INNEH\u00c5LL: Ansjovisfil\u00e9 fr\u00e5n Biscayabukten: 300 g tub: 1 st Sillfil\u00e9er: Bricka 220 gr: 1 st Sillfil\u00e9er med oliver: Bricka 220 gr: 1 st<\/p>\n","protected":false},"featured_media":15828,"template":"","meta":{"_et_pb_use_builder":"","_et_pb_old_content":"","_et_gb_content_width":""},"product_brand":[1127],"product_cat":[1900,1804],"product_tag":[],"class_list":{"0":"post-18617","1":"product","2":"type-product","3":"status-publish","4":"has-post-thumbnail","6":"product_brand-picarpicar","7":"product_cat-ansjovis-sv","8":"product_cat-kall","9":"product_shipping_class-kall-sandning","11":"first","12":"outofstock","13":"taxable","14":"shipping-taxable","15":"purchasable","16":"product-type-simple"},"_links":{"self":[{"href":"https:\/\/myspainfood.com\/sv\/wp-json\/wp\/v2\/product\/18617","targetHints":{"allow":["GET"]}}],"collection":[{"href":"https:\/\/myspainfood.com\/sv\/wp-json\/wp\/v2\/product"}],"about":[{"href":"https:\/\/myspainfood.com\/sv\/wp-json\/wp\/v2\/types\/product"}],"wp:featuredmedia":[{"embeddable":true,"href":"https:\/\/myspainfood.com\/sv\/wp-json\/wp\/v2\/media\/15828"}],"wp:attachment":[{"href":"https:\/\/myspainfood.com\/sv\/wp-json\/wp\/v2\/media?parent=18617"}],"wp:term":[{"taxonomy":"product_brand","embeddable":true,"href":"https:\/\/myspainfood.com\/sv\/wp-json\/wp\/v2\/product_brand?post=18617"},{"taxonomy":"product_cat","embeddable":true,"href":"https:\/\/myspainfood.com\/sv\/wp-json\/wp\/v2\/product_cat?post=18617"},{"taxonomy":"product_tag","embeddable":true,"href":"https:\/\/myspainfood.com\/sv\/wp-json\/wp\/v2\/product_tag?post=18617"}],"curies":[{"name":"wp","href":"https:\/\/api.w.org\/{rel}","templated":true}]}}