{"id":18718,"date":"2025-04-10T12:16:50","date_gmt":"2025-04-10T10:16:50","guid":{"rendered":"https:\/\/myspainfood.com\/producto\/parti-3a-ansjovisfile-fran-biscayabukten-ansjovisfile-med-vitloks-och-persiljesas-picarpicar\/"},"modified":"2026-01-13T13:51:04","modified_gmt":"2026-01-13T12:51:04","slug":"parti-3a-ansjovisfile-fran-biscayabukten-ansjovisfile-med-vitloks-och-persiljesas-picarpicar","status":"publish","type":"product","link":"https:\/\/myspainfood.com\/sv\/producto\/parti-3a-ansjovisfile-fran-biscayabukten-ansjovisfile-med-vitloks-och-persiljesas-picarpicar\/","title":{"rendered":"Parti 3A Ansjovisfil\u00e9 fr\u00e5n Biscayabukten - ansjovisfil\u00e9 med vitl\u00f6ks- och persiljes\u00e5s - Picar&amp;Picar"},"content":{"rendered":"<p>INNEH\u00c5LL:<\/p>\n<ul>\n<li>Ansjovisfil\u00e9:<\/li>\n<\/ul>\n<p>Tripack: 3 st<\/p>\n<ul>\n<li>Ansjovisfil\u00e9 fr\u00e5n Biscayabukten:<\/li>\n<\/ul>\n<p>Bricka 120 gr: 2 st<\/p>\n<ul>\n<li>Kryddad ansjovisfil\u00e9 (vitl\u00f6k och persilja):<\/li>\n<\/ul>\n<p>700 g tub: 1 st<\/p>\n<p>Gourmetprodukt.<\/p>\n","protected":false},"excerpt":{"rendered":"<p>INNEH\u00c5LL: Ansjovisfil\u00e9: Tripack: 3 st Ansjovisfil\u00e9 fr\u00e5n Biscayabukten: Bricka 120 gr: 2 st Kryddad ansjovisfil\u00e9 (vitl\u00f6k och persilja): 700 g tub: 1 st Gourmetprodukt.<\/p>\n","protected":false},"featured_media":15801,"template":"","meta":{"_et_pb_use_builder":"","_et_pb_old_content":"","_et_gb_content_width":""},"product_brand":[1127],"product_cat":[1900,1804],"product_tag":[],"class_list":{"0":"post-18718","1":"product","2":"type-product","3":"status-publish","4":"has-post-thumbnail","6":"product_brand-picarpicar","7":"product_cat-ansjovis-sv","8":"product_cat-kall","9":"product_shipping_class-kall-sandning","11":"first","12":"outofstock","13":"taxable","14":"shipping-taxable","15":"purchasable","16":"product-type-simple"},"_links":{"self":[{"href":"https:\/\/myspainfood.com\/sv\/wp-json\/wp\/v2\/product\/18718","targetHints":{"allow":["GET"]}}],"collection":[{"href":"https:\/\/myspainfood.com\/sv\/wp-json\/wp\/v2\/product"}],"about":[{"href":"https:\/\/myspainfood.com\/sv\/wp-json\/wp\/v2\/types\/product"}],"wp:featuredmedia":[{"embeddable":true,"href":"https:\/\/myspainfood.com\/sv\/wp-json\/wp\/v2\/media\/15801"}],"wp:attachment":[{"href":"https:\/\/myspainfood.com\/sv\/wp-json\/wp\/v2\/media?parent=18718"}],"wp:term":[{"taxonomy":"product_brand","embeddable":true,"href":"https:\/\/myspainfood.com\/sv\/wp-json\/wp\/v2\/product_brand?post=18718"},{"taxonomy":"product_cat","embeddable":true,"href":"https:\/\/myspainfood.com\/sv\/wp-json\/wp\/v2\/product_cat?post=18718"},{"taxonomy":"product_tag","embeddable":true,"href":"https:\/\/myspainfood.com\/sv\/wp-json\/wp\/v2\/product_tag?post=18718"}],"curies":[{"name":"wp","href":"https:\/\/api.w.org\/{rel}","templated":true}]}}