{"id":18854,"date":"2025-04-10T12:16:20","date_gmt":"2025-04-10T10:16:20","guid":{"rendered":"https:\/\/myspainfood.com\/producto\/extra-jungfruolivolja-forpackning-med-3-karaffer-viejo-olivas-15-l\/"},"modified":"2026-01-29T12:34:52","modified_gmt":"2026-01-29T11:34:52","slug":"extra-jungfruolivolja-forpackning-med-3-karaffer-viejo-olivas-15-l","status":"publish","type":"product","link":"https:\/\/myspainfood.com\/sv\/producto\/extra-jungfruolivolja-forpackning-med-3-karaffer-viejo-olivas-15-l\/","title":{"rendered":"Extra jungfruolivolja - F\u00f6rpackning med 3 karaffer - Viejo Olivas - 15 L"},"content":{"rendered":"<h3><strong>Extra jungfruolivolja - F\u00f6rpackning med 3 karaffer - Viejo Olivas - 15 L<\/strong><\/h3>\n<p>Uppt\u00e4ck den rika smaken av Medelhavet med <strong>Viejo Olivas Extra Virgin Olive Oil Pack<\/strong>, som inneh\u00e5ller tre 5-litersflaskor. Denna olja \u00e4r resultatet av ett noggrant urval av oliver av h\u00f6gsta kvalitet, odlade i traditionella olivlundar. Den <strong>kalla extraktionsprocessen<\/strong> garanterar att varje droppe beh\u00e5ller alla n\u00e4ringsegenskaper och den exceptionella smak som k\u00e4nnetecknar en \u00e4kta extra jungfruolivolja.  <\/p>\n<p>Varje 5L-karaff \u00e4r utformad f\u00f6r att tillgodose behoven hos kockar och mat\u00e4lskare. Med sin fruktiga arom och balanserade smak \u00e4r denna olja perfekt f\u00f6r att f\u00f6rh\u00f6ja smaken i sallader, marinader och grytor. Den \u00e4r idealisk f\u00f6r daglig anv\u00e4ndning och 15L-formatet ger betydande besparingar utan att kompromissa med kvaliteten, vilket s\u00e4kerst\u00e4ller att du alltid har denna viktiga ingrediens i medelhavsk\u00f6ket till hands.  <\/p>\n<p><strong>Varf\u00f6r v\u00e4lja Viejo Olivas extra jungfruolivolja?<\/strong><\/p>\n<ul>\n<li><strong>Premiumkvalitet<\/strong>: Varje karaff tillverkas av utvalda oliver, vilket resulterar i en olja med intensiv smak och h\u00e4lsosamma egenskaper.<\/li>\n<li><strong>M\u00e5ngsidig anv\u00e4ndning<\/strong>: Perfekt f\u00f6r matlagning, smaks\u00e4ttning och f\u00f6r att ge dina r\u00e4tter en speciell touch.<\/li>\n<li><strong>Ekonomisk effektivitet<\/strong>: Genom att k\u00f6pa i en f\u00f6rpackning f\u00e5r du utm\u00e4rkt valuta f\u00f6r pengarna, perfekt f\u00f6r familjer eller hotell- och restaurangf\u00f6retag.<\/li>\n<\/ul>\n<p>Om du vill veta mer om f\u00f6rdelarna med olivolja kan du bes\u00f6ka v\u00e5rt avsnitt <a target=\"_new\" rel=\"noopener\">om f\u00f6rdelarna med olivolja<\/a> och ta reda p\u00e5 hur den kan f\u00f6rb\u00e4ttra din h\u00e4lsa och dina recept. F\u00f6r ett bredare urval, kolla in v\u00e5r kategori <a target=\"_new\" rel=\"noopener\">oljor och vin\u00e4ger<\/a>, d\u00e4r du hittar andra h\u00f6gkvalitativa produkter som perfekt kompletterar ditt k\u00f6k.<\/p>\n<p>Genom att v\u00e4lja <strong>Viejo Olivas Extra Virgin Olive Oil Pack<\/strong> v\u00e4ljer du inte bara kvalitet och smak, utan du st\u00f6der ocks\u00e5 h\u00e5llbara och ansvarsfulla jordbruksmetoder. Ta tillf\u00e4llet i akt att ta med det b\u00e4sta fr\u00e5n Medelhavstraditionen till ditt bord, best\u00e4ll idag och f\u00f6rvandla varje m\u00e5ltid till en gourmetupplevelse!  <\/p>\n","protected":false},"excerpt":{"rendered":"<p>Extra jungfruolivolja - F\u00f6rpackning med 3 karaffer - Viejo Olivas - 15 L Uppt\u00e4ck den rika smaken av Medelhavet med Viejo Olivas Extra Virgin Olive Oil Pack, som inneh\u00e5ller tre 5-litersflaskor. Denna olja \u00e4r resultatet av ett noggrant urval av oliver av h\u00f6gsta kvalitet, odlade i traditionella olivlundar. Den kalla extraktionsprocessen garanterar att varje droppe [&hellip;]<\/p>\n","protected":false},"featured_media":15180,"template":"","meta":{"_et_pb_use_builder":"","_et_pb_old_content":"","_et_gb_content_width":""},"product_brand":[1221],"product_cat":[2211,2210],"product_tag":[2212],"class_list":{"0":"post-18854","1":"product","2":"type-product","3":"status-publish","4":"has-post-thumbnail","6":"product_brand-valdezarza","7":"product_cat-extra-jungfruolja","8":"product_cat-olja","9":"product_tag-olja","11":"first","12":"outofstock","13":"featured","14":"taxable","15":"shipping-taxable","16":"purchasable","17":"product-type-simple"},"_links":{"self":[{"href":"https:\/\/myspainfood.com\/sv\/wp-json\/wp\/v2\/product\/18854","targetHints":{"allow":["GET"]}}],"collection":[{"href":"https:\/\/myspainfood.com\/sv\/wp-json\/wp\/v2\/product"}],"about":[{"href":"https:\/\/myspainfood.com\/sv\/wp-json\/wp\/v2\/types\/product"}],"wp:featuredmedia":[{"embeddable":true,"href":"https:\/\/myspainfood.com\/sv\/wp-json\/wp\/v2\/media\/15180"}],"wp:attachment":[{"href":"https:\/\/myspainfood.com\/sv\/wp-json\/wp\/v2\/media?parent=18854"}],"wp:term":[{"taxonomy":"product_brand","embeddable":true,"href":"https:\/\/myspainfood.com\/sv\/wp-json\/wp\/v2\/product_brand?post=18854"},{"taxonomy":"product_cat","embeddable":true,"href":"https:\/\/myspainfood.com\/sv\/wp-json\/wp\/v2\/product_cat?post=18854"},{"taxonomy":"product_tag","embeddable":true,"href":"https:\/\/myspainfood.com\/sv\/wp-json\/wp\/v2\/product_tag?post=18854"}],"curies":[{"name":"wp","href":"https:\/\/api.w.org\/{rel}","templated":true}]}}