{"id":18885,"date":"2025-04-10T12:16:30","date_gmt":"2025-04-10T10:16:30","guid":{"rendered":"https:\/\/myspainfood.com\/producto\/flaskkarre-av-100-iberisk-ekollonmatad-flaskkarre-fili-500-gr\/"},"modified":"2026-01-29T13:11:35","modified_gmt":"2026-01-29T12:11:35","slug":"flaskkarre-av-100-iberisk-ekollonmatad-flaskkarre-fili-500-gr","status":"publish","type":"product","link":"https:\/\/myspainfood.com\/sv\/producto\/flaskkarre-av-100-iberisk-ekollonmatad-flaskkarre-fili-500-gr\/","title":{"rendered":"Fl\u00e4skkarr\u00e9 av 100% iberisk ekollonmatad fl\u00e4skkarr\u00e9 - FILI - 500 gr"},"content":{"rendered":"<h3>Fl\u00e4skfil\u00e9 av 100% iberisk ekollonmatad fl\u00e4skfil\u00e9 - FILI - 800 gr<\/h3>\n<p>Den <strong>100% iberiska ekollonmatade fl\u00e4skkarr\u00e9n - FILI<\/strong> p\u00e5 800 gram \u00e4r en gourmetdelikatess, tillverkad av renrasiga iberiska grisar som f\u00f6tts upp i naturen och matats med ekollon. Denna hantverksm\u00e4ssiga process, tillsammans med noggrann torkning, resulterar i en o\u00f6vertr\u00e4ffad smak och en saftig konsistens. Perfekt f\u00f6r \u00e4lskare av iberiska produkter och rik p\u00e5 h\u00e4lsosamma fettsyror.  <\/p>\n<p>Om du vill veta mer om f\u00f6rdelarna med att \u00e4ta iberiska produkter kan du bes\u00f6ka <a href=\"https:\/\/www.jamonlovers.es\" target=\"_new\" rel=\"noopener noreferrer nofollow\" target=\"_blank\">Jam\u00f3n Lovers<\/a>.<\/p>\n<p>Uppt\u00e4ck fler alternativ i v\u00e5ra kategorier av <a href=\"https:\/\/latiendadesami.com\/categoria-producto\/queso-embutido\/\" target=\"_blank\" rel=\"noopener noreferrer nofollow\"><span style=\"color: #2ea3f2;\">Korv<\/span><\/a><\/p>\n","protected":false},"excerpt":{"rendered":"<p>Fl\u00e4skfil\u00e9 av 100% iberisk ekollonmatad fl\u00e4skfil\u00e9 - FILI - 800 gr Den 100% iberiska ekollonmatade fl\u00e4skkarr\u00e9n - FILI p\u00e5 800 gram \u00e4r en gourmetdelikatess, tillverkad av renrasiga iberiska grisar som f\u00f6tts upp i naturen och matats med ekollon. Denna hantverksm\u00e4ssiga process, tillsammans med noggrann torkning, resulterar i en o\u00f6vertr\u00e4ffad smak och en saftig konsistens. Perfekt [&hellip;]<\/p>\n","protected":false},"featured_media":15396,"template":"","meta":{"_et_pb_use_builder":"","_et_pb_old_content":"","_et_gb_content_width":""},"product_brand":[1388],"product_cat":[2255,2254],"product_tag":[],"class_list":{"0":"post-18885","1":"product","2":"type-product","3":"status-publish","4":"has-post-thumbnail","6":"product_brand-fili","7":"product_cat-korv","8":"product_cat-ost-och-korv","10":"first","11":"outofstock","12":"taxable","13":"shipping-taxable","14":"purchasable","15":"product-type-simple"},"_links":{"self":[{"href":"https:\/\/myspainfood.com\/sv\/wp-json\/wp\/v2\/product\/18885","targetHints":{"allow":["GET"]}}],"collection":[{"href":"https:\/\/myspainfood.com\/sv\/wp-json\/wp\/v2\/product"}],"about":[{"href":"https:\/\/myspainfood.com\/sv\/wp-json\/wp\/v2\/types\/product"}],"wp:featuredmedia":[{"embeddable":true,"href":"https:\/\/myspainfood.com\/sv\/wp-json\/wp\/v2\/media\/15396"}],"wp:attachment":[{"href":"https:\/\/myspainfood.com\/sv\/wp-json\/wp\/v2\/media?parent=18885"}],"wp:term":[{"taxonomy":"product_brand","embeddable":true,"href":"https:\/\/myspainfood.com\/sv\/wp-json\/wp\/v2\/product_brand?post=18885"},{"taxonomy":"product_cat","embeddable":true,"href":"https:\/\/myspainfood.com\/sv\/wp-json\/wp\/v2\/product_cat?post=18885"},{"taxonomy":"product_tag","embeddable":true,"href":"https:\/\/myspainfood.com\/sv\/wp-json\/wp\/v2\/product_tag?post=18885"}],"curies":[{"name":"wp","href":"https:\/\/api.w.org\/{rel}","templated":true}]}}