{"id":19106,"date":"2025-04-10T12:16:39","date_gmt":"2025-04-10T10:16:39","guid":{"rendered":"https:\/\/myspainfood.com\/producto\/extra-jungfruolja-viejo-olivar-5-liter-cazorla-jaen\/"},"modified":"2026-01-29T12:35:49","modified_gmt":"2026-01-29T11:35:49","slug":"extra-jungfruolja-viejo-olivar-5-liter-cazorla-jaen","status":"publish","type":"product","link":"https:\/\/myspainfood.com\/sv\/producto\/extra-jungfruolja-viejo-olivar-5-liter-cazorla-jaen\/","title":{"rendered":"Extra jungfruolja Viejo Olivar 5 liter Cazorla Ja\u00e9n"},"content":{"rendered":"<p><strong>Extra jungfruolivolja<\/strong> fr\u00e5n Ja\u00e9n \u00e4r en av stj\u00e4rnprodukterna i den spanska gastronomin, liksom v\u00e5rt introduktionsbrev \u00f6ver hela v\u00e4rlden. Att k\u00f6pa olivolja inneb\u00e4r att f\u00f6rv\u00e4rva en exceptionell produkt p\u00e5 grund av dess otroliga h\u00e4lsof\u00f6rdelar. Dessutom \u00e4r det den grundl\u00e4ggande ingrediensen i Medelhavsdieten, en ingrediens som inte b\u00f6r saknas i n\u00e5got k\u00f6k med sj\u00e4lvrespekt.  <\/p>\n<p>Bland olivoljorna \u00e4r extra jungfruolja den mest exceptionella f\u00f6r sin smak, arom och sina f\u00f6rdelar f\u00f6r organismen. Den \u00e4r rik p\u00e5 vitaminerna A, D, E och K, f\u00f6rebygger risken f\u00f6r kolesterolansamling, f\u00f6rb\u00e4ttrar blodtrycket och gynnar tarmpassage. Av alla dessa sk\u00e4l kommer k\u00f6p av extra jungfruolivolja alltid att vara det b\u00e4sta alternativet f\u00f6r din h\u00e4lsa och din gom.  <\/p>\n<p>I Ja\u00e9n \u00e4r vi stolta \u00f6ver att vara de st\u00f6rsta producenterna av olivolja i v\u00e4rlden, och extra jungfruolivoljorna fr\u00e5n v\u00e5r mark \u00e4r utan tvekan de mest k\u00e4nda b\u00e5de nationellt och internationellt, och den h\u00f6gsta kvalitet som kan k\u00f6pas.<\/p>\n","protected":false},"excerpt":{"rendered":"<p>Extra jungfruolivolja fr\u00e5n Ja\u00e9n \u00e4r en av stj\u00e4rnprodukterna i den spanska gastronomin, liksom v\u00e5rt introduktionsbrev \u00f6ver hela v\u00e4rlden. Att k\u00f6pa olivolja inneb\u00e4r att f\u00f6rv\u00e4rva en exceptionell produkt p\u00e5 grund av dess otroliga h\u00e4lsof\u00f6rdelar. Dessutom \u00e4r det den grundl\u00e4ggande ingrediensen i Medelhavsdieten, en ingrediens som inte b\u00f6r saknas i n\u00e5got k\u00f6k med sj\u00e4lvrespekt. Bland olivoljorna \u00e4r [&hellip;]<\/p>\n","protected":false},"featured_media":15180,"template":"","meta":{"_et_pb_use_builder":"","_et_pb_old_content":"","_et_gb_content_width":""},"product_brand":[1221],"product_cat":[2211,2210],"product_tag":[2212],"class_list":{"0":"post-19106","1":"product","2":"type-product","3":"status-publish","4":"has-post-thumbnail","6":"product_brand-valdezarza","7":"product_cat-extra-jungfruolja","8":"product_cat-olja","9":"product_tag-olja","11":"first","12":"outofstock","13":"featured","14":"taxable","15":"shipping-taxable","16":"product-type-variable"},"_links":{"self":[{"href":"https:\/\/myspainfood.com\/sv\/wp-json\/wp\/v2\/product\/19106","targetHints":{"allow":["GET"]}}],"collection":[{"href":"https:\/\/myspainfood.com\/sv\/wp-json\/wp\/v2\/product"}],"about":[{"href":"https:\/\/myspainfood.com\/sv\/wp-json\/wp\/v2\/types\/product"}],"wp:featuredmedia":[{"embeddable":true,"href":"https:\/\/myspainfood.com\/sv\/wp-json\/wp\/v2\/media\/15180"}],"wp:attachment":[{"href":"https:\/\/myspainfood.com\/sv\/wp-json\/wp\/v2\/media?parent=19106"}],"wp:term":[{"taxonomy":"product_brand","embeddable":true,"href":"https:\/\/myspainfood.com\/sv\/wp-json\/wp\/v2\/product_brand?post=19106"},{"taxonomy":"product_cat","embeddable":true,"href":"https:\/\/myspainfood.com\/sv\/wp-json\/wp\/v2\/product_cat?post=19106"},{"taxonomy":"product_tag","embeddable":true,"href":"https:\/\/myspainfood.com\/sv\/wp-json\/wp\/v2\/product_tag?post=19106"}],"curies":[{"name":"wp","href":"https:\/\/api.w.org\/{rel}","templated":true}]}}