{"id":19211,"date":"2025-04-10T12:16:41","date_gmt":"2025-04-10T10:16:41","guid":{"rendered":"https:\/\/myspainfood.com\/producto\/iberisk-cebo-huelva-skinka-sn-finca-6-kg-ca\/"},"modified":"2026-01-30T14:26:44","modified_gmt":"2026-01-30T13:26:44","slug":"iberisk-cebo-huelva-skinka-sn-finca-6-kg-ca","status":"publish","type":"product","link":"https:\/\/myspainfood.com\/sv\/producto\/iberisk-cebo-huelva-skinka-sn-finca-6-kg-ca\/","title":{"rendered":"Iberisk Cebo Huelva-skinka - SN Finca - 6 kg (ca)"},"content":{"rendered":"<p>Iberisk Cebo Huelva-skinka - SN Finca - 6 kg \u00e4r en bit av utm\u00e4rkt kvalitet, torkad i naturliga torkar i Huelva, med en traditionell torkningsprocess som ger den sin karakteristiska arom, liksom dess v\u00e4lk\u00e4nda smak. Denna omsorg g\u00f6r biten till en gl\u00e4dje f\u00f6r \u00e4lskare av iberisk skinka.<\/p>\n<h3><strong>Egenskaper hos Iberian Cebo Huelva Ham<\/strong><\/h3>\n<ol>\n<li><strong>Garanterad bepr\u00f6vad erfarenhet<\/strong>\n<p>Den h\u00e4r skinkan produceras i Huelva, en region som \u00e4r k\u00e4nd \u00f6ver hela v\u00e4rlden f\u00f6r sitt idealiska klimat f\u00f6r skinkor. Sierra de Huelva ger en perfekt balans mellan luftfuktighet och temperatur, vilket resulterar i en skinka med optimal mognad. <\/li>\n<li><strong>Certifierad kvalitet<\/strong>\n<p>Varje bit uppfyller strikta kvalitetskontroller. SN Finca garanterar en produkt med sp\u00e5rbart ursprung och ser till att konsumenten f\u00e5r det b\u00e4sta av den iberiska traditionen. <\/li>\n<li><strong>Prolonged<\/strong> Curing\n<p>Denna skinka lagras i cirka 24 m\u00e5nader och utvecklar en komplex smak och en unik arom som f\u00e4ngslar sinnena redan fr\u00e5n f\u00f6rsta snittet.<\/li>\n<li><strong>Idealvikt<\/strong>\n<p>Med sina <strong>6 kg (cirka)<\/strong> \u00e4r denna skinka perfekt f\u00f6r familjer och speciella sammankomster och erbjuder ett utm\u00e4rkt f\u00f6rh\u00e5llande mellan kvantitet och kvalitet.<\/li>\n<li><strong>Exceptionell presentation<\/strong>\n<p>I snittytan syns en karakteristisk marmorering, ett omissk\u00e4nnligt tecken p\u00e5 k\u00f6ttets kvalitet. Balansen mellan infiltrerat fett och k\u00f6tt garanterar en unik smakupplevelse i varje skiva. <\/li>\n<\/ol>\n<p>Du kan ta en titt p\u00e5 v\u00e5rt urval av korvar, <a href=\"https:\/\/latiendadesami.com\/categoria-producto\/queso-embutido\/\" target=\"_blank\" rel=\"noopener noreferrer nofollow\">h\u00e4r<\/a> hittar du gourmetprodukter, perfekt att njuta av med din familj och v\u00e4nner.<\/p>\n","protected":false},"excerpt":{"rendered":"<p>Iberisk Cebo Huelva-skinka - SN Finca - 6 kg \u00e4r en bit av utm\u00e4rkt kvalitet, torkad i naturliga torkar i Huelva, med en traditionell torkningsprocess som ger den sin karakteristiska arom, liksom dess v\u00e4lk\u00e4nda smak. Denna omsorg g\u00f6r biten till en gl\u00e4dje f\u00f6r \u00e4lskare av iberisk skinka. Egenskaper hos Iberian Cebo Huelva Ham Garanterad bepr\u00f6vad [&hellip;]<\/p>\n","protected":false},"featured_media":15585,"template":"","meta":{"_et_pb_use_builder":"","_et_pb_old_content":"","_et_gb_content_width":""},"product_brand":[],"product_cat":[8041],"product_tag":[],"class_list":{"0":"post-19211","1":"product","2":"type-product","3":"status-publish","4":"has-post-thumbnail","6":"product_cat-testkategori-sv","8":"first","9":"outofstock","10":"taxable","11":"shipping-taxable","12":"purchasable","13":"product-type-simple"},"_links":{"self":[{"href":"https:\/\/myspainfood.com\/sv\/wp-json\/wp\/v2\/product\/19211","targetHints":{"allow":["GET"]}}],"collection":[{"href":"https:\/\/myspainfood.com\/sv\/wp-json\/wp\/v2\/product"}],"about":[{"href":"https:\/\/myspainfood.com\/sv\/wp-json\/wp\/v2\/types\/product"}],"wp:featuredmedia":[{"embeddable":true,"href":"https:\/\/myspainfood.com\/sv\/wp-json\/wp\/v2\/media\/15585"}],"wp:attachment":[{"href":"https:\/\/myspainfood.com\/sv\/wp-json\/wp\/v2\/media?parent=19211"}],"wp:term":[{"taxonomy":"product_brand","embeddable":true,"href":"https:\/\/myspainfood.com\/sv\/wp-json\/wp\/v2\/product_brand?post=19211"},{"taxonomy":"product_cat","embeddable":true,"href":"https:\/\/myspainfood.com\/sv\/wp-json\/wp\/v2\/product_cat?post=19211"},{"taxonomy":"product_tag","embeddable":true,"href":"https:\/\/myspainfood.com\/sv\/wp-json\/wp\/v2\/product_tag?post=19211"}],"curies":[{"name":"wp","href":"https:\/\/api.w.org\/{rel}","templated":true}]}}