{"id":19259,"date":"2025-04-10T12:16:47","date_gmt":"2025-04-10T10:16:47","guid":{"rendered":"https:\/\/myspainfood.com\/producto\/parti-1c-ansjovis-ansjovis-och-sill-picarpicar\/"},"modified":"2026-01-13T13:55:29","modified_gmt":"2026-01-13T12:55:29","slug":"parti-1c-ansjovis-ansjovis-och-sill-picarpicar","status":"publish","type":"product","link":"https:\/\/myspainfood.com\/sv\/producto\/parti-1c-ansjovis-ansjovis-och-sill-picarpicar\/","title":{"rendered":"parti 1c - ansjovis, ansjovis och sill Picar&amp;Picar"},"content":{"rendered":"<p>LOT 1C: Konserverad fisk av h\u00f6gsta kvalitet, partiet best\u00e5r av: Ansjovisfil\u00e9 45g (3 bitar), Kantabrisk ansjovisfil\u00e9 120g (1 bit), Ansjovisfil\u00e9 i olja 200g (1 bit), Sillfil\u00e9 220g (1 bit) och Sillfil\u00e9 med oliver 220g (1 bit).<\/p>\n<p>INNEH\u00c5LL:<\/p>\n<ul>\n<li>Ansjovisfil\u00e9:<\/li>\n<\/ul>\n<p>Tripack 120 gr: 3 st<\/p>\n<ul>\n<li>Ansjovisfil\u00e9 fr\u00e5n Biscayabukten:<\/li>\n<\/ul>\n<p>Bricka 120 gr: 1 st<\/p>\n<ul>\n<li>Ansjovisfil\u00e9 i olja:<\/li>\n<\/ul>\n<p>Bricka 200 gr: 1 st<\/p>\n<ul>\n<li>Ansjovisfil\u00e9 i vin\u00e4ger:<\/li>\n<\/ul>\n<p>Bricka 200 gr: 2 st<\/p>\n<ul>\n<li>Sillfil\u00e9er:<\/li>\n<\/ul>\n<p>Bricka 220 gr: 1 st<\/p>\n<ul>\n<li>Sillfil\u00e9er med oliver:<\/li>\n<\/ul>\n<p>Bricka 220 gr: 1 st<\/p>\n","protected":false},"excerpt":{"rendered":"<p>LOT 1C: Konserverad fisk av h\u00f6gsta kvalitet, partiet best\u00e5r av: Ansjovisfil\u00e9 45g (3 bitar), Kantabrisk ansjovisfil\u00e9 120g (1 bit), Ansjovisfil\u00e9 i olja 200g (1 bit), Sillfil\u00e9 220g (1 bit) och Sillfil\u00e9 med oliver 220g (1 bit). INNEH\u00c5LL: Ansjovisfil\u00e9: Tripack 120 gr: 3 st Ansjovisfil\u00e9 fr\u00e5n Biscayabukten: Bricka 120 gr: 1 st Ansjovisfil\u00e9 i olja: Bricka [&hellip;]<\/p>\n","protected":false},"featured_media":15738,"template":"","meta":{"_et_pb_use_builder":"","_et_pb_old_content":"","_et_gb_content_width":""},"product_brand":[1127],"product_cat":[1900,1804],"product_tag":[],"class_list":{"0":"post-19259","1":"product","2":"type-product","3":"status-publish","4":"has-post-thumbnail","6":"product_brand-picarpicar","7":"product_cat-ansjovis-sv","8":"product_cat-kall","9":"product_shipping_class-kall-sandning","11":"first","12":"outofstock","13":"taxable","14":"shipping-taxable","15":"purchasable","16":"product-type-simple"},"_links":{"self":[{"href":"https:\/\/myspainfood.com\/sv\/wp-json\/wp\/v2\/product\/19259","targetHints":{"allow":["GET"]}}],"collection":[{"href":"https:\/\/myspainfood.com\/sv\/wp-json\/wp\/v2\/product"}],"about":[{"href":"https:\/\/myspainfood.com\/sv\/wp-json\/wp\/v2\/types\/product"}],"wp:featuredmedia":[{"embeddable":true,"href":"https:\/\/myspainfood.com\/sv\/wp-json\/wp\/v2\/media\/15738"}],"wp:attachment":[{"href":"https:\/\/myspainfood.com\/sv\/wp-json\/wp\/v2\/media?parent=19259"}],"wp:term":[{"taxonomy":"product_brand","embeddable":true,"href":"https:\/\/myspainfood.com\/sv\/wp-json\/wp\/v2\/product_brand?post=19259"},{"taxonomy":"product_cat","embeddable":true,"href":"https:\/\/myspainfood.com\/sv\/wp-json\/wp\/v2\/product_cat?post=19259"},{"taxonomy":"product_tag","embeddable":true,"href":"https:\/\/myspainfood.com\/sv\/wp-json\/wp\/v2\/product_tag?post=19259"}],"curies":[{"name":"wp","href":"https:\/\/api.w.org\/{rel}","templated":true}]}}