{"id":19300,"date":"2025-04-10T12:16:48","date_gmt":"2025-04-10T10:16:48","guid":{"rendered":"https:\/\/myspainfood.com\/producto\/lot-1d-chop-chop\/"},"modified":"2026-01-13T13:51:56","modified_gmt":"2026-01-13T12:51:56","slug":"lot-1d-chop-chop","status":"publish","type":"product","link":"https:\/\/myspainfood.com\/sv\/producto\/lot-1d-chop-chop\/","title":{"rendered":"lot 1d Chop &amp; Chop"},"content":{"rendered":"<p>LOT 1D: Konserverad fisk av h\u00f6gsta kvalitet, partiet best\u00e5r av: Ansjovisfil\u00e9 i olja 200 gr (1 bit), Ansjovisfil\u00e9 i vin\u00e4ger 200 gr (1 bit), Ansjovisfil\u00e9 i vitl\u00f6k och persilja 200 gr (1 bit), Ansjovisflagga 220 gr (3 bitar), Sillfil\u00e9 220 gr (1 bit) och Sillfil\u00e9 med oliver 220 gr (1 bit).<\/p>\n<p>INNEH\u00c5LL:<\/p>\n<ul>\n<li>Ansjovisfil\u00e9 i olja:<\/li>\n<\/ul>\n<p>Bricka 200 gr: 1 st<\/p>\n<ul>\n<li>Ansjovisfil\u00e9 i vin\u00e4ger:<\/li>\n<\/ul>\n<p>Bricka 200 gr: 1 st<\/p>\n<ul>\n<li>Kryddad ansjovisfil\u00e9 (vitl\u00f6k och persilja):<\/li>\n<\/ul>\n<p>Bricka 200 gr: 1 st<\/p>\n<ul>\n<li>Banderoll av boquer\u00f3n:<\/li>\n<\/ul>\n<p>Bricka 220 gr: 3 st<\/p>\n<ul>\n<li>Sillfil\u00e9er:<\/li>\n<\/ul>\n<p>Bricka 220 gr: 1 st<\/p>\n<ul>\n<li>Sillfil\u00e9er med oliver:<\/li>\n<\/ul>\n<p>Bricka 220 gr: 1 st<\/p>\n","protected":false},"excerpt":{"rendered":"<p>LOT 1D: Konserverad fisk av h\u00f6gsta kvalitet, partiet best\u00e5r av: Ansjovisfil\u00e9 i olja 200 gr (1 bit), Ansjovisfil\u00e9 i vin\u00e4ger 200 gr (1 bit), Ansjovisfil\u00e9 i vitl\u00f6k och persilja 200 gr (1 bit), Ansjovisflagga 220 gr (3 bitar), Sillfil\u00e9 220 gr (1 bit) och Sillfil\u00e9 med oliver 220 gr (1 bit). INNEH\u00c5LL: Ansjovisfil\u00e9 i olja: [&hellip;]<\/p>\n","protected":false},"featured_media":15765,"template":"","meta":{"_et_pb_use_builder":"","_et_pb_old_content":"","_et_gb_content_width":""},"product_brand":[1127],"product_cat":[1900,1804],"product_tag":[],"class_list":{"0":"post-19300","1":"product","2":"type-product","3":"status-publish","4":"has-post-thumbnail","6":"product_brand-picarpicar","7":"product_cat-ansjovis-sv","8":"product_cat-kall","9":"product_shipping_class-kall-sandning","11":"first","12":"outofstock","13":"taxable","14":"shipping-taxable","15":"purchasable","16":"product-type-simple"},"_links":{"self":[{"href":"https:\/\/myspainfood.com\/sv\/wp-json\/wp\/v2\/product\/19300","targetHints":{"allow":["GET"]}}],"collection":[{"href":"https:\/\/myspainfood.com\/sv\/wp-json\/wp\/v2\/product"}],"about":[{"href":"https:\/\/myspainfood.com\/sv\/wp-json\/wp\/v2\/types\/product"}],"wp:featuredmedia":[{"embeddable":true,"href":"https:\/\/myspainfood.com\/sv\/wp-json\/wp\/v2\/media\/15765"}],"wp:attachment":[{"href":"https:\/\/myspainfood.com\/sv\/wp-json\/wp\/v2\/media?parent=19300"}],"wp:term":[{"taxonomy":"product_brand","embeddable":true,"href":"https:\/\/myspainfood.com\/sv\/wp-json\/wp\/v2\/product_brand?post=19300"},{"taxonomy":"product_cat","embeddable":true,"href":"https:\/\/myspainfood.com\/sv\/wp-json\/wp\/v2\/product_cat?post=19300"},{"taxonomy":"product_tag","embeddable":true,"href":"https:\/\/myspainfood.com\/sv\/wp-json\/wp\/v2\/product_tag?post=19300"}],"curies":[{"name":"wp","href":"https:\/\/api.w.org\/{rel}","templated":true}]}}