{"id":19461,"date":"2025-04-10T12:16:34","date_gmt":"2025-04-10T10:16:34","guid":{"rendered":"https:\/\/myspainfood.com\/producto\/rygg-av-ekollonmatad-50-iberisk-flaskfile-fili-500-gr\/"},"modified":"2026-01-29T13:19:18","modified_gmt":"2026-01-29T12:19:18","slug":"rygg-av-ekollonmatad-50-iberisk-flaskfile-fili-500-gr","status":"publish","type":"product","link":"https:\/\/myspainfood.com\/sv\/producto\/rygg-av-ekollonmatad-50-iberisk-flaskfile-fili-500-gr\/","title":{"rendered":"Rygg av ekollonmatad 50% iberisk fl\u00e4skfil\u00e9 - Fili - 500 gr"},"content":{"rendered":"<p>800 gram <strong>Iberian Acorn-fed 50% Acorn-fed Pork Loin - FILI<\/strong> \u00e4r en gourmetdelikatess, tillverkad av renrasiga iberiska grisar, uppf\u00f6dda i naturen och utfodrade med ekollon. Denna hantverksm\u00e4ssiga process, tillsammans med noggrann torkning, resulterar i en o\u00f6vertr\u00e4ffad smak och en saftig konsistens. Perfekt f\u00f6r alla som \u00e4lskar iberiska produkter och rik p\u00e5 h\u00e4lsosamma fettsyror.  <\/p>\n<p>Om du vill veta mer om f\u00f6rdelarna med att \u00e4ta iberiska produkter kan du bes\u00f6ka <a href=\"https:\/\/www.jamonlovers.es\" target=\"_new\" rel=\"noopener noreferrer nofollow\" target=\"_blank\">Jam\u00f3n Lovers<\/a>.<\/p>\n<p>Uppt\u00e4ck fler alternativ i v\u00e5ra kategorier av <a href=\"https:\/\/latiendadesami.com\/categoria-producto\/queso-embutido\/\" target=\"_blank\" rel=\"noopener noreferrer nofollow\"><span style=\"color: #2ea3f2;\">Korv<\/span><\/a><\/p>\n","protected":false},"excerpt":{"rendered":"<p>800 gram Iberian Acorn-fed 50% Acorn-fed Pork Loin - FILI \u00e4r en gourmetdelikatess, tillverkad av renrasiga iberiska grisar, uppf\u00f6dda i naturen och utfodrade med ekollon. Denna hantverksm\u00e4ssiga process, tillsammans med noggrann torkning, resulterar i en o\u00f6vertr\u00e4ffad smak och en saftig konsistens. Perfekt f\u00f6r alla som \u00e4lskar iberiska produkter och rik p\u00e5 h\u00e4lsosamma fettsyror. Om du [&hellip;]<\/p>\n","protected":false},"featured_media":15468,"template":"","meta":{"_et_pb_use_builder":"","_et_pb_old_content":"","_et_gb_content_width":""},"product_brand":[],"product_cat":[2255,2254],"product_tag":[],"class_list":{"0":"post-19461","1":"product","2":"type-product","3":"status-publish","4":"has-post-thumbnail","6":"product_cat-korv","7":"product_cat-ost-och-korv","9":"first","10":"outofstock","11":"taxable","12":"shipping-taxable","13":"purchasable","14":"product-type-simple"},"_links":{"self":[{"href":"https:\/\/myspainfood.com\/sv\/wp-json\/wp\/v2\/product\/19461","targetHints":{"allow":["GET"]}}],"collection":[{"href":"https:\/\/myspainfood.com\/sv\/wp-json\/wp\/v2\/product"}],"about":[{"href":"https:\/\/myspainfood.com\/sv\/wp-json\/wp\/v2\/types\/product"}],"wp:featuredmedia":[{"embeddable":true,"href":"https:\/\/myspainfood.com\/sv\/wp-json\/wp\/v2\/media\/15468"}],"wp:attachment":[{"href":"https:\/\/myspainfood.com\/sv\/wp-json\/wp\/v2\/media?parent=19461"}],"wp:term":[{"taxonomy":"product_brand","embeddable":true,"href":"https:\/\/myspainfood.com\/sv\/wp-json\/wp\/v2\/product_brand?post=19461"},{"taxonomy":"product_cat","embeddable":true,"href":"https:\/\/myspainfood.com\/sv\/wp-json\/wp\/v2\/product_cat?post=19461"},{"taxonomy":"product_tag","embeddable":true,"href":"https:\/\/myspainfood.com\/sv\/wp-json\/wp\/v2\/product_tag?post=19461"}],"curies":[{"name":"wp","href":"https:\/\/api.w.org\/{rel}","templated":true}]}}