{"id":19555,"date":"2025-04-10T12:14:40","date_gmt":"2025-04-10T10:14:40","guid":{"rendered":"https:\/\/myspainfood.com\/producto\/hela-extra-rostade-piquillo-pepparfrukter-destapa-la-huerta-190gr\/"},"modified":"2025-04-10T12:14:40","modified_gmt":"2025-04-10T10:14:40","slug":"hela-extra-rostade-piquillo-pepparfrukter-destapa-la-huerta-190gr","status":"publish","type":"product","link":"https:\/\/myspainfood.com\/sv\/producto\/hela-extra-rostade-piquillo-pepparfrukter-destapa-la-huerta-190gr\/","title":{"rendered":"Hela extra rostade Piquillo-pepparfrukter Destapa la huerta 190gr"},"content":{"rendered":"<p>Ingredienser: Piquillo paprika, vitl\u00f6k, salt och surhetsreglerande medel: citronsyra, h\u00e4rdare: kalciumklorid.<\/p>\n<p> Efter \u00f6ppnandet, f\u00f6rvara i kylsk\u00e5p och konsumera helst inom 5 dagar<\/p>\n<p> Vi har h\u00f6gsta kvalitet till b\u00e4sta pris.<\/p>\n<p> Kontakta oss f\u00f6r mer information eller om du har n\u00e5gra fr\u00e5gor om denna eller n\u00e5gon annan produkt i v\u00e5r katalog.<\/p>\n","protected":false},"excerpt":{"rendered":"<p>Ingredienser: Piquillo paprika, vitl\u00f6k, salt och surhetsreglerande medel: citronsyra, h\u00e4rdare: kalciumklorid. Efter \u00f6ppnandet, f\u00f6rvara i kylsk\u00e5p och konsumera helst inom 5 dagar Vi har h\u00f6gsta kvalitet till b\u00e4sta pris. Kontakta oss f\u00f6r mer information eller om du har n\u00e5gra fr\u00e5gor om denna eller n\u00e5gon annan produkt i v\u00e5r katalog.<\/p>\n","protected":false},"featured_media":15117,"template":"","meta":{"_et_pb_use_builder":"","_et_pb_old_content":"","_et_gb_content_width":""},"product_brand":[1129],"product_cat":[1986,2315],"product_tag":[2317,2316],"class_list":{"0":"post-19555","1":"product","2":"type-product","3":"status-publish","4":"has-post-thumbnail","6":"product_brand-mateo","7":"product_cat-konserver-sv","8":"product_cat-paprika","9":"product_tag-peppar","10":"product_tag-rostad","12":"first","13":"outofstock","14":"featured","15":"taxable","16":"shipping-taxable","17":"product-type-variable"},"_links":{"self":[{"href":"https:\/\/myspainfood.com\/sv\/wp-json\/wp\/v2\/product\/19555","targetHints":{"allow":["GET"]}}],"collection":[{"href":"https:\/\/myspainfood.com\/sv\/wp-json\/wp\/v2\/product"}],"about":[{"href":"https:\/\/myspainfood.com\/sv\/wp-json\/wp\/v2\/types\/product"}],"wp:featuredmedia":[{"embeddable":true,"href":"https:\/\/myspainfood.com\/sv\/wp-json\/wp\/v2\/media\/15117"}],"wp:attachment":[{"href":"https:\/\/myspainfood.com\/sv\/wp-json\/wp\/v2\/media?parent=19555"}],"wp:term":[{"taxonomy":"product_brand","embeddable":true,"href":"https:\/\/myspainfood.com\/sv\/wp-json\/wp\/v2\/product_brand?post=19555"},{"taxonomy":"product_cat","embeddable":true,"href":"https:\/\/myspainfood.com\/sv\/wp-json\/wp\/v2\/product_cat?post=19555"},{"taxonomy":"product_tag","embeddable":true,"href":"https:\/\/myspainfood.com\/sv\/wp-json\/wp\/v2\/product_tag?post=19555"}],"curies":[{"name":"wp","href":"https:\/\/api.w.org\/{rel}","templated":true}]}}