{"id":19661,"date":"2025-04-10T12:14:40","date_gmt":"2025-04-10T10:14:40","guid":{"rendered":"https:\/\/myspainfood.com\/producto\/sydliga-makrillfileer-ubago-med-olivolja-105-gr\/"},"modified":"2026-01-30T14:23:16","modified_gmt":"2026-01-30T13:23:16","slug":"sydliga-makrillfileer-ubago-med-olivolja-105-gr","status":"publish","type":"product","link":"https:\/\/myspainfood.com\/sv\/producto\/sydliga-makrillfileer-ubago-med-olivolja-105-gr\/","title":{"rendered":"Sydliga makrillfil\u00e9er - Ubago - Med olivolja- 105 gr"},"content":{"rendered":"<h3><strong>Ubago S\u00f6dra Makrillfil\u00e9er med olivolja - Traditionell kvalitet och smak<\/strong><\/h3>\n<p>Uppt\u00e4ck de <strong>sydliga makrillfil\u00e9erna i olivolja fr\u00e5n <a href=\"https:\/\/ubagogroup.com\/\" target=\"_blank\" rel=\"noopener noreferrer nofollow\">Ubago<\/a><\/strong>, en delikatess rik p\u00e5 <a href=\"https:\/\/nutribiotica.es\/digestivo-y-nutricion\/omega-3-para-que-sirve\/\" target=\"_blank\" rel=\"noopener noreferrer nofollow\"><strong>omega-3<\/strong><\/a> och proteiner. Denna gourmetkonserv inneh\u00e5ller makrill som f\u00e5ngats utanf\u00f6r Atlantkusten och f\u00f6rpackats i <strong>extra jungfruolivolja<\/strong>, vilket f\u00f6rst\u00e4rker dess smak och f\u00e4rskhet.<\/p>\n<p>Perfekt f\u00f6r att tillaga h\u00e4lsosamma recept eller att njuta av i sallader och snacks. L\u00e4s mer om f\u00f6rdelarna med <strong>extra jungfruolivolja<\/strong> i <a href=\"https:\/\/latiendadesami.com\/category\/recetas\/\" rel=\"noopener noreferrer nofollow\" target=\"_blank\">v\u00e5r blogg om gourmetprodukter<\/a>. <\/p>\n<p><strong>Best\u00e4ll idag och njut av den autentiska smaken av de s\u00f6dra kusterna.<\/strong> Om du \u00e4lskar den h\u00e4r produkten, missa inte v\u00e5rt urval av <strong><a href=\"https:\/\/latiendadesami.com\/categoria-producto\/conservas\/\" rel=\"noopener noreferrer nofollow\" target=\"_blank\">gourmetkonserver<\/a><\/strong> eller uppt\u00e4ck andra l\u00e4ckra <strong><a href=\"https:\/\/latiendadesami.com\/categoria-producto\/queso-embutido\/\" rel=\"noopener noreferrer nofollow\" target=\"_blank\">typiska spanska produkter<\/a><\/strong> s\u00e5som oljor, viner, korv och mycket mer.<\/p>\n<p>Utforska v\u00e5r butik och ta med dig det b\u00e4sta av spansk gastronomi till ditt bord!<\/p>\n","protected":false},"excerpt":{"rendered":"<p>Ubago S\u00f6dra Makrillfil\u00e9er med olivolja - Traditionell kvalitet och smak<\/p>\n","protected":false},"featured_media":15144,"template":"","meta":{"_et_pb_use_builder":"","_et_pb_old_content":"","_et_gb_content_width":""},"product_brand":[],"product_cat":[1986,8041],"product_tag":[],"class_list":{"0":"post-19661","1":"product","2":"type-product","3":"status-publish","4":"has-post-thumbnail","6":"product_cat-konserver-sv","7":"product_cat-testkategori-sv","9":"first","10":"instock","11":"taxable","12":"shipping-taxable","13":"purchasable","14":"product-type-variable"},"_links":{"self":[{"href":"https:\/\/myspainfood.com\/sv\/wp-json\/wp\/v2\/product\/19661","targetHints":{"allow":["GET"]}}],"collection":[{"href":"https:\/\/myspainfood.com\/sv\/wp-json\/wp\/v2\/product"}],"about":[{"href":"https:\/\/myspainfood.com\/sv\/wp-json\/wp\/v2\/types\/product"}],"wp:featuredmedia":[{"embeddable":true,"href":"https:\/\/myspainfood.com\/sv\/wp-json\/wp\/v2\/media\/15144"}],"wp:attachment":[{"href":"https:\/\/myspainfood.com\/sv\/wp-json\/wp\/v2\/media?parent=19661"}],"wp:term":[{"taxonomy":"product_brand","embeddable":true,"href":"https:\/\/myspainfood.com\/sv\/wp-json\/wp\/v2\/product_brand?post=19661"},{"taxonomy":"product_cat","embeddable":true,"href":"https:\/\/myspainfood.com\/sv\/wp-json\/wp\/v2\/product_cat?post=19661"},{"taxonomy":"product_tag","embeddable":true,"href":"https:\/\/myspainfood.com\/sv\/wp-json\/wp\/v2\/product_tag?post=19661"}],"curies":[{"name":"wp","href":"https:\/\/api.w.org\/{rel}","templated":true}]}}