{"id":19777,"date":"2025-04-10T12:16:17","date_gmt":"2025-04-10T10:16:17","guid":{"rendered":"https:\/\/myspainfood.com\/producto\/rokt-norsk-lax-port-faroe-600-g\/"},"modified":"2026-01-30T14:32:49","modified_gmt":"2026-01-30T13:32:49","slug":"rokt-norsk-lax-port-faroe-600-g","status":"publish","type":"product","link":"https:\/\/myspainfood.com\/sv\/producto\/rokt-norsk-lax-port-faroe-600-g\/","title":{"rendered":"R\u00f6kt norsk lax - Port Faroe - 600 g"},"content":{"rendered":"<h3><strong>R\u00f6kt norsk lax - Port Faroe - 600 g<\/strong><\/h3>\n<p><strong>  Nu kan du njuta av f\u00e4rskheten och kvaliteten hos premiumlax.<\/strong><\/p>\n<p><strong>Smoked Norwegian Salmon - Port Faroe<\/strong> kombinerar tradition och smak, perfekt f\u00f6r gourmetrecept. Den kommer fr\u00e5n kristallklart vatten och har en mild och balanserad r\u00f6ksmak. <\/p>\n<h4><strong>Viktiga f\u00f6rdelar:<\/strong><\/h4>\n<ul>\n<li><strong>Certifierat ursprung<\/strong>: Rena och h\u00e5llbara vatten fr\u00e5n Norge och Port Faroe.<\/li>\n<li><strong>Rik p\u00e5 Omega-3<\/strong>: Perfekt f\u00f6r en h\u00e4lsosam och balanserad kost.<\/li>\n<li><strong>L\u00e4tt att anv\u00e4nda<\/strong>: Redo f\u00f6r sallader, sushi eller snacks.<\/li>\n<\/ul>\n<p><strong>\u00c4lskar du gourmetmat? Utforska \u00e4ven <a href=\"https:\/\/latiendadesami.com\/\" rel=\"noopener noreferrer nofollow\" target=\"_blank\">andra premiumprodukter i v\u00e5r butik<\/a>. <\/strong><\/p>\n","protected":false},"excerpt":{"rendered":"<p>R\u00f6kt norsk lax - Port Faroe - 600 g Nu kan du njuta av f\u00e4rskheten och kvaliteten hos premiumlax. Smoked Norwegian Salmon - Port Faroe kombinerar tradition och smak, perfekt f\u00f6r gourmetrecept. Den kommer fr\u00e5n kristallklart vatten och har en mild och balanserad r\u00f6ksmak. Viktiga f\u00f6rdelar: Certifierat ursprung: Rena och h\u00e5llbara vatten fr\u00e5n Norge och [&hellip;]<\/p>\n","protected":false},"featured_media":15495,"template":"","meta":{"_et_pb_use_builder":"","_et_pb_old_content":"","_et_gb_content_width":""},"product_brand":[],"product_cat":[8041],"product_tag":[],"class_list":{"0":"post-19777","1":"product","2":"type-product","3":"status-publish","4":"has-post-thumbnail","6":"product_cat-testkategori-sv","8":"first","9":"outofstock","10":"taxable","11":"shipping-taxable","12":"product-type-variable"},"_links":{"self":[{"href":"https:\/\/myspainfood.com\/sv\/wp-json\/wp\/v2\/product\/19777","targetHints":{"allow":["GET"]}}],"collection":[{"href":"https:\/\/myspainfood.com\/sv\/wp-json\/wp\/v2\/product"}],"about":[{"href":"https:\/\/myspainfood.com\/sv\/wp-json\/wp\/v2\/types\/product"}],"wp:featuredmedia":[{"embeddable":true,"href":"https:\/\/myspainfood.com\/sv\/wp-json\/wp\/v2\/media\/15495"}],"wp:attachment":[{"href":"https:\/\/myspainfood.com\/sv\/wp-json\/wp\/v2\/media?parent=19777"}],"wp:term":[{"taxonomy":"product_brand","embeddable":true,"href":"https:\/\/myspainfood.com\/sv\/wp-json\/wp\/v2\/product_brand?post=19777"},{"taxonomy":"product_cat","embeddable":true,"href":"https:\/\/myspainfood.com\/sv\/wp-json\/wp\/v2\/product_cat?post=19777"},{"taxonomy":"product_tag","embeddable":true,"href":"https:\/\/myspainfood.com\/sv\/wp-json\/wp\/v2\/product_tag?post=19777"}],"curies":[{"name":"wp","href":"https:\/\/api.w.org\/{rel}","templated":true}]}}