{"id":19877,"date":"2025-04-10T12:16:17","date_gmt":"2025-04-10T10:16:17","guid":{"rendered":"https:\/\/myspainfood.com\/producto\/san-isidro-halvhardad-ost-3-kg-ca\/"},"modified":"2026-01-30T14:34:23","modified_gmt":"2026-01-30T13:34:23","slug":"san-isidro-halvhardad-ost-3-kg-ca","status":"publish","type":"product","link":"https:\/\/myspainfood.com\/sv\/producto\/san-isidro-halvhardad-ost-3-kg-ca\/","title":{"rendered":"Halvtorkad ost San Isidro - 3 kg (ca)"},"content":{"rendered":"<h3><strong>San Isidro Halvf\u00e4rsk ost - 3 kg<\/strong><\/h3>\n<p><strong>San Isidro Semicured Cheese<\/strong> 3,4 kg \u00e4r det perfekta valet f\u00f6r \u00e4lskare av traditionell ost. Den har en balanserad mognad, en kr\u00e4mig konsistens och en mild smak med intensiva inslag som g\u00f6r den perfekt f\u00f6r alla tillf\u00e4llen. <\/p>\n<h4><strong>Huvudsakliga egenskaper:<\/strong><\/h4>\n<ul>\n<li><strong>Idealvikt<\/strong>: 3,4 kg, utformad f\u00f6r att delas eller avnjutas vid stora evenemang.<\/li>\n<li><strong>Hantverksm\u00e4ssig produktion<\/strong>: Respekt f\u00f6r lokala traditioner inom osttillverkning.<\/li>\n<li><strong>Unik smak<\/strong>: milda mj\u00f6lkiga toner med en mognadspunkt som s\u00e4rskiljer den.<\/li>\n<\/ul>\n<p>Servera med <a href=\"https:\/\/latiendadesami.com\/categoria-producto\/queso-embutido\/\" rel=\"noopener noreferrer nofollow\" target=\"_blank\">v\u00e5ra iberiska<\/a> charkuterier f\u00f6r en perfekt ostbricka.<\/p>\n","protected":false},"excerpt":{"rendered":"<p>San Isidro Halvf\u00e4rsk ost - 3 kg San Isidro Semicured Cheese 3,4 kg \u00e4r det perfekta valet f\u00f6r \u00e4lskare av traditionell ost. Den har en balanserad mognad, en kr\u00e4mig konsistens och en mild smak med intensiva inslag som g\u00f6r den perfekt f\u00f6r alla tillf\u00e4llen. Huvudsakliga egenskaper: Idealvikt: 3,4 kg, utformad f\u00f6r att delas eller avnjutas [&hellip;]<\/p>\n","protected":false},"featured_media":15522,"template":"","meta":{"_et_pb_use_builder":"","_et_pb_old_content":"","_et_gb_content_width":""},"product_brand":[],"product_cat":[5730,2254],"product_tag":[],"class_list":{"0":"post-19877","1":"product","2":"type-product","3":"status-publish","4":"has-post-thumbnail","6":"product_cat-hardning-sv","7":"product_cat-ost-och-korv","9":"first","10":"instock","11":"taxable","12":"shipping-taxable","13":"purchasable","14":"product-type-variable"},"_links":{"self":[{"href":"https:\/\/myspainfood.com\/sv\/wp-json\/wp\/v2\/product\/19877","targetHints":{"allow":["GET"]}}],"collection":[{"href":"https:\/\/myspainfood.com\/sv\/wp-json\/wp\/v2\/product"}],"about":[{"href":"https:\/\/myspainfood.com\/sv\/wp-json\/wp\/v2\/types\/product"}],"wp:featuredmedia":[{"embeddable":true,"href":"https:\/\/myspainfood.com\/sv\/wp-json\/wp\/v2\/media\/15522"}],"wp:attachment":[{"href":"https:\/\/myspainfood.com\/sv\/wp-json\/wp\/v2\/media?parent=19877"}],"wp:term":[{"taxonomy":"product_brand","embeddable":true,"href":"https:\/\/myspainfood.com\/sv\/wp-json\/wp\/v2\/product_brand?post=19877"},{"taxonomy":"product_cat","embeddable":true,"href":"https:\/\/myspainfood.com\/sv\/wp-json\/wp\/v2\/product_cat?post=19877"},{"taxonomy":"product_tag","embeddable":true,"href":"https:\/\/myspainfood.com\/sv\/wp-json\/wp\/v2\/product_tag?post=19877"}],"curies":[{"name":"wp","href":"https:\/\/api.w.org\/{rel}","templated":true}]}}