{"id":19983,"date":"2025-04-10T12:16:17","date_gmt":"2025-04-10T10:16:17","guid":{"rendered":"https:\/\/myspainfood.com\/producto\/ra-farmjolksost-flor-esgueva-1-kg\/"},"modified":"2026-01-30T14:35:29","modified_gmt":"2026-01-30T13:35:29","slug":"ra-farmjolksost-flor-esgueva-1-kg","status":"publish","type":"product","link":"https:\/\/myspainfood.com\/sv\/producto\/ra-farmjolksost-flor-esgueva-1-kg\/","title":{"rendered":"R\u00e5 f\u00e5rmj\u00f6lksost - Flor Esgueva - 1 kg"},"content":{"rendered":"<h3><strong>R\u00e5 f\u00e5rmj\u00f6lksost - Flor Esgueva - 1 kg<\/strong><\/h3>\n<p>Den <strong>r\u00e5a f\u00e5rmj\u00f6lksosten - Flor Esgueva<\/strong>, \u00e4r ett riktm\u00e4rke f\u00f6r spanska hantverksostar. Den \u00e4r gjord p\u00e5 r\u00e5mj\u00f6lk fr\u00e5n utvalda f\u00e5r och utm\u00e4rker sig genom sin fasta konsistens, intensiva arom och en smak som kombinerar mj\u00f6lkiga toner med en perfekt touch av mognad. <\/p>\n<h4><strong>Varf\u00f6r v\u00e4lja Flor Esgueva<\/strong><\/h4>\n<ul>\n<li><strong>R\u00e5 f\u00e5rmj\u00f6lk<\/strong>: \u00c4kta smak och naturliga egenskaper intakta.<\/li>\n<li><strong>Traditionell mognadslagring<\/strong>: F\u00f6rb\u00e4ttras i k\u00e4llare f\u00f6r en unik smakprofil.<\/li>\n<li>Perfekt <strong>storlek<\/strong>: Perfekt att dela med sig av eller njuta av i olika recept.<\/li>\n<\/ul>\n","protected":false},"excerpt":{"rendered":"<p>R\u00e5 f\u00e5rmj\u00f6lksost - Flor Esgueva - 1 kg Den r\u00e5a f\u00e5rmj\u00f6lksosten - Flor Esgueva, \u00e4r ett riktm\u00e4rke f\u00f6r spanska hantverksostar. Den \u00e4r gjord p\u00e5 r\u00e5mj\u00f6lk fr\u00e5n utvalda f\u00e5r och utm\u00e4rker sig genom sin fasta konsistens, intensiva arom och en smak som kombinerar mj\u00f6lkiga toner med en perfekt touch av mognad. Varf\u00f6r v\u00e4lja Flor Esgueva R\u00e5 [&hellip;]<\/p>\n","protected":false},"featured_media":15567,"template":"","meta":{"_et_pb_use_builder":"","_et_pb_old_content":"","_et_gb_content_width":""},"product_brand":[],"product_cat":[2254],"product_tag":[],"class_list":{"0":"post-19983","1":"product","2":"type-product","3":"status-publish","4":"has-post-thumbnail","6":"product_cat-ost-och-korv","8":"first","9":"outofstock","10":"taxable","11":"shipping-taxable","12":"product-type-variable"},"_links":{"self":[{"href":"https:\/\/myspainfood.com\/sv\/wp-json\/wp\/v2\/product\/19983","targetHints":{"allow":["GET"]}}],"collection":[{"href":"https:\/\/myspainfood.com\/sv\/wp-json\/wp\/v2\/product"}],"about":[{"href":"https:\/\/myspainfood.com\/sv\/wp-json\/wp\/v2\/types\/product"}],"wp:featuredmedia":[{"embeddable":true,"href":"https:\/\/myspainfood.com\/sv\/wp-json\/wp\/v2\/media\/15567"}],"wp:attachment":[{"href":"https:\/\/myspainfood.com\/sv\/wp-json\/wp\/v2\/media?parent=19983"}],"wp:term":[{"taxonomy":"product_brand","embeddable":true,"href":"https:\/\/myspainfood.com\/sv\/wp-json\/wp\/v2\/product_brand?post=19983"},{"taxonomy":"product_cat","embeddable":true,"href":"https:\/\/myspainfood.com\/sv\/wp-json\/wp\/v2\/product_cat?post=19983"},{"taxonomy":"product_tag","embeddable":true,"href":"https:\/\/myspainfood.com\/sv\/wp-json\/wp\/v2\/product_tag?post=19983"}],"curies":[{"name":"wp","href":"https:\/\/api.w.org\/{rel}","templated":true}]}}