{"id":20073,"date":"2025-04-10T12:16:18","date_gmt":"2025-04-10T10:16:18","guid":{"rendered":"https:\/\/myspainfood.com\/producto\/sardiner-i-solrosolja-rias-baixas-855-g\/"},"modified":"2026-01-30T14:36:29","modified_gmt":"2026-01-30T13:36:29","slug":"sardiner-i-solrosolja-rias-baixas-855-g","status":"publish","type":"product","link":"https:\/\/myspainfood.com\/sv\/producto\/sardiner-i-solrosolja-rias-baixas-855-g\/","title":{"rendered":"Sardiner i solrosolja - Rias Baixas - 855 g"},"content":{"rendered":"<h3><strong>Sardiner i solrosolja - R\u00edas Baixas - 855 g<\/strong><\/h3>\n<p><strong>Sardiner i solrosolja fr\u00e5n R\u00edas Baixas<\/strong> \u00e4r noggrant utvalda och f\u00f6rpackade f\u00f6r att bevara sin f\u00e4rskhet och naturliga smak, s\u00e5 att du kan njuta av all deras smak. De \u00e4r idealiska f\u00f6r sallader, aptitretare eller traditionella recept och utm\u00e4rker sig f\u00f6r sin mjuka konsistens och uts\u00f6kta smak i munnen. <\/p>\n<p>Tveka inte och unna dig de b\u00e4sta sardinerna. Uppt\u00e4ck v\u00e5rt urval av <a href=\"https:\/\/latiendadesami.com\/categoria-producto\/conservas\/\" target=\"_blank\" rel=\"noopener noreferrer nofollow\"><b>konserverad mat<\/b> <\/a>  <\/p>\n<h4><strong>Varf\u00f6r v\u00e4lja dem<\/strong><\/h4>\n<ul>\n<li><strong>Garanterat ursprung!<\/strong>  F\u00e5ngad i det rena och rika vattnet i Atlanten, i R\u00edas Baixas i Galicien.<\/li>\n<li><strong>Premium solrosolja, som ger<\/strong>mjukhet och balans i smaken.<\/li>\n<li><strong>Format<\/strong>: 855 g burk, perfekt f\u00f6r familjer eller speciella evenemang.<\/li>\n<\/ul>\n","protected":false},"excerpt":{"rendered":"<p>Sardiner i solrosolja - R\u00edas Baixas - 855 g Sardiner i solrosolja fr\u00e5n R\u00edas Baixas \u00e4r noggrant utvalda och f\u00f6rpackade f\u00f6r att bevara sin f\u00e4rskhet och naturliga smak, s\u00e5 att du kan njuta av all deras smak. De \u00e4r idealiska f\u00f6r sallader, aptitretare eller traditionella recept och utm\u00e4rker sig f\u00f6r sin mjuka konsistens och uts\u00f6kta [&hellip;]<\/p>\n","protected":false},"featured_media":15549,"template":"","meta":{"_et_pb_use_builder":"","_et_pb_old_content":"","_et_gb_content_width":""},"product_brand":[],"product_cat":[1986],"product_tag":[],"class_list":{"0":"post-20073","1":"product","2":"type-product","3":"status-publish","4":"has-post-thumbnail","6":"product_cat-konserver-sv","8":"first","9":"outofstock","10":"taxable","11":"shipping-taxable","12":"product-type-variable"},"_links":{"self":[{"href":"https:\/\/myspainfood.com\/sv\/wp-json\/wp\/v2\/product\/20073","targetHints":{"allow":["GET"]}}],"collection":[{"href":"https:\/\/myspainfood.com\/sv\/wp-json\/wp\/v2\/product"}],"about":[{"href":"https:\/\/myspainfood.com\/sv\/wp-json\/wp\/v2\/types\/product"}],"wp:featuredmedia":[{"embeddable":true,"href":"https:\/\/myspainfood.com\/sv\/wp-json\/wp\/v2\/media\/15549"}],"wp:attachment":[{"href":"https:\/\/myspainfood.com\/sv\/wp-json\/wp\/v2\/media?parent=20073"}],"wp:term":[{"taxonomy":"product_brand","embeddable":true,"href":"https:\/\/myspainfood.com\/sv\/wp-json\/wp\/v2\/product_brand?post=20073"},{"taxonomy":"product_cat","embeddable":true,"href":"https:\/\/myspainfood.com\/sv\/wp-json\/wp\/v2\/product_cat?post=20073"},{"taxonomy":"product_tag","embeddable":true,"href":"https:\/\/myspainfood.com\/sv\/wp-json\/wp\/v2\/product_tag?post=20073"}],"curies":[{"name":"wp","href":"https:\/\/api.w.org\/{rel}","templated":true}]}}