{"id":20241,"date":"2025-04-10T12:10:56","date_gmt":"2025-04-10T10:10:56","guid":{"rendered":"https:\/\/myspainfood.com\/producto\/olive-sabrosita-aguedo-2-kg-nettovikt\/"},"modified":"2025-04-10T12:10:56","modified_gmt":"2025-04-10T10:10:56","slug":"olive-sabrosita-aguedo-2-kg-nettovikt","status":"publish","type":"product","link":"https:\/\/myspainfood.com\/sv\/producto\/olive-sabrosita-aguedo-2-kg-nettovikt\/","title":{"rendered":"Olive Sabrosita Aguedo 2 kg nettovikt"},"content":{"rendered":"<p>P\u00e5 ACEITUNAS AGUEDO garanterar vi att v\u00e5ra produkter \u00e4r av h\u00f6gsta kvalitet genom att kombinera tradition och ny teknik. Vi erbjuder den professionalism som k\u00e4nnetecknar ett familjef\u00f6retag i st\u00e4ndig tillv\u00e4xt, d\u00e4r v\u00e5ra kunders tillfredsst\u00e4llelse \u00e4r v\u00e5rt enda m\u00e5l. <\/p>\n<p>Vi \u00f6vervakar alla produktionsprocesser fr\u00e5n b\u00f6rjan till slut, det \u00e4r det enda s\u00e4ttet att uppn\u00e5 MAXIMALA produkter.<\/p>\n","protected":false},"excerpt":{"rendered":"<p>P\u00e5 ACEITUNAS AGUEDO garanterar vi att v\u00e5ra produkter \u00e4r av h\u00f6gsta kvalitet genom att kombinera tradition och ny teknik. Vi erbjuder den professionalism som k\u00e4nnetecknar ett familjef\u00f6retag i st\u00e4ndig tillv\u00e4xt, d\u00e4r v\u00e5ra kunders tillfredsst\u00e4llelse \u00e4r v\u00e5rt enda m\u00e5l. Vi \u00f6vervakar alla produktionsprocesser fr\u00e5n b\u00f6rjan till slut, det \u00e4r det enda s\u00e4ttet att uppn\u00e5 MAXIMALA produkter.<\/p>\n","protected":false},"featured_media":13308,"template":"","meta":{"_et_pb_use_builder":"","_et_pb_old_content":"","_et_gb_content_width":""},"product_brand":[1397],"product_cat":[1585,1586],"product_tag":[2053],"class_list":{"0":"post-20241","1":"product","2":"type-product","3":"status-publish","4":"has-post-thumbnail","6":"product_brand-aguedo","7":"product_cat-inlagda-gronsaker","8":"product_cat-oliver","9":"product_tag-kamomill","11":"first","12":"outofstock","13":"taxable","14":"shipping-taxable","15":"purchasable","16":"product-type-simple"},"_links":{"self":[{"href":"https:\/\/myspainfood.com\/sv\/wp-json\/wp\/v2\/product\/20241","targetHints":{"allow":["GET"]}}],"collection":[{"href":"https:\/\/myspainfood.com\/sv\/wp-json\/wp\/v2\/product"}],"about":[{"href":"https:\/\/myspainfood.com\/sv\/wp-json\/wp\/v2\/types\/product"}],"wp:featuredmedia":[{"embeddable":true,"href":"https:\/\/myspainfood.com\/sv\/wp-json\/wp\/v2\/media\/13308"}],"wp:attachment":[{"href":"https:\/\/myspainfood.com\/sv\/wp-json\/wp\/v2\/media?parent=20241"}],"wp:term":[{"taxonomy":"product_brand","embeddable":true,"href":"https:\/\/myspainfood.com\/sv\/wp-json\/wp\/v2\/product_brand?post=20241"},{"taxonomy":"product_cat","embeddable":true,"href":"https:\/\/myspainfood.com\/sv\/wp-json\/wp\/v2\/product_cat?post=20241"},{"taxonomy":"product_tag","embeddable":true,"href":"https:\/\/myspainfood.com\/sv\/wp-json\/wp\/v2\/product_tag?post=20241"}],"curies":[{"name":"wp","href":"https:\/\/api.w.org\/{rel}","templated":true}]}}