{"id":20591,"date":"2025-04-10T12:11:04","date_gmt":"2025-04-10T10:11:04","guid":{"rendered":"https:\/\/myspainfood.com\/producto\/flaskkarre-av-iberisk-ras-fili-500-gram-ca\/"},"modified":"2025-06-24T13:17:22","modified_gmt":"2025-06-24T11:17:22","slug":"flaskkarre-av-iberisk-ras-fili-500-gram-ca","status":"publish","type":"product","link":"https:\/\/myspainfood.com\/sv\/producto\/flaskkarre-av-iberisk-ras-fili-500-gram-ca\/","title":{"rendered":"Fl\u00e4skkarr\u00e9 av iberisk ras FILI 500 gram ca."},"content":{"rendered":"<p>Traditionell produkt av h\u00f6gsta kvalitet gjord p\u00e5 ett urval av det b\u00e4sta iberiska magra k\u00f6ttet, tillagat med naturliga kryddor.<\/p>\n","protected":false},"excerpt":{"rendered":"<p>Traditionell produkt av h\u00f6gsta kvalitet gjord p\u00e5 ett urval av det b\u00e4sta iberiska magra k\u00f6ttet, tillagat med naturliga kryddor.<\/p>\n","protected":false},"featured_media":13434,"template":"","meta":{"_et_pb_use_builder":"","_et_pb_old_content":"","_et_gb_content_width":""},"product_brand":[],"product_cat":[1804,2255,2254],"product_tag":[],"class_list":{"0":"post-20591","1":"product","2":"type-product","3":"status-publish","4":"has-post-thumbnail","6":"product_cat-kall","7":"product_cat-korv","8":"product_cat-ost-och-korv","9":"product_shipping_class-kall-sandning","11":"first","12":"outofstock","13":"taxable","14":"shipping-taxable","15":"purchasable","16":"product-type-simple"},"_links":{"self":[{"href":"https:\/\/myspainfood.com\/sv\/wp-json\/wp\/v2\/product\/20591","targetHints":{"allow":["GET"]}}],"collection":[{"href":"https:\/\/myspainfood.com\/sv\/wp-json\/wp\/v2\/product"}],"about":[{"href":"https:\/\/myspainfood.com\/sv\/wp-json\/wp\/v2\/types\/product"}],"wp:featuredmedia":[{"embeddable":true,"href":"https:\/\/myspainfood.com\/sv\/wp-json\/wp\/v2\/media\/13434"}],"wp:attachment":[{"href":"https:\/\/myspainfood.com\/sv\/wp-json\/wp\/v2\/media?parent=20591"}],"wp:term":[{"taxonomy":"product_brand","embeddable":true,"href":"https:\/\/myspainfood.com\/sv\/wp-json\/wp\/v2\/product_brand?post=20591"},{"taxonomy":"product_cat","embeddable":true,"href":"https:\/\/myspainfood.com\/sv\/wp-json\/wp\/v2\/product_cat?post=20591"},{"taxonomy":"product_tag","embeddable":true,"href":"https:\/\/myspainfood.com\/sv\/wp-json\/wp\/v2\/product_tag?post=20591"}],"curies":[{"name":"wp","href":"https:\/\/api.w.org\/{rel}","templated":true}]}}