{"id":20873,"date":"2025-04-10T12:11:07","date_gmt":"2025-04-10T10:11:07","guid":{"rendered":"https:\/\/myspainfood.com\/producto\/makrillfileer-i-olivolja-oti-125gr-2\/"},"modified":"2025-08-12T10:47:30","modified_gmt":"2025-08-12T08:47:30","slug":"makrillfileer-i-olivolja-oti-125gr-2","status":"publish","type":"product","link":"https:\/\/myspainfood.com\/sv\/producto\/makrillfileer-i-olivolja-oti-125gr-2\/","title":{"rendered":"Makrillfil\u00e9er i olivolja Oti 125gr"},"content":{"rendered":"<p>Oti Tonfisk Makrill 125gr \u00e4r en naturlig produkt som framst\u00e4lls p\u00e5 ett <a href=\"http:\/\/www.conservasoti.es\/paginas\/historia.html\" target=\"_blank\" rel=\"noopener noreferrer nofollow\">hantverksm\u00e4ssigt<\/a> s\u00e4tt.<\/p>\n<p>Ingredienser: Magfil\u00e9er av gulfenad tonfisk (65%), olivolja (34%) och salt.<\/p>\n<p>Conservas Oti \u00e4r ett f\u00f6retag med en familjetradition vars goda arbete har f\u00f6rts vidare fr\u00e5n generation till generation.<\/p>\n<p>Familjens h\u00e5rda arbete och insatser har till stor del gjort det m\u00f6jligt f\u00f6r <span class=\"negrita\">Conservas Oti<\/span> att v\u00e4xa och expandera.<\/p>\n<p>De huvudsakliga aff\u00e4rsomr\u00e5dena \u00e4r From the Sea, From the Land och From the Farm.<\/p>\n<p>Fr\u00e5n havet: Musslor, Ventresca, Sardinillas, Melva&#8230; Oti Tonfisk Makrill 125gr<\/p>\n<p>Lokala produkter inkluderar: mj\u00f6lkiga kik\u00e4rter, vita kidneyb\u00f6nor, pintob\u00f6nor, pardinalinser&#8230;<\/p>\n<p>Fr\u00e5n g\u00e5rden: Ren f\u00e5rost, Ib\u00e9rico skinka fr\u00e5n ekollon, Ib\u00e9rico Salchich\u00f3n fr\u00e5n ekollon, Ib\u00e9rico Chorizo fr\u00e5n ekollon,&#8230;<\/p>\n<h4>De viktigaste f\u00f6rdelarna med konserverad mat<\/h4>\n<ol>\n<li>De bevarar alla n\u00e4ringsegenskaper hos sj\u00e4lva livsmedlet. Maten beh\u00e5ller sin f\u00e4rskhet. <\/li>\n<li>De livsmedel som anv\u00e4nds \u00e4r h\u00e4lsosamma och d\u00e4rf\u00f6r l\u00e4mpliga f\u00f6r en optimal kost p\u00e5 grund av deras h\u00f6ga vitamin- och proteininneh\u00e5ll.<\/li>\n<li>Dessa produkter har en l\u00e4ngre livsl\u00e4ngd (2-5 \u00e5r \u00e4r typiskt).<\/li>\n<li>Konserverna \u00e4r mycket l\u00e4tta att f\u00f6rvara eftersom f\u00f6rpackningarna \u00e4r l\u00e4tta att applicera.<\/li>\n<\/ol>\n<p>Om du vill k\u00f6pa tonfisk eller n\u00e5gon annan typ av <a href=\"https:\/\/latiendadesami.com\/categoria-producto\/conservas\/\" rel=\"noopener noreferrer nofollow\" target=\"_blank\">konserverad mat<\/a>, tveka inte att ta en titt p\u00e5 v\u00e5r onlinekatalog f\u00f6r att se det stora utbudet av <a href=\"https:\/\/latiendadesami.com\/categoria-producto\/conservas\/atun-y-bonito\/\" target=\"_blank\" rel=\"noopener noreferrer nofollow\">tonfisk<\/a> vi har.<\/p>\n<p>Skriv till oss om du vill ha mer information.<\/p>\n","protected":false},"excerpt":{"rendered":"<p>Oti Tonfisk Makrill 125gr \u00e4r en naturlig produkt som framst\u00e4lls p\u00e5 ett hantverksm\u00e4ssigt s\u00e4tt. Ingredienser: Magfil\u00e9er av gulfenad tonfisk (65%), olivolja (34%) och salt. Conservas Oti \u00e4r ett f\u00f6retag med en familjetradition vars goda arbete har f\u00f6rts vidare fr\u00e5n generation till generation. Familjens h\u00e5rda arbete och insatser har till stor del gjort det m\u00f6jligt f\u00f6r [&hellip;]<\/p>\n","protected":false},"featured_media":13542,"template":"","meta":{"_et_pb_use_builder":"","_et_pb_old_content":"","_et_gb_content_width":""},"product_brand":[1075],"product_cat":[1986,3326,3325],"product_tag":[],"class_list":{"0":"post-20873","1":"product","2":"type-product","3":"status-publish","4":"has-post-thumbnail","6":"product_brand-oti","7":"product_cat-konserver-sv","8":"product_cat-makrill","9":"product_cat-ventresca-sv","11":"first","12":"instock","13":"taxable","14":"shipping-taxable","15":"purchasable","16":"product-type-variable"},"_links":{"self":[{"href":"https:\/\/myspainfood.com\/sv\/wp-json\/wp\/v2\/product\/20873","targetHints":{"allow":["GET"]}}],"collection":[{"href":"https:\/\/myspainfood.com\/sv\/wp-json\/wp\/v2\/product"}],"about":[{"href":"https:\/\/myspainfood.com\/sv\/wp-json\/wp\/v2\/types\/product"}],"wp:featuredmedia":[{"embeddable":true,"href":"https:\/\/myspainfood.com\/sv\/wp-json\/wp\/v2\/media\/13542"}],"wp:attachment":[{"href":"https:\/\/myspainfood.com\/sv\/wp-json\/wp\/v2\/media?parent=20873"}],"wp:term":[{"taxonomy":"product_brand","embeddable":true,"href":"https:\/\/myspainfood.com\/sv\/wp-json\/wp\/v2\/product_brand?post=20873"},{"taxonomy":"product_cat","embeddable":true,"href":"https:\/\/myspainfood.com\/sv\/wp-json\/wp\/v2\/product_cat?post=20873"},{"taxonomy":"product_tag","embeddable":true,"href":"https:\/\/myspainfood.com\/sv\/wp-json\/wp\/v2\/product_tag?post=20873"}],"curies":[{"name":"wp","href":"https:\/\/api.w.org\/{rel}","templated":true}]}}