{"id":21071,"date":"2025-04-10T12:10:26","date_gmt":"2025-04-10T10:10:26","guid":{"rendered":"https:\/\/myspainfood.com\/producto\/bocaditos-bacalao-salados\/"},"modified":"2025-06-24T13:14:59","modified_gmt":"2025-06-24T11:14:59","slug":"bocaditos-bacalao-salados","status":"publish","type":"product","link":"https:\/\/myspainfood.com\/sv\/producto\/bocaditos-bacalao-salados\/","title":{"rendered":"Bocaditos Bacalao Salados"},"content":{"rendered":"<p style=\"text-align: left\">&#8221;Torsk \u00e4r det gemensamma namnet f\u00f6r flera fiskarter av sl\u00e4ktet Gadus, \u00e4ven om vissa arter av samma sl\u00e4kte kan ha andra namn. Den vanligaste arten \u00e4r atlanttorsken<strong>(Gadus morhua<\/strong> eller vanlig torsk). Det \u00e4r en av de mest k\u00e4nda fiskarna i v\u00e4rlden och den \u00e4r uppskattad f\u00f6r sin goda smak.  <\/p>\n<h6 style=\"text-align: left\"><u>N\u00c4RINGSV\u00c4RDE<\/u><\/h6>\n<p>Ur n\u00e4ringssynpunkt \u00e4r torsk ett livsmedel som \u00e4r rikt p\u00e5 proteiner med h\u00f6gt biologiskt v\u00e4rde och sm\u00e4ltbarhet, med l\u00e5gt fett- och kaloriinneh\u00e5ll. Vattenhalten \u00e4r cirka 80% (i f\u00e4rsk torsk) och den \u00e4r en bra k\u00e4lla till vitaminer (fr\u00e4mst grupp B) och mineralsalter som \u00e4r viktiga f\u00f6r kroppen. F\u00e4rsk eller avsaltad torsk kan konsumeras av personer med h\u00f6gt blodtryck eftersom den har l\u00e5g natriumhalt och \u00e4r rik p\u00e5 kalium.  <\/p>\n","protected":false},"excerpt":{"rendered":"<p>&#8221;Torsk \u00e4r det gemensamma namnet f\u00f6r flera fiskarter av sl\u00e4ktet Gadus, \u00e4ven om vissa arter av samma sl\u00e4kte kan ha andra namn. Den vanligaste arten \u00e4r atlanttorsken(Gadus morhua eller vanlig torsk). Det \u00e4r en av de mest k\u00e4nda fiskarna i v\u00e4rlden och den \u00e4r uppskattad f\u00f6r sin goda smak. N\u00c4RINGSV\u00c4RDE Ur n\u00e4ringssynpunkt \u00e4r torsk ett [&hellip;]<\/p>\n","protected":false},"featured_media":12786,"template":"","meta":{"_et_pb_use_builder":"","_et_pb_old_content":"","_et_gb_content_width":""},"product_brand":[1290],"product_cat":[1804,3543],"product_tag":[],"class_list":{"0":"post-21071","1":"product","2":"type-product","3":"status-publish","4":"has-post-thumbnail","6":"product_brand-la-barajilla","7":"product_cat-kall","8":"product_cat-torsk-sv","9":"product_shipping_class-kall-sandning","11":"first","12":"outofstock","13":"taxable","14":"shipping-taxable","15":"purchasable","16":"product-type-simple"},"_links":{"self":[{"href":"https:\/\/myspainfood.com\/sv\/wp-json\/wp\/v2\/product\/21071","targetHints":{"allow":["GET"]}}],"collection":[{"href":"https:\/\/myspainfood.com\/sv\/wp-json\/wp\/v2\/product"}],"about":[{"href":"https:\/\/myspainfood.com\/sv\/wp-json\/wp\/v2\/types\/product"}],"wp:featuredmedia":[{"embeddable":true,"href":"https:\/\/myspainfood.com\/sv\/wp-json\/wp\/v2\/media\/12786"}],"wp:attachment":[{"href":"https:\/\/myspainfood.com\/sv\/wp-json\/wp\/v2\/media?parent=21071"}],"wp:term":[{"taxonomy":"product_brand","embeddable":true,"href":"https:\/\/myspainfood.com\/sv\/wp-json\/wp\/v2\/product_brand?post=21071"},{"taxonomy":"product_cat","embeddable":true,"href":"https:\/\/myspainfood.com\/sv\/wp-json\/wp\/v2\/product_cat?post=21071"},{"taxonomy":"product_tag","embeddable":true,"href":"https:\/\/myspainfood.com\/sv\/wp-json\/wp\/v2\/product_tag?post=21071"}],"curies":[{"name":"wp","href":"https:\/\/api.w.org\/{rel}","templated":true}]}}