{"id":21298,"date":"2025-04-10T12:10:23","date_gmt":"2025-04-10T10:10:23","guid":{"rendered":"https:\/\/myspainfood.com\/producto\/piquillo-peppar-sallad-15-kg\/"},"modified":"2025-09-02T10:46:59","modified_gmt":"2025-09-02T08:46:59","slug":"piquillo-peppar-sallad-15-kg","status":"publish","type":"product","link":"https:\/\/myspainfood.com\/sv\/producto\/piquillo-peppar-sallad-15-kg\/","title":{"rendered":"Piquillo-peppar sallad 1,5 kg"},"content":{"rendered":"<p><a href=\"https:\/\/www.alsurvegetales.com\/producto\/id\/35\/pimiento-del-piquillo\" target=\"_blank\" rel=\"noopener noreferrer nofollow\">Alsurs<\/a> piquillopaprikasallad \u00e4r gjord p\u00e5 en s\u00f6t konserverad paprika.<\/p>\n<p>Pepparn \u00e4r k\u00e4nd f\u00f6r sin h\u00f6ga kvalitet och sin mycket speciella smak med en antydan till kryddighet.<\/p>\n<p>De k\u00e4nnetecknas ocks\u00e5 av sin intensiva r\u00f6da f\u00e4rg, sin unika textur, sin storlek och sin speciella l\u00e5ngstr\u00e4ckta triangul\u00e4ra form.<\/p>\n<p>Ingredienser: Piquillo-peppar, l\u00f6k, vatten, socker, salt, vin\u00e4ger och citronsyra.<\/p>\n<p>Krukan har en nettovikt p\u00e5 410 gram.<\/p>\n<p>F\u00f6rvara p\u00e5 en sval och torr plats. Efter \u00f6ppnandet, \u00f6verf\u00f6r till en icke-metallisk beh\u00e5llare, kyl och konsumera inom 7 dagar. <\/p>\n<p>Alsur \u00e4r ett familjef\u00f6retag d\u00e4r matens innersta v\u00e4sen \u00e4r huvudpersonen.<\/p>\n<h4>De viktigaste f\u00f6rdelarna med konserverad mat<\/h4>\n<ol>\n<li>De bevarar alla n\u00e4ringsegenskaper hos sj\u00e4lva livsmedlet. Maten beh\u00e5ller sin f\u00e4rskhet. <\/li>\n<li>De livsmedel som anv\u00e4nds \u00e4r h\u00e4lsosamma och d\u00e4rf\u00f6r l\u00e4mpliga f\u00f6r en optimal kost p\u00e5 grund av deras h\u00f6ga vitamin- och proteininneh\u00e5ll.<\/li>\n<li>Dessa produkter har en l\u00e4ngre livsl\u00e4ngd (2-5 \u00e5r \u00e4r typiskt).<\/li>\n<li>Konserverna \u00e4r mycket l\u00e4tta att f\u00f6rvara eftersom f\u00f6rpackningarna \u00e4r l\u00e4tta att applicera.<\/li>\n<\/ol>\n<p>Om du vill k\u00f6pa Pepparsallad med tonfisk eller n\u00e5gon annan typ av <a href=\"https:\/\/latiendadesami.com\/categoria-producto\/conservas\/\" rel=\"noopener noreferrer nofollow\" target=\"_blank\">konserver<\/a>, tveka inte att ta en titt p\u00e5 v\u00e5r onlinekatalog f\u00f6r att se det stora utbudet av <a href=\"https:\/\/latiendadesami.com\/categoria-producto\/conservas\/atun-y-bonito\/\" target=\"_blank\" rel=\"noopener noreferrer nofollow\">tonfisk<\/a> som vi har.<\/p>\n<p>Skriv till oss om du vill ha mer information.<\/p>\n","protected":false},"excerpt":{"rendered":"<p>Alsurs piquillopaprikasallad \u00e4r gjord p\u00e5 en s\u00f6t konserverad paprika. Pepparn \u00e4r k\u00e4nd f\u00f6r sin h\u00f6ga kvalitet och sin mycket speciella smak med en antydan till kryddighet. De k\u00e4nnetecknas ocks\u00e5 av sin intensiva r\u00f6da f\u00e4rg, sin unika textur, sin storlek och sin speciella l\u00e5ngstr\u00e4ckta triangul\u00e4ra form. Ingredienser: Piquillo-peppar, l\u00f6k, vatten, socker, salt, vin\u00e4ger och citronsyra. Krukan [&hellip;]<\/p>\n","protected":false},"featured_media":12723,"template":"","meta":{"_et_pb_use_builder":"","_et_pb_old_content":"","_et_gb_content_width":""},"product_brand":[1196],"product_cat":[3715,1986,2315],"product_tag":[],"class_list":{"0":"post-21298","1":"product","2":"type-product","3":"status-publish","4":"has-post-thumbnail","6":"product_brand-alsur","7":"product_cat-gronsaker","8":"product_cat-konserver-sv","9":"product_cat-paprika","11":"first","12":"outofstock","13":"taxable","14":"shipping-taxable","15":"purchasable","16":"product-type-simple"},"_links":{"self":[{"href":"https:\/\/myspainfood.com\/sv\/wp-json\/wp\/v2\/product\/21298","targetHints":{"allow":["GET"]}}],"collection":[{"href":"https:\/\/myspainfood.com\/sv\/wp-json\/wp\/v2\/product"}],"about":[{"href":"https:\/\/myspainfood.com\/sv\/wp-json\/wp\/v2\/types\/product"}],"wp:featuredmedia":[{"embeddable":true,"href":"https:\/\/myspainfood.com\/sv\/wp-json\/wp\/v2\/media\/12723"}],"wp:attachment":[{"href":"https:\/\/myspainfood.com\/sv\/wp-json\/wp\/v2\/media?parent=21298"}],"wp:term":[{"taxonomy":"product_brand","embeddable":true,"href":"https:\/\/myspainfood.com\/sv\/wp-json\/wp\/v2\/product_brand?post=21298"},{"taxonomy":"product_cat","embeddable":true,"href":"https:\/\/myspainfood.com\/sv\/wp-json\/wp\/v2\/product_cat?post=21298"},{"taxonomy":"product_tag","embeddable":true,"href":"https:\/\/myspainfood.com\/sv\/wp-json\/wp\/v2\/product_tag?post=21298"}],"curies":[{"name":"wp","href":"https:\/\/api.w.org\/{rel}","templated":true}]}}