{"id":21471,"date":"2025-04-10T12:10:29","date_gmt":"2025-04-10T10:10:29","guid":{"rendered":"https:\/\/myspainfood.com\/producto\/bitar-av-magsack-av-tonfisk-areoso-120gr-250-enheter\/"},"modified":"2025-04-10T12:10:29","modified_gmt":"2025-04-10T10:10:29","slug":"bitar-av-magsack-av-tonfisk-areoso-120gr-250-enheter","status":"publish","type":"product","link":"https:\/\/myspainfood.com\/sv\/producto\/bitar-av-magsack-av-tonfisk-areoso-120gr-250-enheter\/","title":{"rendered":"Bitar av mags\u00e4ck av tonfisk Areoso 120gr 250 enheter"},"content":{"rendered":"<p>Specifikationer: Mags\u00e4ck av gulfenad tonfisk (Thunnus albacares) i solrosolja.<\/p>\n<p>Ingredienser: Gulfenad tonfisk 65,2%, solrosolja 34,8%, salt, salt.<\/p>\n<p>Produktionsprocess: Den gulfenade tonfiskens bukdel \u00e4r en av de mest uppskattade f\u00f6r sin goda smak och mjuka konsistens. Bitarna av den bukiga tonfisken anl\u00e4nder till fabriken f\u00f6r att hanteras p\u00e5 ett helt traditionellt s\u00e4tt. Efter tillagningen reng\u00f6rs de och separeras manuellt i tunna, j\u00e4mnstora skivor. De f\u00f6rpackas i burkar och olivolja tills\u00e4tts som t\u00e4ckv\u00e4tska, vilket utan tvekan kommer att f\u00f6rst\u00e4rka den fulla smaken hos denna mycket uppskattade produkt. D\u00e4refter f\u00f6rsluts och steriliseras burkarna, en rigor\u00f6st kontrollerad process som garanterar produktens kvalitet och h\u00e5llbarhet i \u00e5ratal utan tillsats av konstgjorda konserveringsmedel.    <\/p>\n<p>Skriv till oss om du vill ha mer information.<\/p>\n","protected":false},"excerpt":{"rendered":"<p>Specifikationer: Mags\u00e4ck av gulfenad tonfisk (Thunnus albacares) i solrosolja. Ingredienser: Gulfenad tonfisk 65,2%, solrosolja 34,8%, salt, salt. Produktionsprocess: Den gulfenade tonfiskens bukdel \u00e4r en av de mest uppskattade f\u00f6r sin goda smak och mjuka konsistens. Bitarna av den bukiga tonfisken anl\u00e4nder till fabriken f\u00f6r att hanteras p\u00e5 ett helt traditionellt s\u00e4tt. Efter tillagningen reng\u00f6rs de [&hellip;]<\/p>\n","protected":false},"featured_media":12849,"template":"","meta":{"_et_pb_use_builder":"","_et_pb_old_content":"","_et_gb_content_width":""},"product_brand":[1358],"product_cat":[3257,2831],"product_tag":[],"class_list":{"0":"post-21471","1":"product","2":"type-product","3":"status-publish","4":"has-post-thumbnail","6":"product_brand-areoso","7":"product_cat-konserver-sv-3","8":"product_cat-partihandel","10":"first","11":"outofstock","12":"taxable","13":"shipping-taxable","14":"product-type-variable"},"_links":{"self":[{"href":"https:\/\/myspainfood.com\/sv\/wp-json\/wp\/v2\/product\/21471","targetHints":{"allow":["GET"]}}],"collection":[{"href":"https:\/\/myspainfood.com\/sv\/wp-json\/wp\/v2\/product"}],"about":[{"href":"https:\/\/myspainfood.com\/sv\/wp-json\/wp\/v2\/types\/product"}],"wp:featuredmedia":[{"embeddable":true,"href":"https:\/\/myspainfood.com\/sv\/wp-json\/wp\/v2\/media\/12849"}],"wp:attachment":[{"href":"https:\/\/myspainfood.com\/sv\/wp-json\/wp\/v2\/media?parent=21471"}],"wp:term":[{"taxonomy":"product_brand","embeddable":true,"href":"https:\/\/myspainfood.com\/sv\/wp-json\/wp\/v2\/product_brand?post=21471"},{"taxonomy":"product_cat","embeddable":true,"href":"https:\/\/myspainfood.com\/sv\/wp-json\/wp\/v2\/product_cat?post=21471"},{"taxonomy":"product_tag","embeddable":true,"href":"https:\/\/myspainfood.com\/sv\/wp-json\/wp\/v2\/product_tag?post=21471"}],"curies":[{"name":"wp","href":"https:\/\/api.w.org\/{rel}","templated":true}]}}