{"id":21546,"date":"2025-04-10T12:10:34","date_gmt":"2025-04-10T10:10:34","guid":{"rendered":"https:\/\/myspainfood.com\/producto\/iberisk-chorizo-extra-fili-500-gram-salamanca\/"},"modified":"2026-01-29T11:14:50","modified_gmt":"2026-01-29T10:14:50","slug":"iberisk-chorizo-extra-fili-500-gram-salamanca","status":"publish","type":"product","link":"https:\/\/myspainfood.com\/sv\/producto\/iberisk-chorizo-extra-fili-500-gram-salamanca\/","title":{"rendered":"Iberisk Chorizo Extra Fili 500 gram Salamanca"},"content":{"rendered":"<p>Traditionell produkt av h\u00f6gsta kvalitet gjord p\u00e5 ett urval av det b\u00e4sta iberiska magra k\u00f6ttet, paprika, vitl\u00f6k&#8230;<\/p>\n<p>Presentation: naturtarm av fl\u00e4sk, vakuumf\u00f6rpackad i hela eller halva bitar.<\/p>\n","protected":false},"excerpt":{"rendered":"<p>Traditionell produkt av h\u00f6gsta kvalitet gjord p\u00e5 ett urval av det b\u00e4sta iberiska magra k\u00f6ttet, paprika, vitl\u00f6k&#8230; Presentation: naturtarm av fl\u00e4sk, vakuumf\u00f6rpackad i hela eller halva bitar.<\/p>\n","protected":false},"featured_media":13110,"template":"","meta":{"_et_pb_use_builder":"","_et_pb_old_content":"","_et_gb_content_width":""},"product_brand":[1388],"product_cat":[1804,2255,2254],"product_tag":[],"class_list":{"0":"post-21546","1":"product","2":"type-product","3":"status-publish","4":"has-post-thumbnail","6":"product_brand-fili","7":"product_cat-kall","8":"product_cat-korv","9":"product_cat-ost-och-korv","10":"product_shipping_class-kall-sandning","12":"first","13":"instock","14":"featured","15":"taxable","16":"shipping-taxable","17":"purchasable","18":"product-type-variable"},"_links":{"self":[{"href":"https:\/\/myspainfood.com\/sv\/wp-json\/wp\/v2\/product\/21546","targetHints":{"allow":["GET"]}}],"collection":[{"href":"https:\/\/myspainfood.com\/sv\/wp-json\/wp\/v2\/product"}],"about":[{"href":"https:\/\/myspainfood.com\/sv\/wp-json\/wp\/v2\/types\/product"}],"wp:featuredmedia":[{"embeddable":true,"href":"https:\/\/myspainfood.com\/sv\/wp-json\/wp\/v2\/media\/13110"}],"wp:attachment":[{"href":"https:\/\/myspainfood.com\/sv\/wp-json\/wp\/v2\/media?parent=21546"}],"wp:term":[{"taxonomy":"product_brand","embeddable":true,"href":"https:\/\/myspainfood.com\/sv\/wp-json\/wp\/v2\/product_brand?post=21546"},{"taxonomy":"product_cat","embeddable":true,"href":"https:\/\/myspainfood.com\/sv\/wp-json\/wp\/v2\/product_cat?post=21546"},{"taxonomy":"product_tag","embeddable":true,"href":"https:\/\/myspainfood.com\/sv\/wp-json\/wp\/v2\/product_tag?post=21546"}],"curies":[{"name":"wp","href":"https:\/\/api.w.org\/{rel}","templated":true}]}}