{"id":21590,"date":"2025-04-10T12:10:34","date_gmt":"2025-04-10T10:10:34","guid":{"rendered":"https:\/\/myspainfood.com\/producto\/iberisk-salchichon-extra-fili-500-gram-salamanca\/"},"modified":"2026-01-29T11:14:47","modified_gmt":"2026-01-29T10:14:47","slug":"iberisk-salchichon-extra-fili-500-gram-salamanca","status":"publish","type":"product","link":"https:\/\/myspainfood.com\/sv\/producto\/iberisk-salchichon-extra-fili-500-gram-salamanca\/","title":{"rendered":"Iberisk Salchich\u00f3n extra Fili 500 gram Salamanca"},"content":{"rendered":"<p>Traditionell produkt av h\u00f6gsta kvalitet gjord p\u00e5 ett urval av det b\u00e4sta iberiska magra k\u00f6ttet, tillagat med naturliga kryddor.<\/p>\n","protected":false},"excerpt":{"rendered":"<p>Traditionell produkt av h\u00f6gsta kvalitet gjord p\u00e5 ett urval av det b\u00e4sta iberiska magra k\u00f6ttet, tillagat med naturliga kryddor.<\/p>\n","protected":false},"featured_media":13074,"template":"","meta":{"_et_pb_use_builder":"","_et_pb_old_content":"","_et_gb_content_width":""},"product_brand":[1388],"product_cat":[1804,2255,2254],"product_tag":[],"class_list":{"0":"post-21590","1":"product","2":"type-product","3":"status-publish","4":"has-post-thumbnail","6":"product_brand-fili","7":"product_cat-kall","8":"product_cat-korv","9":"product_cat-ost-och-korv","10":"product_shipping_class-kall-sandning","12":"first","13":"instock","14":"taxable","15":"shipping-taxable","16":"purchasable","17":"product-type-variable"},"_links":{"self":[{"href":"https:\/\/myspainfood.com\/sv\/wp-json\/wp\/v2\/product\/21590","targetHints":{"allow":["GET"]}}],"collection":[{"href":"https:\/\/myspainfood.com\/sv\/wp-json\/wp\/v2\/product"}],"about":[{"href":"https:\/\/myspainfood.com\/sv\/wp-json\/wp\/v2\/types\/product"}],"wp:featuredmedia":[{"embeddable":true,"href":"https:\/\/myspainfood.com\/sv\/wp-json\/wp\/v2\/media\/13074"}],"wp:attachment":[{"href":"https:\/\/myspainfood.com\/sv\/wp-json\/wp\/v2\/media?parent=21590"}],"wp:term":[{"taxonomy":"product_brand","embeddable":true,"href":"https:\/\/myspainfood.com\/sv\/wp-json\/wp\/v2\/product_brand?post=21590"},{"taxonomy":"product_cat","embeddable":true,"href":"https:\/\/myspainfood.com\/sv\/wp-json\/wp\/v2\/product_cat?post=21590"},{"taxonomy":"product_tag","embeddable":true,"href":"https:\/\/myspainfood.com\/sv\/wp-json\/wp\/v2\/product_tag?post=21590"}],"curies":[{"name":"wp","href":"https:\/\/api.w.org\/{rel}","templated":true}]}}