{"id":21697,"date":"2025-04-10T12:10:34","date_gmt":"2025-04-10T10:10:34","guid":{"rendered":"https:\/\/myspainfood.com\/producto\/sardinilla-25-35-areoso-i-olivolja-120gr\/"},"modified":"2025-04-10T12:10:34","modified_gmt":"2025-04-10T10:10:34","slug":"sardinilla-25-35-areoso-i-olivolja-120gr","status":"publish","type":"product","link":"https:\/\/myspainfood.com\/sv\/producto\/sardinilla-25-35-areoso-i-olivolja-120gr\/","title":{"rendered":"Sardinilla 25\/35 Areoso i olivolja 120gr"},"content":{"rendered":"<p>Produkt: Sardiner i olivolja 25\/35 bitar<\/p>\n<p>Specifikationer: Sm\u00e5 sardiner (Sardina pilchardus) fr\u00e5n Galiciens Rias, av homogen storlek i olivolja. Handplockad i varje burk. <\/p>\n<p>Ingredienser: Sardiner 73%, olivolja 27% och salt.<\/p>\n<p>Produktionsprocessen: Sardinen \u00e4r, trots att den \u00e4r en fisk, en kr\u00e4vande produkt och har en ganska arbetsintensiv produktionsprocess. N\u00e4r sardinerna anl\u00e4nder till fabriken tas de f\u00f6rsiktigt bort fr\u00e5n huvudet och rensas f\u00f6r att undvika att de g\u00e5r s\u00f6nder och f\u00f6rst\u00f6r sitt utseende. Sardinerna l\u00e4ggs sedan p\u00e5 grillar, passeras \u00f6ver och doppas i saltlake (vatten och salt) f\u00f6r att ge dem smak och fasthet. De rostas sedan p\u00e5 traditionellt s\u00e4tt och f\u00f6rpackas f\u00f6r hand i varje burk. N\u00e4r olivoljeskalet har tillsatts f\u00f6rseglas och steriliseras burkarna, en rigor\u00f6st kontrollerad process som garanterar produktens h\u00e5llbarhet och kvalitet i \u00e5ratal utan att konserveringsmedel eller konstgjorda tillsatser beh\u00f6ver tills\u00e4ttas. D\u00e4refter \u00e4r burkarna redo f\u00f6r lagring och vidare bearbetning.     <\/p>\n","protected":false},"excerpt":{"rendered":"<p>Produkt: Sardiner i olivolja 25\/35 bitar Specifikationer: Sm\u00e5 sardiner (Sardina pilchardus) fr\u00e5n Galiciens Rias, av homogen storlek i olivolja. Handplockad i varje burk. Ingredienser: Sardiner 73%, olivolja 27% och salt. Produktionsprocessen: Sardinen \u00e4r, trots att den \u00e4r en fisk, en kr\u00e4vande produkt och har en ganska arbetsintensiv produktionsprocess. N\u00e4r sardinerna anl\u00e4nder till fabriken tas de [&hellip;]<\/p>\n","protected":false},"featured_media":12939,"template":"","meta":{"_et_pb_use_builder":"","_et_pb_old_content":"","_et_gb_content_width":""},"product_brand":[1358],"product_cat":[1986,3756],"product_tag":[],"class_list":{"0":"post-21697","1":"product","2":"type-product","3":"status-publish","4":"has-post-thumbnail","6":"product_brand-areoso","7":"product_cat-konserver-sv","8":"product_cat-sardinillor","10":"first","11":"outofstock","12":"taxable","13":"shipping-taxable","14":"product-type-variable"},"_links":{"self":[{"href":"https:\/\/myspainfood.com\/sv\/wp-json\/wp\/v2\/product\/21697","targetHints":{"allow":["GET"]}}],"collection":[{"href":"https:\/\/myspainfood.com\/sv\/wp-json\/wp\/v2\/product"}],"about":[{"href":"https:\/\/myspainfood.com\/sv\/wp-json\/wp\/v2\/types\/product"}],"wp:featuredmedia":[{"embeddable":true,"href":"https:\/\/myspainfood.com\/sv\/wp-json\/wp\/v2\/media\/12939"}],"wp:attachment":[{"href":"https:\/\/myspainfood.com\/sv\/wp-json\/wp\/v2\/media?parent=21697"}],"wp:term":[{"taxonomy":"product_brand","embeddable":true,"href":"https:\/\/myspainfood.com\/sv\/wp-json\/wp\/v2\/product_brand?post=21697"},{"taxonomy":"product_cat","embeddable":true,"href":"https:\/\/myspainfood.com\/sv\/wp-json\/wp\/v2\/product_cat?post=21697"},{"taxonomy":"product_tag","embeddable":true,"href":"https:\/\/myspainfood.com\/sv\/wp-json\/wp\/v2\/product_tag?post=21697"}],"curies":[{"name":"wp","href":"https:\/\/api.w.org\/{rel}","templated":true}]}}