{"id":23207,"date":"2025-04-10T12:05:54","date_gmt":"2025-04-10T10:05:54","guid":{"rendered":"https:\/\/myspainfood.com\/producto\/sardinillas-oti-925gr\/"},"modified":"2025-04-10T12:05:54","modified_gmt":"2025-04-10T10:05:54","slug":"sardinillas-oti-925gr","status":"publish","type":"product","link":"https:\/\/myspainfood.com\/sv\/producto\/sardinillas-oti-925gr\/","title":{"rendered":"Sardinillas Oti 925gr"},"content":{"rendered":"<p>Conservas Oti v\u00e4ljer ut de b\u00e4sta sardinerna, som sk\u00e4rs, rensas och rensas f\u00f6r hand, \u00e5ngrostas och f\u00f6rpackas i solrosolja. De utm\u00e4rker sig genom sitt vackra silverf\u00e4rgade utseende, sin kr\u00e4miga konsistens, sin intensiva fisksmak och sin magnifika presentation. Tack vare sitt h\u00f6ga inneh\u00e5ll av Omega 3 bidrar de till en medelhavsdiet.  <\/p>\n","protected":false},"excerpt":{"rendered":"<p>Conservas Oti v\u00e4ljer ut de b\u00e4sta sardinerna, som sk\u00e4rs, rensas och rensas f\u00f6r hand, \u00e5ngrostas och f\u00f6rpackas i solrosolja. De utm\u00e4rker sig genom sitt vackra silverf\u00e4rgade utseende, sin kr\u00e4miga konsistens, sin intensiva fisksmak och sin magnifika presentation. Tack vare sitt h\u00f6ga inneh\u00e5ll av Omega 3 bidrar de till en medelhavsdiet.<\/p>\n","protected":false},"featured_media":8286,"template":"","meta":{"_et_pb_use_builder":"","_et_pb_old_content":"","_et_gb_content_width":""},"product_brand":[1075],"product_cat":[1986,3756],"product_tag":[],"class_list":{"0":"post-23207","1":"product","2":"type-product","3":"status-publish","4":"has-post-thumbnail","6":"product_brand-oti","7":"product_cat-konserver-sv","8":"product_cat-sardinillor","10":"first","11":"outofstock","12":"taxable","13":"shipping-taxable","14":"purchasable","15":"product-type-variable"},"_links":{"self":[{"href":"https:\/\/myspainfood.com\/sv\/wp-json\/wp\/v2\/product\/23207","targetHints":{"allow":["GET"]}}],"collection":[{"href":"https:\/\/myspainfood.com\/sv\/wp-json\/wp\/v2\/product"}],"about":[{"href":"https:\/\/myspainfood.com\/sv\/wp-json\/wp\/v2\/types\/product"}],"wp:featuredmedia":[{"embeddable":true,"href":"https:\/\/myspainfood.com\/sv\/wp-json\/wp\/v2\/media\/8286"}],"wp:attachment":[{"href":"https:\/\/myspainfood.com\/sv\/wp-json\/wp\/v2\/media?parent=23207"}],"wp:term":[{"taxonomy":"product_brand","embeddable":true,"href":"https:\/\/myspainfood.com\/sv\/wp-json\/wp\/v2\/product_brand?post=23207"},{"taxonomy":"product_cat","embeddable":true,"href":"https:\/\/myspainfood.com\/sv\/wp-json\/wp\/v2\/product_cat?post=23207"},{"taxonomy":"product_tag","embeddable":true,"href":"https:\/\/myspainfood.com\/sv\/wp-json\/wp\/v2\/product_tag?post=23207"}],"curies":[{"name":"wp","href":"https:\/\/api.w.org\/{rel}","templated":true}]}}