{"id":23303,"date":"2025-04-10T12:05:10","date_gmt":"2025-04-10T10:05:10","guid":{"rendered":"https:\/\/myspainfood.com\/producto\/chicon-vitloksdressing-900-gr\/"},"modified":"2025-04-10T12:05:10","modified_gmt":"2025-04-10T10:05:10","slug":"chicon-vitloksdressing-900-gr","status":"publish","type":"product","link":"https:\/\/myspainfood.com\/sv\/producto\/chicon-vitloksdressing-900-gr\/","title":{"rendered":"Chic\u00f3n vitl\u00f6ksdressing 900 gr"},"content":{"rendered":"<p><strong>Vitl\u00f6k<\/strong>, skalad, bearbetad och torkad f\u00f6r att mildra dess naturliga smak samtidigt som dess ursprungliga egenskaper bevaras.<\/p>\n<p>Kryddad vitl\u00f6k \u00e4r en delikatess f\u00f6r gommen, antingen som aptitretare eller som tillbeh\u00f6r till dina b\u00e4sta r\u00e4tter.<\/p>\n<h3><strong>F\u00f6rdelar med <a href=\"https:\/\/aceitunaschiconlebron.com\/catalogo\/ajos-en-aceite\/\" target=\"_blank\" rel=\"noopener noreferrer nofollow\">vitl\u00f6ksdressing<\/a><\/strong><\/h3>\n<p>Vet du vilka de fr\u00e4msta f\u00f6rdelarna med vitl\u00f6k i olja som pickles \u00e4r? Tja, bland m\u00e5nga andra egenskaper \u00e4r de rika p\u00e5 probiotika, \u00f6kar immunf\u00f6rsvaret och hj\u00e4lper till och med matsm\u00e4ltningen. <\/p>\n<p>Pickles har g\u00e5tt fr\u00e5n att vara en urgammal teknik f\u00f6r att konservera mat \u00f6ver hela v\u00e4rlden till att vara en av de mest popul\u00e4ra tapas eller aptitretare i spansk gastronomi. F\u00f6rutom v\u00e5r l\u00e4ckra <strong>vitl\u00f6k i olja<\/strong> kan du i v\u00e5r onlinekatalog hitta andra typer av pickles som kapris, s\u00f6ta banderiller eller kryddiga banderiller. <\/p>\n<h3><strong>Egenskaper Picklad vitl\u00f6k<\/strong><\/h3>\n<p>Det har <strong>antibiotiska egenskaper<\/strong>. Vitl\u00f6ksolja d\u00f6dar ett brett spektrum av mikrober, s\u00e5som virus, bakterier, svampar och parasiter. <\/p>\n<p>Den har en <strong>avsv\u00e4llande effekt<\/strong>, \u00e4r en k\u00e4lla till C-vitamin, enzymer och mineraler som bidrar till att st\u00e4rka kroppens f\u00f6rsvar och immunf\u00f6rsvar.<\/p>\n<p><strong>Vitl\u00f6k i olja skyddar v\u00e5rt hj\u00e4rta<\/strong> mot kardiovaskul\u00e4ra hj\u00e4rtproblem som hj\u00e4rtinfarkt och ateroskleros.<\/p>\n<p>En annan <strong>egenskap hos inlagd vitl\u00f6k<\/strong> \u00e4r att den s\u00e4nker kolesterolet eftersom den har f\u00f6rm\u00e5gan att m\u00e5ttligt s\u00e4nka triglycerider och totalkolesterol i blodet, vilket kan minska arteriell plack.<\/p>\n<p>Kort sagt, vitl\u00f6k i olja eller <a href=\"https:\/\/latiendadesami.com\/categoria-producto\/encurtidos\/\" target=\"_blank\" rel=\"noopener noreferrer nofollow\">inlagd<\/a> vitl\u00f6k har flera egenskaper och f\u00f6rdelar f\u00f6r m\u00e4nniskors h\u00e4lsa.<\/p>\n","protected":false},"excerpt":{"rendered":"<p>Vitl\u00f6k, skalad, bearbetad och torkad f\u00f6r att mildra dess naturliga smak samtidigt som dess ursprungliga egenskaper bevaras. Kryddad vitl\u00f6k \u00e4r en delikatess f\u00f6r gommen, antingen som aptitretare eller som tillbeh\u00f6r till dina b\u00e4sta r\u00e4tter. F\u00f6rdelar med vitl\u00f6ksdressing Vet du vilka de fr\u00e4msta f\u00f6rdelarna med vitl\u00f6k i olja som pickles \u00e4r? Tja, bland m\u00e5nga andra egenskaper [&hellip;]<\/p>\n","protected":false},"featured_media":7269,"template":"","meta":{"_et_pb_use_builder":"","_et_pb_old_content":"","_et_gb_content_width":""},"product_brand":[1036],"product_cat":[1585,4177],"product_tag":[4191,4178],"class_list":{"0":"post-23303","1":"product","2":"type-product","3":"status-publish","4":"has-post-thumbnail","6":"product_brand-chicon","7":"product_cat-inlagda-gronsaker","8":"product_cat-vitlok","9":"product_tag-kryddad","10":"product_tag-vitlok","12":"first","13":"instock","14":"taxable","15":"shipping-taxable","16":"purchasable","17":"product-type-variable"},"_links":{"self":[{"href":"https:\/\/myspainfood.com\/sv\/wp-json\/wp\/v2\/product\/23303","targetHints":{"allow":["GET"]}}],"collection":[{"href":"https:\/\/myspainfood.com\/sv\/wp-json\/wp\/v2\/product"}],"about":[{"href":"https:\/\/myspainfood.com\/sv\/wp-json\/wp\/v2\/types\/product"}],"wp:featuredmedia":[{"embeddable":true,"href":"https:\/\/myspainfood.com\/sv\/wp-json\/wp\/v2\/media\/7269"}],"wp:attachment":[{"href":"https:\/\/myspainfood.com\/sv\/wp-json\/wp\/v2\/media?parent=23303"}],"wp:term":[{"taxonomy":"product_brand","embeddable":true,"href":"https:\/\/myspainfood.com\/sv\/wp-json\/wp\/v2\/product_brand?post=23303"},{"taxonomy":"product_cat","embeddable":true,"href":"https:\/\/myspainfood.com\/sv\/wp-json\/wp\/v2\/product_cat?post=23303"},{"taxonomy":"product_tag","embeddable":true,"href":"https:\/\/myspainfood.com\/sv\/wp-json\/wp\/v2\/product_tag?post=23303"}],"curies":[{"name":"wp","href":"https:\/\/api.w.org\/{rel}","templated":true}]}}