{"id":25268,"date":"2025-04-10T12:05:46","date_gmt":"2025-04-10T10:05:46","guid":{"rendered":"https:\/\/myspainfood.com\/producto\/benfri-45-kg\/"},"modified":"2025-05-08T20:54:31","modified_gmt":"2025-05-08T18:54:31","slug":"benfri-45-kg","status":"publish","type":"product","link":"https:\/\/myspainfood.com\/sv\/producto\/benfri-45-kg\/","title":{"rendered":"Benfri 4,5 kg"},"content":{"rendered":"<p>Pitted Olive 4,5 kg \u00e4r gr\u00f6n till f\u00e4rgen och <a href=\"https:\/\/www.google.com\/search?q=aceitunas+deshuesadas&amp;sxsrf=APq-WBvbn4FM7rlwj2SbPE3GYq4nrKA1Ug:1644314369924&amp;source=lnms&amp;tbm=isch&amp;sa=X&amp;ved=2ahUKEwjE56uv7O_1AhWrgf0HHWvsDTUQ_AUoAXoECAEQAw&amp;biw=1577&amp;bih=780&amp;dpr=1\" target=\"_blank\" rel=\"noopener noreferrer nofollow\">urk\u00e4rnad<\/a>. Den beh\u00e5ller sin ursprungliga form. <\/p>\n<p>Det \u00e4r ett mycket h\u00e4lsosamt komplement till v\u00e5r traditionella n\u00e4ringsrika medelhavskost.<\/p>\n<p>I Spanien hittar vi oliver, gurkor, almagro-auberginer, mor\u00f6tter, l\u00f6k, mycket traditionellt kapris, vitl\u00f6k eller till och med en blandning av dem.<\/p>\n<p>De serveras ofta som tapas till \u00f6l (inte till vin p\u00e5 grund av vin\u00e4gerhalten).<\/p>\n<p>Pickles har g\u00e5tt fr\u00e5n att vara en urgammal teknik f\u00f6r att konservera mat \u00f6ver hela v\u00e4rlden till att vara en av de mest popul\u00e4ra tapas eller aptitretare i spansk gastronomi.<\/p>\n<h3>F\u00f6rdelar med urk\u00e4rnade oliver 4,5 kg<\/h3>\n<p>K\u00e4nde du till de m\u00e5nga f\u00f6rdelarna med dessa oliver? De \u00e4r mycket effektiva n\u00e4r det g\u00e4ller att f\u00f6rebygga hj\u00e4rt- och cirkulationssjukdomar i allm\u00e4nhet. <\/p>\n<p>Detta beror p\u00e5 dess h\u00f6ga inneh\u00e5ll av om\u00e4ttade fetter. Dessutom \u00e4r det ett livsmedel som inneh\u00e5ller mycket j\u00e4rn och fibrer och \u00e4r mycket m\u00e4ttande, vilket g\u00f6r det till ett perfekt mellanm\u00e5l. <\/p>\n<p>Om du vill k\u00f6pa oliver eller n\u00e5gon annan typ av <a href=\"https:\/\/latiendadesami.com\/categoria-producto\/encurtidos\/\" rel=\"noopener noreferrer nofollow\" target=\"_blank\">inlagd mat,<\/a> tveka inte att ta en titt p\u00e5 v\u00e5r onlinekatalog f\u00f6r att se det stora utbudet av <a href=\"https:\/\/latiendadesami.com\/categoria-producto\/encurtidos\/aceitunas\/\" target=\"_blank\" rel=\"noopener noreferrer nofollow\">oliver<\/a> vi har.<\/p>\n<p>Du kan skriva till oss om du vill ha mer information om hela v\u00e5r provkollektion.<\/p>\n","protected":false},"excerpt":{"rendered":"<p>Pitted Olive 4,5 kg \u00e4r gr\u00f6n till f\u00e4rgen och urk\u00e4rnad. Den beh\u00e5ller sin ursprungliga form. Det \u00e4r ett mycket h\u00e4lsosamt komplement till v\u00e5r traditionella n\u00e4ringsrika medelhavskost. I Spanien hittar vi oliver, gurkor, almagro-auberginer, mor\u00f6tter, l\u00f6k, mycket traditionellt kapris, vitl\u00f6k eller till och med en blandning av dem. De serveras ofta som tapas till \u00f6l (inte [&hellip;]<\/p>\n","protected":false},"featured_media":7782,"template":"","meta":{"_et_pb_use_builder":"","_et_pb_old_content":"","_et_gb_content_width":""},"product_brand":[1069],"product_cat":[1585,1586],"product_tag":[5157],"class_list":{"0":"post-25268","1":"product","2":"type-product","3":"status-publish","4":"has-post-thumbnail","6":"product_brand-sangar","7":"product_cat-inlagda-gronsaker","8":"product_cat-oliver","9":"product_tag-benfri-sv","11":"first","12":"outofstock","13":"taxable","14":"shipping-taxable","15":"product-type-variable"},"_links":{"self":[{"href":"https:\/\/myspainfood.com\/sv\/wp-json\/wp\/v2\/product\/25268","targetHints":{"allow":["GET"]}}],"collection":[{"href":"https:\/\/myspainfood.com\/sv\/wp-json\/wp\/v2\/product"}],"about":[{"href":"https:\/\/myspainfood.com\/sv\/wp-json\/wp\/v2\/types\/product"}],"wp:featuredmedia":[{"embeddable":true,"href":"https:\/\/myspainfood.com\/sv\/wp-json\/wp\/v2\/media\/7782"}],"wp:attachment":[{"href":"https:\/\/myspainfood.com\/sv\/wp-json\/wp\/v2\/media?parent=25268"}],"wp:term":[{"taxonomy":"product_brand","embeddable":true,"href":"https:\/\/myspainfood.com\/sv\/wp-json\/wp\/v2\/product_brand?post=25268"},{"taxonomy":"product_cat","embeddable":true,"href":"https:\/\/myspainfood.com\/sv\/wp-json\/wp\/v2\/product_cat?post=25268"},{"taxonomy":"product_tag","embeddable":true,"href":"https:\/\/myspainfood.com\/sv\/wp-json\/wp\/v2\/product_tag?post=25268"}],"curies":[{"name":"wp","href":"https:\/\/api.w.org\/{rel}","templated":true}]}}