{"id":25428,"date":"2025-04-10T12:06:29","date_gmt":"2025-04-10T10:06:29","guid":{"rendered":"https:\/\/myspainfood.com\/producto\/senorio-de-las-ventas-rioja-crianza-vin-buteljerat-av-antonio-escribano-pascual\/"},"modified":"2025-04-10T12:06:29","modified_gmt":"2025-04-10T10:06:29","slug":"senorio-de-las-ventas-rioja-crianza-vin-buteljerat-av-antonio-escribano-pascual","status":"publish","type":"product","link":"https:\/\/myspainfood.com\/sv\/producto\/senorio-de-las-ventas-rioja-crianza-vin-buteljerat-av-antonio-escribano-pascual\/","title":{"rendered":"Se\u00f1orio de las Ventas, Rioja Crianza vin buteljerat av Antonio Escribano Pascual"},"content":{"rendered":"<p>Uppfostran<\/p>\n<p>Motsvarar viner som \u00e4r minst tre \u00e5r gamla och som har tillbringat minst ett \u00e5r p\u00e5 ekfat.<\/p>\n<p>Rubinf\u00e4rgad, med en intensiv doft av mogen frukt, v\u00e4l kombinerad med rostade inslag och inslag av vanilj. Fyllig och balanserad i munnen, med en perfekt harmoni mellan de subtila tanninerna. Smakrikt och fylligt med bibeh\u00e5llen finess och elegans.  <\/p>\n","protected":false},"excerpt":{"rendered":"<p>Uppfostran Motsvarar viner som \u00e4r minst tre \u00e5r gamla och som har tillbringat minst ett \u00e5r p\u00e5 ekfat. Rubinf\u00e4rgad, med en intensiv doft av mogen frukt, v\u00e4l kombinerad med rostade inslag och inslag av vanilj. Fyllig och balanserad i munnen, med en perfekt harmoni mellan de subtila tanninerna. Smakrikt och fylligt med bibeh\u00e5llen finess och [&hellip;]<\/p>\n","protected":false},"featured_media":8601,"template":"","meta":{"_et_pb_use_builder":"","_et_pb_old_content":"","_et_gb_content_width":""},"product_brand":[1139],"product_cat":[4847,4848],"product_tag":[4849,5243],"class_list":{"0":"post-25428","1":"product","2":"type-product","3":"status-publish","4":"has-post-thumbnail","6":"product_brand-antonio-escribano","7":"product_cat-drycker","8":"product_cat-vin","9":"product_tag-antonio-escribano-sv","10":"product_tag-uppfostran","12":"first","13":"outofstock","14":"taxable","15":"shipping-taxable","16":"product-type-variable"},"_links":{"self":[{"href":"https:\/\/myspainfood.com\/sv\/wp-json\/wp\/v2\/product\/25428","targetHints":{"allow":["GET"]}}],"collection":[{"href":"https:\/\/myspainfood.com\/sv\/wp-json\/wp\/v2\/product"}],"about":[{"href":"https:\/\/myspainfood.com\/sv\/wp-json\/wp\/v2\/types\/product"}],"wp:featuredmedia":[{"embeddable":true,"href":"https:\/\/myspainfood.com\/sv\/wp-json\/wp\/v2\/media\/8601"}],"wp:attachment":[{"href":"https:\/\/myspainfood.com\/sv\/wp-json\/wp\/v2\/media?parent=25428"}],"wp:term":[{"taxonomy":"product_brand","embeddable":true,"href":"https:\/\/myspainfood.com\/sv\/wp-json\/wp\/v2\/product_brand?post=25428"},{"taxonomy":"product_cat","embeddable":true,"href":"https:\/\/myspainfood.com\/sv\/wp-json\/wp\/v2\/product_cat?post=25428"},{"taxonomy":"product_tag","embeddable":true,"href":"https:\/\/myspainfood.com\/sv\/wp-json\/wp\/v2\/product_tag?post=25428"}],"curies":[{"name":"wp","href":"https:\/\/api.w.org\/{rel}","templated":true}]}}