{"id":25701,"date":"2025-04-10T12:06:58","date_gmt":"2025-04-10T10:06:58","guid":{"rendered":"https:\/\/myspainfood.com\/producto\/bonito-en-escabeche-el-pescador-de-cantabria-220-g\/"},"modified":"2025-04-10T12:06:58","modified_gmt":"2025-04-10T10:06:58","slug":"bonito-en-escabeche-el-pescador-de-cantabria-220-g","status":"publish","type":"product","link":"https:\/\/myspainfood.com\/sv\/producto\/bonito-en-escabeche-el-pescador-de-cantabria-220-g\/","title":{"rendered":"Bonito en Escabeche El Pescador de cantabria 220 g"},"content":{"rendered":"<p>Bonito en Escabeche Alta Cocina tillagad av El <a href=\"https:\/\/elpescadordecantabria.es\/\" target=\"_blank\" rel=\"noopener noreferrer nofollow\">Pescador<\/a> de Cantabria. Kvalitet, hantverksskicklighet och tradition. <\/p>\n<p>Glasburken v\u00e4ger 250 gram.<\/p>\n<p>Ingredienser: vit tonfisk, vatten, vin\u00e4ger, solrosolja och salt.<\/p>\n<p>El Pescador de Cantabria \u00e4r ett f\u00f6retag som ligger i Santo\u00f1a i Kantabrien. Fr\u00e5n denna plats bevarar de den noggranna produktionstekniken som de l\u00e4rde sig p\u00e5 Sicilien. <\/p>\n<p>Denna produkt \u00e4r utm\u00e4rkt f\u00f6r h\u00e4lsan tack vare sitt h\u00f6ga inneh\u00e5ll av omega 3 tack vare valet av oljor och salt.<\/p>\n<p>Det \u00e4r en v\u00e4lsmakande, h\u00e4lsosam och bekv\u00e4m produkt.<\/p>\n<h4>De viktigaste f\u00f6rdelarna med konserverad mat<\/h4>\n<ol>\n<li>De bevarar alla n\u00e4ringsegenskaper hos sj\u00e4lva livsmedlet. Maten beh\u00e5ller sin f\u00e4rskhet. <\/li>\n<li>De livsmedel som anv\u00e4nds \u00e4r h\u00e4lsosamma och d\u00e4rf\u00f6r l\u00e4mpliga f\u00f6r en optimal kost p\u00e5 grund av deras h\u00f6ga vitamin- och proteininneh\u00e5ll.<\/li>\n<li>Dessa produkter har en l\u00e4ngre livsl\u00e4ngd (2-5 \u00e5r \u00e4r typiskt).<\/li>\n<li>Konserverna \u00e4r mycket l\u00e4tta att f\u00f6rvara eftersom f\u00f6rpackningarna \u00e4r l\u00e4tta att applicera.<\/li>\n<\/ol>\n<p>Om du vill k\u00f6pa Albacore tonfisk i Escabeche Alta Cocina eller n\u00e5gon annan typ av <a href=\"https:\/\/latiendadesami.com\/categoria-producto\/conservas\/\" rel=\"noopener noreferrer nofollow\" target=\"_blank\">konserver<\/a>, tveka inte att ta en titt p\u00e5 v\u00e5r onlinekatalog f\u00f6r att se det stora utbudet av <a href=\"https:\/\/latiendadesami.com\/categoria-producto\/conservas\/atun-y-bonito\/\" target=\"_blank\" rel=\"noopener noreferrer nofollow\">tonfisk<\/a> som vi har.<\/p>\n<p>Skriv till oss om du vill ha mer information.<\/p>\n","protected":false},"excerpt":{"rendered":"<p>inlagd harlekin tonfisk gr<\/p>\n","protected":false},"featured_media":9384,"template":"","meta":{"_et_pb_use_builder":"","_et_pb_old_content":"","_et_gb_content_width":""},"product_brand":[1162],"product_cat":[1986,4367],"product_tag":[],"class_list":{"0":"post-25701","1":"product","2":"type-product","3":"status-publish","4":"has-post-thumbnail","6":"product_brand-arlequin","7":"product_cat-konserver-sv","8":"product_cat-tonfisk-och-bonito","10":"first","11":"instock","12":"taxable","13":"shipping-taxable","14":"purchasable","15":"product-type-variable"},"_links":{"self":[{"href":"https:\/\/myspainfood.com\/sv\/wp-json\/wp\/v2\/product\/25701","targetHints":{"allow":["GET"]}}],"collection":[{"href":"https:\/\/myspainfood.com\/sv\/wp-json\/wp\/v2\/product"}],"about":[{"href":"https:\/\/myspainfood.com\/sv\/wp-json\/wp\/v2\/types\/product"}],"wp:featuredmedia":[{"embeddable":true,"href":"https:\/\/myspainfood.com\/sv\/wp-json\/wp\/v2\/media\/9384"}],"wp:attachment":[{"href":"https:\/\/myspainfood.com\/sv\/wp-json\/wp\/v2\/media?parent=25701"}],"wp:term":[{"taxonomy":"product_brand","embeddable":true,"href":"https:\/\/myspainfood.com\/sv\/wp-json\/wp\/v2\/product_brand?post=25701"},{"taxonomy":"product_cat","embeddable":true,"href":"https:\/\/myspainfood.com\/sv\/wp-json\/wp\/v2\/product_cat?post=25701"},{"taxonomy":"product_tag","embeddable":true,"href":"https:\/\/myspainfood.com\/sv\/wp-json\/wp\/v2\/product_tag?post=25701"}],"curies":[{"name":"wp","href":"https:\/\/api.w.org\/{rel}","templated":true}]}}