{"id":26569,"date":"2025-04-10T12:07:09","date_gmt":"2025-04-10T10:07:09","guid":{"rendered":"https:\/\/myspainfood.com\/producto\/cockles-oro-serien-20-30-stycken\/"},"modified":"2025-09-02T10:38:43","modified_gmt":"2025-09-02T08:38:43","slug":"cockles-oro-serien-20-30-stycken","status":"publish","type":"product","link":"https:\/\/myspainfood.com\/sv\/producto\/cockles-oro-serien-20-30-stycken\/","title":{"rendered":"Cockles ORO-serien 20\/30 stycken"},"content":{"rendered":"<p><a href=\"https:\/\/conservasarlequin.com\/serie-oro\/\" target=\"_blank\" rel=\"noopener noreferrer nofollow\">Arlequ\u00edn<\/a> Golden Cockles 00-serien \u00e4r en konserverad produkt som tillverkas p\u00e5 traditionellt s\u00e4tt.<\/p>\n<p><strong>Nettovikt\/ Escu<\/strong>: 113g\/63g<\/p>\n<p><strong>H\u00e5llbarhet:<\/strong> 4 \u00e5r<\/p>\n<p><strong>Naturv\u00e5rd:<\/strong> Milj\u00f6<\/p>\n<p><strong>Antal fil\u00e9er\/antal bitar:<\/strong> 20\/30<\/p>\n<p>P\u00e5 Conservas Arlequ\u00edn \u00e4r deras uppdrag att erbjuda en fantastisk produkt, den b\u00e4sta servicen och ett brett utbud av konserverad fisk till b\u00e4sta pris. P\u00e5 Conservas <a href=\"https:\/\/latiendadesami.com\/marca\/arlequin\/\" target=\"_blank\" rel=\"noopener noreferrer nofollow\">Arlequ\u00edn<\/a> \u00e4r deras uppdrag att erbjuda en fantastisk produkt, den b\u00e4sta servicen och ett brett utbud av konserverad fisk till b\u00e4sta pris.<\/p>\n<p>De \u00e4r ocks\u00e5 specialiserade p\u00e5 ansjovis, hj\u00e4rtmusslor, ansjovis, ansjovis, tonfisk, l\u00e4tt tonfisk, musslor, makrill och sardiner.<\/p>\n<p>Till exempel sa Comidista i tidningen El Pa\u00eds om ventresca: &#8221;Den \u00e4r s\u00e5 mjuk, n\u00e4stan kr\u00e4mig, att man vill gifta sig med den och leva lyckligt tills Herren tar en&#8221;.<\/p>\n<h4>De viktigaste f\u00f6rdelarna med konserverad mat<\/h4>\n<ol>\n<li>De bevarar alla n\u00e4ringsegenskaper hos sj\u00e4lva livsmedlet. Maten beh\u00e5ller sin f\u00e4rskhet. <\/li>\n<li>De livsmedel som anv\u00e4nds \u00e4r h\u00e4lsosamma och d\u00e4rf\u00f6r l\u00e4mpliga f\u00f6r en optimal kost p\u00e5 grund av deras h\u00f6ga vitamin- och proteininneh\u00e5ll.<\/li>\n<li>Dessa produkter har en l\u00e4ngre livsl\u00e4ngd (2-5 \u00e5r \u00e4r typiskt).<\/li>\n<li>Konserverna \u00e4r mycket l\u00e4tta att f\u00f6rvara eftersom f\u00f6rpackningarna \u00e4r l\u00e4tta att applicera.<\/li>\n<\/ol>\n<p>Om du vill k\u00f6pa tonfisk eller n\u00e5gon annan typ av <a href=\"https:\/\/latiendadesami.com\/categoria-producto\/conservas\/\" rel=\"noopener noreferrer nofollow\" target=\"_blank\">konserverad mat<\/a>, tveka inte att ta en titt p\u00e5 v\u00e5r onlinekatalog f\u00f6r att se det stora utbudet av <a href=\"https:\/\/latiendadesami.com\/categoria-producto\/conservas\/atun-y-bonito\/\" target=\"_blank\" rel=\"noopener noreferrer nofollow\">tonfisk<\/a> vi har.<\/p>\n<p>Skriv till oss om du vill ha mer information.<\/p>\n","protected":false},"excerpt":{"rendered":"<p><strong>Fr\u00e5n R\u00eda de Noia<\/p>\n<p>Utvald kvalitet<\/strong><\/p>\n<p><strong>Antal delar:<\/strong> 15\/25 delar<\/p>\n<p><strong>Nettovikt:<\/strong> 113 g<\/p>\n<p>Avrunnen <strong>vikt: <\/strong>63 g<\/p>\n<p><strong>Ingredienser: <\/strong><em>Kockor<\/em>, vatten, salt, syra (E330, E331) och antioxidationsmedel (E385).<\/p>\n<p><strong>Allergiframkallande \u00e4mnen:<\/strong> <em>Inneh\u00e5ller bl\u00f6tdjur, hj\u00e4rtmussla.<\/em><\/p>\n<p>F\u00f6rvaras i rumstemperatur.<\/p>\n<p>N\u00e4r den har \u00f6ppnats rekommenderas att den konsumeras i sin helhet.<\/p>\n","protected":false},"featured_media":9357,"template":"","meta":{"_et_pb_use_builder":"","_et_pb_old_content":"","_et_gb_content_width":""},"product_brand":[1162],"product_cat":[5664,1986],"product_tag":[5620],"class_list":{"0":"post-26569","1":"product","2":"type-product","3":"status-publish","4":"has-post-thumbnail","6":"product_brand-arlequin","7":"product_cat-kockor","8":"product_cat-konserver-sv","9":"product_tag-serieoro-sv","11":"first","12":"outofstock","13":"sale","14":"taxable","15":"shipping-taxable","16":"purchasable","17":"product-type-simple"},"_links":{"self":[{"href":"https:\/\/myspainfood.com\/sv\/wp-json\/wp\/v2\/product\/26569","targetHints":{"allow":["GET"]}}],"collection":[{"href":"https:\/\/myspainfood.com\/sv\/wp-json\/wp\/v2\/product"}],"about":[{"href":"https:\/\/myspainfood.com\/sv\/wp-json\/wp\/v2\/types\/product"}],"wp:featuredmedia":[{"embeddable":true,"href":"https:\/\/myspainfood.com\/sv\/wp-json\/wp\/v2\/media\/9357"}],"wp:attachment":[{"href":"https:\/\/myspainfood.com\/sv\/wp-json\/wp\/v2\/media?parent=26569"}],"wp:term":[{"taxonomy":"product_brand","embeddable":true,"href":"https:\/\/myspainfood.com\/sv\/wp-json\/wp\/v2\/product_brand?post=26569"},{"taxonomy":"product_cat","embeddable":true,"href":"https:\/\/myspainfood.com\/sv\/wp-json\/wp\/v2\/product_cat?post=26569"},{"taxonomy":"product_tag","embeddable":true,"href":"https:\/\/myspainfood.com\/sv\/wp-json\/wp\/v2\/product_tag?post=26569"}],"curies":[{"name":"wp","href":"https:\/\/api.w.org\/{rel}","templated":true}]}}