{"id":26715,"date":"2025-04-10T12:07:40","date_gmt":"2025-04-10T10:07:40","guid":{"rendered":"https:\/\/myspainfood.com\/producto\/stora-gurkor-225-kg-vikt-n\/"},"modified":"2025-04-10T12:07:40","modified_gmt":"2025-04-10T10:07:40","slug":"stora-gurkor-225-kg-vikt-n","status":"publish","type":"product","link":"https:\/\/myspainfood.com\/sv\/producto\/stora-gurkor-225-kg-vikt-n\/","title":{"rendered":"Stora gurkor 2,25 kg vikt n"},"content":{"rendered":"<p>Gurka Pickles 2,25 kg nettovikt - Med endast vatten- och saltgurkor f\u00e5r du ett av de mest uts\u00f6kta <a href=\"https:\/\/www.google.com\/search?q=pepinillos+gordos&amp;tbm=isch&amp;ved=2ahUKEwj6xNCv8-_1AhWXiP0HHcNGC0QQ2-cCegQIABAA&amp;oq=pepinillos+gordos&amp;gs_lcp=CgNpbWcQA1DZFVjlJ2DcK2gAcAB4AIABYYgB4wqSAQIxOJgBAKABAaoBC2d3cy13aXotaW1nwAEB&amp;sclient=img&amp;ei=WUYCYrq0IpeR9u8Pw42toAQ&amp;bih=780&amp;biw=1577\" target=\"_blank\" rel=\"noopener noreferrer nofollow\">snacksen<\/a> n\u00e5gonsin.<\/p>\n<p>Blandningen av smaker fr\u00e5n ingredienserna tillsammans med en touch av vin\u00e4ger ger den en speciell smak som \u00e4r mycket behaglig f\u00f6r gommen.<\/p>\n<p>Pickles \u00e4r ett mellanm\u00e5l som st\u00e4rker immunf\u00f6rsvaret, vilket inneb\u00e4r att de st\u00f6der kroppens f\u00f6rsvar och den allm\u00e4nna h\u00e4lsan.<\/p>\n<h3><strong>F\u00f6rdelar med feta gurkor<\/strong><\/h3>\n<p>K\u00e4nde du till f\u00f6rdelarna med pickles i allm\u00e4nhet? H\u00e4r \u00e4r en lista \u00f6ver de viktigaste: <\/p>\n<ul>\n<li>Rik p\u00e5 probiotika.<\/li>\n<li>De underl\u00e4ttar matsm\u00e4ltningen.<\/li>\n<li>De st\u00e4rker immunf\u00f6rsvaret.<\/li>\n<li>De minskar suget efter socker.<\/li>\n<li>Gynnsamt f\u00f6r gallbl\u00e5san.<\/li>\n<\/ul>\n<p>Om du vill k\u00f6pa oliver eller n\u00e5gon annan typ av <a href=\"https:\/\/latiendadesami.com\/categoria-producto\/encurtidos\/\" rel=\"noopener noreferrer nofollow\" target=\"_blank\">inlagda<\/a> gr\u00f6nsaker, tveka inte att ta en titt p\u00e5 v\u00e5r onlinekatalog f\u00f6r att se det stora utbudet av <a href=\"https:\/\/latiendadesami.com\/categoria-producto\/encurtidos\/pepinillos\/\" target=\"_blank\" rel=\"noopener noreferrer nofollow\">inlagda<\/a> gr\u00f6nsaker vi har.<\/p>\n","protected":false},"excerpt":{"rendered":"<p>Gurka Pickles 2,25 kg nettovikt - Med endast vatten- och saltgurkor f\u00e5r du ett av de mest uts\u00f6kta snacksen n\u00e5gonsin. Blandningen av smaker fr\u00e5n ingredienserna tillsammans med en touch av vin\u00e4ger ger den en speciell smak som \u00e4r mycket behaglig f\u00f6r gommen. Pickles \u00e4r ett mellanm\u00e5l som st\u00e4rker immunf\u00f6rsvaret, vilket inneb\u00e4r att de st\u00f6der kroppens [&hellip;]<\/p>\n","protected":false},"featured_media":9996,"template":"","meta":{"_et_pb_use_builder":"","_et_pb_old_content":"","_et_gb_content_width":""},"product_brand":[],"product_cat":[2006,1585],"product_tag":[2034],"class_list":{"0":"post-26715","1":"product","2":"type-product","3":"status-publish","4":"has-post-thumbnail","6":"product_cat-gurkor","7":"product_cat-inlagda-gronsaker","8":"product_tag-gherkin-sv","10":"first","11":"instock","12":"taxable","13":"shipping-taxable","14":"purchasable","15":"product-type-simple"},"_links":{"self":[{"href":"https:\/\/myspainfood.com\/sv\/wp-json\/wp\/v2\/product\/26715","targetHints":{"allow":["GET"]}}],"collection":[{"href":"https:\/\/myspainfood.com\/sv\/wp-json\/wp\/v2\/product"}],"about":[{"href":"https:\/\/myspainfood.com\/sv\/wp-json\/wp\/v2\/types\/product"}],"wp:featuredmedia":[{"embeddable":true,"href":"https:\/\/myspainfood.com\/sv\/wp-json\/wp\/v2\/media\/9996"}],"wp:attachment":[{"href":"https:\/\/myspainfood.com\/sv\/wp-json\/wp\/v2\/media?parent=26715"}],"wp:term":[{"taxonomy":"product_brand","embeddable":true,"href":"https:\/\/myspainfood.com\/sv\/wp-json\/wp\/v2\/product_brand?post=26715"},{"taxonomy":"product_cat","embeddable":true,"href":"https:\/\/myspainfood.com\/sv\/wp-json\/wp\/v2\/product_cat?post=26715"},{"taxonomy":"product_tag","embeddable":true,"href":"https:\/\/myspainfood.com\/sv\/wp-json\/wp\/v2\/product_tag?post=26715"}],"curies":[{"name":"wp","href":"https:\/\/api.w.org\/{rel}","templated":true}]}}