{"id":26812,"date":"2025-04-10T12:07:39","date_gmt":"2025-04-10T10:07:39","guid":{"rendered":"https:\/\/myspainfood.com\/producto\/mognad-getost-med-paprika-ca-320gr\/"},"modified":"2025-06-24T14:08:28","modified_gmt":"2025-06-24T12:08:28","slug":"mognad-getost-med-paprika-ca-320gr","status":"publish","type":"product","link":"https:\/\/myspainfood.com\/sv\/producto\/mognad-getost-med-paprika-ca-320gr\/","title":{"rendered":"Mognad getost med paprika ca 320gr"},"content":{"rendered":"<p>Lagrad getost med paprika ca 320gr produceras av Queser\u00eda El <a href=\"https:\/\/www.facebook.com\/Queser%C3%ADa-El-Manjar-1564604537177140\/\" target=\"_blank\" rel=\"noopener noreferrer nofollow\">Manjar<\/a>.<\/p>\n<p>Denna ostfabrik ligger i Velada, Toledo, i n\u00e4rheten av Talavera de la Reina.<\/p>\n<p>Den tillverkas av past\u00f6riserad mj\u00f6lk och t\u00e4cks av ett lager paprikapulver p\u00e5 skalet, vilket ger den sin speciella och omissk\u00e4nnliga smak.<\/p>\n<p>F\u00f6rutom att producera paprikamognad getost inneh\u00e5ller produktkatalogen \u00e4ven en m\u00e4ngd andra ostar, till exempel f\u00e4rskostar.<\/p>\n<p>Alla produkter \u00e4r handgjorda p\u00e5 ett traditionellt s\u00e4tt. Den ungef\u00e4rliga vikten f\u00f6r varje portion \u00e4r 320 gram. <\/p>\n<p>Denna produkt m\u00e5ste f\u00f6rvaras i kylsk\u00e5p fr\u00e5n 0\u00ba till 8\u00ba.<\/p>\n<p>Getost, eller mer korrekt getmj\u00f6lksost, kallas ch\u00e8vre (som \u00e4r franska f\u00f6r get) och \u00e4r namnet p\u00e5 alla ostar som tillverkas av getmj\u00f6lk.<\/p>\n<p>Getost har tillverkats i tusentals \u00e5r och var f\u00f6rmodligen en av de tidigaste mejeriprodukterna som framst\u00e4lldes. I sin enklaste form framst\u00e4lls getost genom att l\u00e5ta den r\u00e5a mj\u00f6lken sk\u00e4ra sig naturligt och sedan l\u00e5ta ostmassan rinna av och pressas. <\/p>\n<p>Om du vill k\u00f6pa andra ostar eller n\u00e5gon annan typ av <a href=\"https:\/\/latiendadesami.com\/\" rel=\"noopener noreferrer nofollow\" target=\"_blank\">livsmedel<\/a>, tveka inte att ta en titt p\u00e5 v\u00e5r onlinekatalog f\u00f6r att se det stora utbudet av produkter vi har.<\/p>\n<p>Skriv till oss om du vill ha mer information.<\/p>\n","protected":false},"excerpt":{"rendered":"<p>Lagrad getost med paprika ca 320gr produceras av Queser\u00eda El Manjar. Denna ostfabrik ligger i Velada, Toledo, i n\u00e4rheten av Talavera de la Reina. Den tillverkas av past\u00f6riserad mj\u00f6lk och t\u00e4cks av ett lager paprikapulver p\u00e5 skalet, vilket ger den sin speciella och omissk\u00e4nnliga smak. F\u00f6rutom att producera paprikamognad getost inneh\u00e5ller produktkatalogen \u00e4ven en m\u00e4ngd [&hellip;]<\/p>\n","protected":false},"featured_media":9960,"template":"","meta":{"_et_pb_use_builder":"","_et_pb_old_content":"","_et_gb_content_width":""},"product_brand":[1246],"product_cat":[5730,1804,2254],"product_tag":[],"class_list":{"0":"post-26812","1":"product","2":"type-product","3":"status-publish","4":"has-post-thumbnail","6":"product_brand-el-manjar","7":"product_cat-hardning-sv","8":"product_cat-kall","9":"product_cat-ost-och-korv","10":"product_shipping_class-kall-sandning","12":"first","13":"instock","14":"taxable","15":"shipping-taxable","16":"purchasable","17":"product-type-simple"},"_links":{"self":[{"href":"https:\/\/myspainfood.com\/sv\/wp-json\/wp\/v2\/product\/26812","targetHints":{"allow":["GET"]}}],"collection":[{"href":"https:\/\/myspainfood.com\/sv\/wp-json\/wp\/v2\/product"}],"about":[{"href":"https:\/\/myspainfood.com\/sv\/wp-json\/wp\/v2\/types\/product"}],"wp:featuredmedia":[{"embeddable":true,"href":"https:\/\/myspainfood.com\/sv\/wp-json\/wp\/v2\/media\/9960"}],"wp:attachment":[{"href":"https:\/\/myspainfood.com\/sv\/wp-json\/wp\/v2\/media?parent=26812"}],"wp:term":[{"taxonomy":"product_brand","embeddable":true,"href":"https:\/\/myspainfood.com\/sv\/wp-json\/wp\/v2\/product_brand?post=26812"},{"taxonomy":"product_cat","embeddable":true,"href":"https:\/\/myspainfood.com\/sv\/wp-json\/wp\/v2\/product_cat?post=26812"},{"taxonomy":"product_tag","embeddable":true,"href":"https:\/\/myspainfood.com\/sv\/wp-json\/wp\/v2\/product_tag?post=26812"}],"curies":[{"name":"wp","href":"https:\/\/api.w.org\/{rel}","templated":true}]}}