{"id":26874,"date":"2025-04-10T12:07:32","date_gmt":"2025-04-10T10:07:32","guid":{"rendered":"https:\/\/myspainfood.com\/producto\/farskost-fyra-stavar-25-kg-ca\/"},"modified":"2025-09-02T10:49:19","modified_gmt":"2025-09-02T08:49:19","slug":"farskost-fyra-stavar-25-kg-ca","status":"publish","type":"product","link":"https:\/\/myspainfood.com\/sv\/producto\/farskost-fyra-stavar-25-kg-ca\/","title":{"rendered":"F\u00e4rskost Fyra stavar 2,5 kg ca."},"content":{"rendered":"<p>Den lagrade osten Cuatro barras \u00e4r gjord p\u00e5 <a href=\"https:\/\/es.wikipedia.org\/wiki\/Queso_de_leche_de_oveja\" target=\"_blank\" rel=\"noopener noreferrer nofollow\">f\u00e5rmj\u00f6lk<\/a> och lagras i cirka 12 m\u00e5nader.<\/p>\n<p>Hela verket v\u00e4ger cirka 2,5 kilo.<\/p>\n<p>Ost gjord p\u00e5 past\u00f6riserad f\u00e5rmj\u00f6lk (min. 65%) och komj\u00f6lk, med en uts\u00f6kt smak, vars fasta konsistens framh\u00e4ver den intensiva smaken. En utm\u00e4rkt ost som inte kommer att l\u00e4mna dig ober\u00f6rd. <\/p>\n<p>Vi rekommenderar att du f\u00f6rvarar den torrt och svalt, mellan 4-8 \u00baC, f\u00f6r att f\u00f6rb\u00e4ttra dess h\u00e5llbarhet.<\/p>\n<p>F\u00e5r har bara tv\u00e5 spenar och producerar en mycket mindre m\u00e4ngd mj\u00f6lk \u00e4n kor.<\/p>\n<p>Men eftersom f\u00e5rmj\u00f6lk inneh\u00e5ller mycket mer fett, fasta \u00e4mnen och mineraler \u00e4n komj\u00f6lk \u00e4r den idealisk f\u00f6r osttillverkningsprocessen.<\/p>\n<p>Den motst\u00e5r ocks\u00e5 kontaminering under kylning b\u00e4ttre p\u00e5 grund av sitt mycket h\u00f6gre kalciuminneh\u00e5ll.<\/p>\n<p>F\u00e5rmj\u00f6lk kan drickas f\u00e4rsk, men idag anv\u00e4nds den fr\u00e4mst vid tillverkning av ost och yoghurt.<\/p>\n<p>Om du vill k\u00f6pa Queso Curado Cuatro barras eller n\u00e5gon annan typ av <a href=\"https:\/\/latiendadesami.com\/categoria-producto\/queso-embutido\/\" rel=\"noopener noreferrer nofollow\" target=\"_blank\">ost eller charkuterier<\/a>, tveka inte att ta en titt p\u00e5 v\u00e5r onlinekatalog. Vi har den h\u00f6gsta kvaliteten till det b\u00e4sta priset.<\/p>\n<p>Skriv till oss om du vill ha mer information eller om du har fr\u00e5gor om denna eller n\u00e5gon annan produkt.<\/p>\n","protected":false},"excerpt":{"rendered":"<p>Den lagrade osten Cuatro barras \u00e4r gjord p\u00e5 f\u00e5rmj\u00f6lk och lagras i cirka 12 m\u00e5nader. Hela verket v\u00e4ger cirka 2,5 kilo. Ost gjord p\u00e5 past\u00f6riserad f\u00e5rmj\u00f6lk (min. 65%) och komj\u00f6lk, med en uts\u00f6kt smak, vars fasta konsistens framh\u00e4ver den intensiva smaken. En utm\u00e4rkt ost som inte kommer att l\u00e4mna dig ober\u00f6rd. Vi rekommenderar att du [&hellip;]<\/p>\n","protected":false},"featured_media":9807,"template":"","meta":{"_et_pb_use_builder":"","_et_pb_old_content":"","_et_gb_content_width":""},"product_brand":[1234],"product_cat":[5730,1804,2254],"product_tag":[],"class_list":{"0":"post-26874","1":"product","2":"type-product","3":"status-publish","4":"has-post-thumbnail","6":"product_brand-cuatro-barras","7":"product_cat-hardning-sv","8":"product_cat-kall","9":"product_cat-ost-och-korv","10":"product_shipping_class-kall-sandning","12":"first","13":"outofstock","14":"taxable","15":"shipping-taxable","16":"product-type-variable"},"_links":{"self":[{"href":"https:\/\/myspainfood.com\/sv\/wp-json\/wp\/v2\/product\/26874","targetHints":{"allow":["GET"]}}],"collection":[{"href":"https:\/\/myspainfood.com\/sv\/wp-json\/wp\/v2\/product"}],"about":[{"href":"https:\/\/myspainfood.com\/sv\/wp-json\/wp\/v2\/types\/product"}],"wp:featuredmedia":[{"embeddable":true,"href":"https:\/\/myspainfood.com\/sv\/wp-json\/wp\/v2\/media\/9807"}],"wp:attachment":[{"href":"https:\/\/myspainfood.com\/sv\/wp-json\/wp\/v2\/media?parent=26874"}],"wp:term":[{"taxonomy":"product_brand","embeddable":true,"href":"https:\/\/myspainfood.com\/sv\/wp-json\/wp\/v2\/product_brand?post=26874"},{"taxonomy":"product_cat","embeddable":true,"href":"https:\/\/myspainfood.com\/sv\/wp-json\/wp\/v2\/product_cat?post=26874"},{"taxonomy":"product_tag","embeddable":true,"href":"https:\/\/myspainfood.com\/sv\/wp-json\/wp\/v2\/product_tag?post=26874"}],"curies":[{"name":"wp","href":"https:\/\/api.w.org\/{rel}","templated":true}]}}