{"id":27557,"date":"2025-04-10T12:07:31","date_gmt":"2025-04-10T10:07:31","guid":{"rendered":"https:\/\/myspainfood.com\/producto\/campo-real-oliver-45-kg\/"},"modified":"2026-04-08T22:33:19","modified_gmt":"2026-04-08T20:33:19","slug":"campo-real-oliver-45-kg","status":"publish","type":"product","link":"https:\/\/myspainfood.com\/sv\/producto\/campo-real-oliver-45-kg\/","title":{"rendered":"Campo Real oliver 4,5 kg"},"content":{"rendered":"<p>Om kommunen Campo Real \u00e4r k\u00e4nd f\u00f6r n\u00e5got s\u00e5 \u00e4r det f\u00f6r sina ber\u00f6mda Campo Real-oliver 4,5 kg.<\/p>\n<p>Tillh\u00f6r sorterna manzanilla de Campo Real och cacere\u00f1a, och hemligheten med dess oliver ligger i de hundra\u00e5riga olivtr\u00e4d som de kommer fr\u00e5n, olivodlarnas erfarenhet och olivernas smaks\u00e4ttning.<\/p>\n<p>Denna <a href=\"https:\/\/www.google.com\/search?q=revuelto+aceitunas+s%C3%A1ngar&amp;sxsrf=APq-WBt1wkTZta0IAEDoueZPBxEuaY8Dtw:1644308614563&amp;source=lnms&amp;tbm=isch&amp;sa=X&amp;ved=2ahUKEwjouvz21u_1AhVV_rsIHacjBd0Q_AUoAXoECAEQAw&amp;biw=1577&amp;bih=780&amp;dpr=1\" target=\"_blank\" rel=\"noopener noreferrer nofollow\">kombination<\/a> av oliver och pickles g\u00f6r det m\u00f6jligt att njuta av en oslagbar smak i dina tapas eller aptitretare.<\/p>\n<p>Det \u00e4r ett mycket h\u00e4lsosamt komplement till v\u00e5r traditionella n\u00e4ringsrika medelhavskost.<\/p>\n<p>I Spanien hittar vi oliver, gurkor, almagro-auberginer, mor\u00f6tter, l\u00f6k, mycket traditionellt kapris, vitl\u00f6k eller till och med en blandning av dem.<\/p>\n<p>De serveras ofta som tapas till \u00f6l (inte till vin p\u00e5 grund av vin\u00e4gerhalten).<\/p>\n<p>Pickles har g\u00e5tt fr\u00e5n att vara en urgammal teknik f\u00f6r att konservera mat \u00f6ver hela v\u00e4rlden till att vara en av de mest popul\u00e4ra tapas eller aptitretare i spansk gastronomi.<\/p>\n<h3><strong>F\u00f6rdelar med Campo Real Olive 4,5 kg<\/strong><\/h3>\n<p>K\u00e4nde du till f\u00f6rdelarna med Campo Real Olives 4,5 kg och med pickles i allm\u00e4nhet? H\u00e4r \u00e4r en lista \u00f6ver de viktigaste: <\/p>\n<ul>\n<li>Rik p\u00e5 probiotika.<\/li>\n<li>De underl\u00e4ttar matsm\u00e4ltningen.<\/li>\n<li>De st\u00e4rker immunf\u00f6rsvaret.<\/li>\n<li>De minskar suget efter socker.<\/li>\n<li>Gynnsamt f\u00f6r gallbl\u00e5san.<\/li>\n<\/ul>\n<p>Om du vill k\u00f6pa oliver eller n\u00e5gon annan typ av <a href=\"https:\/\/latiendadesami.com\/categoria-producto\/encurtidos\/\" rel=\"noopener noreferrer nofollow\" target=\"_blank\">inlagd mat,<\/a> tveka inte att ta en titt p\u00e5 v\u00e5r onlinekatalog f\u00f6r att se det stora utbudet av <a href=\"https:\/\/latiendadesami.com\/categoria-producto\/encurtidos\/aceitunas\/\" target=\"_blank\" rel=\"noopener noreferrer nofollow\">oliver<\/a> vi har.<\/p>\n<p>Skriv till oss om du vill ha mer information.<\/p>\n","protected":false},"excerpt":{"rendered":"<p>Om kommunen Campo Real \u00e4r k\u00e4nd f\u00f6r n\u00e5got s\u00e5 \u00e4r det f\u00f6r sina ber\u00f6mda Campo Real-oliver 4,5 kg. Tillh\u00f6r sorterna manzanilla de Campo Real och cacere\u00f1a, och hemligheten med dess oliver ligger i de hundra\u00e5riga olivtr\u00e4d som de kommer fr\u00e5n, olivodlarnas erfarenhet och olivernas smaks\u00e4ttning. Denna kombination av oliver och pickles g\u00f6r det m\u00f6jligt att [&hellip;]<\/p>\n","protected":false},"featured_media":9789,"template":"","meta":{"_et_pb_use_builder":"","_et_pb_old_content":"","_et_gb_content_width":""},"product_brand":[],"product_cat":[1585,1586],"product_tag":[3087],"class_list":{"0":"post-27557","1":"product","2":"type-product","3":"status-publish","4":"has-post-thumbnail","6":"product_cat-inlagda-gronsaker","7":"product_cat-oliver","8":"product_tag-campo-real-sv","10":"first","11":"outofstock","12":"taxable","13":"shipping-taxable","14":"purchasable","15":"product-type-simple"},"_links":{"self":[{"href":"https:\/\/myspainfood.com\/sv\/wp-json\/wp\/v2\/product\/27557","targetHints":{"allow":["GET"]}}],"collection":[{"href":"https:\/\/myspainfood.com\/sv\/wp-json\/wp\/v2\/product"}],"about":[{"href":"https:\/\/myspainfood.com\/sv\/wp-json\/wp\/v2\/types\/product"}],"wp:featuredmedia":[{"embeddable":true,"href":"https:\/\/myspainfood.com\/sv\/wp-json\/wp\/v2\/media\/9789"}],"wp:attachment":[{"href":"https:\/\/myspainfood.com\/sv\/wp-json\/wp\/v2\/media?parent=27557"}],"wp:term":[{"taxonomy":"product_brand","embeddable":true,"href":"https:\/\/myspainfood.com\/sv\/wp-json\/wp\/v2\/product_brand?post=27557"},{"taxonomy":"product_cat","embeddable":true,"href":"https:\/\/myspainfood.com\/sv\/wp-json\/wp\/v2\/product_cat?post=27557"},{"taxonomy":"product_tag","embeddable":true,"href":"https:\/\/myspainfood.com\/sv\/wp-json\/wp\/v2\/product_tag?post=27557"}],"curies":[{"name":"wp","href":"https:\/\/api.w.org\/{rel}","templated":true}]}}