{"id":27745,"date":"2025-04-10T12:07:50","date_gmt":"2025-04-10T10:07:50","guid":{"rendered":"https:\/\/myspainfood.com\/producto\/hel-piquillo-peppar-extra\/"},"modified":"2025-04-10T12:07:50","modified_gmt":"2025-04-10T10:07:50","slug":"hel-piquillo-peppar-extra","status":"publish","type":"product","link":"https:\/\/myspainfood.com\/sv\/producto\/hel-piquillo-peppar-extra\/","title":{"rendered":"Hel Piquillo-peppar extra"},"content":{"rendered":"<p>Whole Piquillo Peppers extra \u00e4r en <a href=\"https:\/\/twitter.com\/mca_spain\" target=\"_blank\" rel=\"noopener noreferrer nofollow\">produkt fr\u00e5n MCA Spain.<\/a><\/p>\n<p>Ingredienser: Piquillo-peppar och surhetsreglerande medel: citronsyra.<\/p>\n<p>Efter \u00f6ppnandet, f\u00f6rvara i kylsk\u00e5p och konsumera helst inom 5 dagar.<\/p>\n<p>La Viuda de Mateo \u00e4r ett av de kommersiella varum\u00e4rken under vilka MCA Spain-koncernen g\u00e5r ut p\u00e5 marknaden.<\/p>\n<p>MCA Spain har sitt ursprung i den erfarenhet som Carlos Ripa, nuvarande General Manager, har efter att ha arbetat ett decennium i ett familjef\u00f6retag med anknytning till livsmedelssektorn.<\/p>\n<p>Det var dock i mitten av 1980-talet som Ripa lanserade sitt eget personliga projekt i sin hemstad (Mendavia, Navarra): ett konserveringsf\u00f6retag, MCA Spain.<\/p>\n<p>Detta f\u00f6retag, som tillverkar gr\u00f6nsakskonserver och fiskkonserver, har positionerat sig i den spanska livsmedelssektorns f\u00f6rsta division.<\/p>\n<p>En spektakul\u00e4r utveckling som inte skulle ha varit m\u00f6jlig utan ett f\u00f6rstklassigt team och en passion f\u00f6r kundservice.<\/p>\n<p>Om du vill k\u00f6pa Extra Whole Piquillo Peppers eller n\u00e5gon annan typ av <a href=\"https:\/\/latiendadesami.com\/categoria-producto\/conservas\/\" rel=\"noopener noreferrer nofollow\" target=\"_blank\">konserver<\/a>, tveka inte att ta en titt p\u00e5 v\u00e5r onlinekatalog.<\/p>\n<p>Vi har den h\u00f6gsta kvaliteten till det b\u00e4sta priset.<\/p>\n<p>Skriv till oss om du vill ha mer information eller om du har n\u00e5gra fr\u00e5gor om denna eller n\u00e5gon annan produkt i v\u00e5r katalog.<\/p>\n","protected":false},"excerpt":{"rendered":"<p>Whole Piquillo Peppers extra \u00e4r en produkt fr\u00e5n MCA Spain. Ingredienser: Piquillo-peppar och surhetsreglerande medel: citronsyra. Efter \u00f6ppnandet, f\u00f6rvara i kylsk\u00e5p och konsumera helst inom 5 dagar. La Viuda de Mateo \u00e4r ett av de kommersiella varum\u00e4rken under vilka MCA Spain-koncernen g\u00e5r ut p\u00e5 marknaden. MCA Spain har sitt ursprung i den erfarenhet som Carlos [&hellip;]<\/p>\n","protected":false},"featured_media":10212,"template":"","meta":{"_et_pb_use_builder":"","_et_pb_old_content":"","_et_gb_content_width":""},"product_brand":[1129],"product_cat":[1986,2315],"product_tag":[2317,5931],"class_list":{"0":"post-27745","1":"product","2":"type-product","3":"status-publish","4":"has-post-thumbnail","6":"product_brand-mateo","7":"product_cat-konserver-sv","8":"product_cat-paprika","9":"product_tag-peppar","10":"product_tag-spanien","12":"first","13":"outofstock","14":"taxable","15":"shipping-taxable","16":"product-type-variable"},"_links":{"self":[{"href":"https:\/\/myspainfood.com\/sv\/wp-json\/wp\/v2\/product\/27745","targetHints":{"allow":["GET"]}}],"collection":[{"href":"https:\/\/myspainfood.com\/sv\/wp-json\/wp\/v2\/product"}],"about":[{"href":"https:\/\/myspainfood.com\/sv\/wp-json\/wp\/v2\/types\/product"}],"wp:featuredmedia":[{"embeddable":true,"href":"https:\/\/myspainfood.com\/sv\/wp-json\/wp\/v2\/media\/10212"}],"wp:attachment":[{"href":"https:\/\/myspainfood.com\/sv\/wp-json\/wp\/v2\/media?parent=27745"}],"wp:term":[{"taxonomy":"product_brand","embeddable":true,"href":"https:\/\/myspainfood.com\/sv\/wp-json\/wp\/v2\/product_brand?post=27745"},{"taxonomy":"product_cat","embeddable":true,"href":"https:\/\/myspainfood.com\/sv\/wp-json\/wp\/v2\/product_cat?post=27745"},{"taxonomy":"product_tag","embeddable":true,"href":"https:\/\/myspainfood.com\/sv\/wp-json\/wp\/v2\/product_tag?post=27745"}],"curies":[{"name":"wp","href":"https:\/\/api.w.org\/{rel}","templated":true}]}}