{"id":27850,"date":"2025-04-10T12:07:50","date_gmt":"2025-04-10T10:07:50","guid":{"rendered":"https:\/\/myspainfood.com\/producto\/oti-inlagda-musslor-40-50-bitar\/"},"modified":"2025-04-10T12:07:50","modified_gmt":"2025-04-10T10:07:50","slug":"oti-inlagda-musslor-40-50-bitar","status":"publish","type":"product","link":"https:\/\/myspainfood.com\/sv\/producto\/oti-inlagda-musslor-40-50-bitar\/","title":{"rendered":"Oti inlagda musslor 40\/50 bitar"},"content":{"rendered":"<p>De st\u00f6rsta exemplaren av b\u00e4sta kvalitet utvinns vid optimal tidpunkt fr\u00e5n de b\u00e4sta pannorna. De har ett utm\u00e4rkt utseende, enhetlig f\u00e4rg, \u00e4r rena fr\u00e5n sk\u00e4gg och mycket aptitretande, och \u00e4r resultatet av ett noggrant urval och bearbetning. Ingredienser av h\u00f6gsta kvalitet anv\u00e4nds f\u00f6r att g\u00f6ra en uts\u00f6kt inlagd s\u00e5s, som \u00e4r en idealisk topping f\u00f6r denna bl\u00f6tdjur.  <\/p>\n","protected":false},"excerpt":{"rendered":"<p>De st\u00f6rsta exemplaren av b\u00e4sta kvalitet utvinns vid optimal tidpunkt fr\u00e5n de b\u00e4sta pannorna. De har ett utm\u00e4rkt utseende, enhetlig f\u00e4rg, \u00e4r rena fr\u00e5n sk\u00e4gg och mycket aptitretande, och \u00e4r resultatet av ett noggrant urval och bearbetning. Ingredienser av h\u00f6gsta kvalitet anv\u00e4nds f\u00f6r att g\u00f6ra en uts\u00f6kt inlagd s\u00e5s, som \u00e4r en idealisk topping f\u00f6r [&hellip;]<\/p>\n","protected":false},"featured_media":10185,"template":"","meta":{"_et_pb_use_builder":"","_et_pb_old_content":"","_et_gb_content_width":""},"product_brand":[1075],"product_cat":[1986,4055],"product_tag":[],"class_list":{"0":"post-27850","1":"product","2":"type-product","3":"status-publish","4":"has-post-thumbnail","6":"product_brand-oti","7":"product_cat-konserver-sv","8":"product_cat-musslor-sv-2","10":"first","11":"outofstock","12":"taxable","13":"shipping-taxable","14":"product-type-variable"},"_links":{"self":[{"href":"https:\/\/myspainfood.com\/sv\/wp-json\/wp\/v2\/product\/27850","targetHints":{"allow":["GET"]}}],"collection":[{"href":"https:\/\/myspainfood.com\/sv\/wp-json\/wp\/v2\/product"}],"about":[{"href":"https:\/\/myspainfood.com\/sv\/wp-json\/wp\/v2\/types\/product"}],"wp:featuredmedia":[{"embeddable":true,"href":"https:\/\/myspainfood.com\/sv\/wp-json\/wp\/v2\/media\/10185"}],"wp:attachment":[{"href":"https:\/\/myspainfood.com\/sv\/wp-json\/wp\/v2\/media?parent=27850"}],"wp:term":[{"taxonomy":"product_brand","embeddable":true,"href":"https:\/\/myspainfood.com\/sv\/wp-json\/wp\/v2\/product_brand?post=27850"},{"taxonomy":"product_cat","embeddable":true,"href":"https:\/\/myspainfood.com\/sv\/wp-json\/wp\/v2\/product_cat?post=27850"},{"taxonomy":"product_tag","embeddable":true,"href":"https:\/\/myspainfood.com\/sv\/wp-json\/wp\/v2\/product_tag?post=27850"}],"curies":[{"name":"wp","href":"https:\/\/api.w.org\/{rel}","templated":true}]}}