{"id":27954,"date":"2025-04-10T12:07:51","date_gmt":"2025-04-10T10:07:51","guid":{"rendered":"https:\/\/myspainfood.com\/producto\/bonito-olivolja-400-gr-box-12-enheter\/"},"modified":"2025-04-10T12:07:51","modified_gmt":"2025-04-10T10:07:51","slug":"bonito-olivolja-400-gr-box-12-enheter","status":"publish","type":"product","link":"https:\/\/myspainfood.com\/sv\/producto\/bonito-olivolja-400-gr-box-12-enheter\/","title":{"rendered":"Bonito Olivolja 400 gr BOX 12 ENHETER"},"content":{"rendered":"<p><a href=\"https:\/\/conservasarlequin.com\/arlequin\/\" target=\"_blank\" rel=\"noopener noreferrer nofollow\">Arlequ\u00edn<\/a> Bonito Olive Oil 400 gr \u00e4r en konserverad produkt som tillverkas p\u00e5 traditionellt s\u00e4tt.<\/p>\n<p><strong>Nettovikt<\/strong> \/ Avrunnen<strong>:<\/strong> 415g \/ 270g<\/p>\n<p><strong>H\u00e5llbarhet:<\/strong> 5 \u00e5r<\/p>\n<p><strong>Naturv\u00e5rd:<\/strong> Milj\u00f6<\/p>\n<p>Conservas <a href=\"https:\/\/latiendadesami.com\/marca\/arlequin\/\" target=\"_blank\" rel=\"noopener noreferrer nofollow\">Arlequ\u00edns<\/a> uppdrag \u00e4r att erbjuda en bra produkt, den b\u00e4sta servicen och ett brett sortiment av konserverad fisk till b\u00e4sta pris.<\/p>\n<p>De specialiserar sig ocks\u00e5 p\u00e5 Ansjovis, Ansjovis, Ansjovis, Bonito, Bonito Olive Oil 400 gr, Gulfenad tonfisk, Musslor, Makrill och Sardiner.<\/p>\n<p>Till exempel sa Comidista i tidningen El Pa\u00eds om ventresca: &#8221;Den \u00e4r s\u00e5 mjuk, n\u00e4stan kr\u00e4mig, att man vill gifta sig med den och leva lyckligt tills Herren tar en&#8221;.<\/p>\n<h4>De viktigaste f\u00f6rdelarna med konserverad mat<\/h4>\n<ol>\n<li>De bevarar alla n\u00e4ringsegenskaper hos sj\u00e4lva livsmedlet. Maten beh\u00e5ller sin f\u00e4rskhet. <\/li>\n<li>De livsmedel som anv\u00e4nds \u00e4r h\u00e4lsosamma och d\u00e4rf\u00f6r l\u00e4mpliga f\u00f6r en optimal kost p\u00e5 grund av deras h\u00f6ga vitamin- och proteininneh\u00e5ll.<\/li>\n<li>Dessa produkter har en l\u00e4ngre livsl\u00e4ngd (2-5 \u00e5r \u00e4r typiskt).<\/li>\n<li>Konserverna \u00e4r mycket l\u00e4tta att f\u00f6rvara eftersom f\u00f6rpackningarna \u00e4r l\u00e4tta att applicera.<\/li>\n<\/ol>\n<p>Om du vill k\u00f6pa tonfisk eller n\u00e5gon annan typ av <a href=\"https:\/\/latiendadesami.com\/categoria-producto\/conservas\/\" rel=\"noopener noreferrer nofollow\" target=\"_blank\">konserverad mat<\/a>, tveka inte att ta en titt p\u00e5 v\u00e5r onlinekatalog f\u00f6r att se det stora utbudet av <a href=\"https:\/\/latiendadesami.com\/categoria-producto\/conservas\/atun-y-bonito\/\" target=\"_blank\" rel=\"noopener noreferrer nofollow\">tonfisk<\/a> vi har.<\/p>\n<p>Skriv till oss om du vill ha mer information.<\/p>\n","protected":false},"excerpt":{"rendered":"<p>Arlequ\u00edn Bonito Olive Oil 400 gr \u00e4r en konserverad produkt som tillverkas p\u00e5 traditionellt s\u00e4tt. Nettovikt \/ Avrunnen: 415g \/ 270g H\u00e5llbarhet: 5 \u00e5r Naturv\u00e5rd: Milj\u00f6 Conservas Arlequ\u00edns uppdrag \u00e4r att erbjuda en bra produkt, den b\u00e4sta servicen och ett brett sortiment av konserverad fisk till b\u00e4sta pris. De specialiserar sig ocks\u00e5 p\u00e5 Ansjovis, Ansjovis, [&hellip;]<\/p>\n","protected":false},"featured_media":9231,"template":"","meta":{"_et_pb_use_builder":"","_et_pb_old_content":"","_et_gb_content_width":""},"product_brand":[1162],"product_cat":[1986,4367],"product_tag":[],"class_list":{"0":"post-27954","1":"product","2":"type-product","3":"status-publish","4":"has-post-thumbnail","6":"product_brand-arlequin","7":"product_cat-konserver-sv","8":"product_cat-tonfisk-och-bonito","10":"first","11":"outofstock","12":"sale","13":"taxable","14":"shipping-taxable","15":"purchasable","16":"product-type-simple"},"_links":{"self":[{"href":"https:\/\/myspainfood.com\/sv\/wp-json\/wp\/v2\/product\/27954","targetHints":{"allow":["GET"]}}],"collection":[{"href":"https:\/\/myspainfood.com\/sv\/wp-json\/wp\/v2\/product"}],"about":[{"href":"https:\/\/myspainfood.com\/sv\/wp-json\/wp\/v2\/types\/product"}],"wp:featuredmedia":[{"embeddable":true,"href":"https:\/\/myspainfood.com\/sv\/wp-json\/wp\/v2\/media\/9231"}],"wp:attachment":[{"href":"https:\/\/myspainfood.com\/sv\/wp-json\/wp\/v2\/media?parent=27954"}],"wp:term":[{"taxonomy":"product_brand","embeddable":true,"href":"https:\/\/myspainfood.com\/sv\/wp-json\/wp\/v2\/product_brand?post=27954"},{"taxonomy":"product_cat","embeddable":true,"href":"https:\/\/myspainfood.com\/sv\/wp-json\/wp\/v2\/product_cat?post=27954"},{"taxonomy":"product_tag","embeddable":true,"href":"https:\/\/myspainfood.com\/sv\/wp-json\/wp\/v2\/product_tag?post=27954"}],"curies":[{"name":"wp","href":"https:\/\/api.w.org\/{rel}","templated":true}]}}