{"id":28811,"date":"2025-04-10T12:07:50","date_gmt":"2025-04-10T10:07:50","guid":{"rendered":"https:\/\/myspainfood.com\/producto\/almagro-variant-oliver-760-g\/"},"modified":"2025-04-10T12:07:50","modified_gmt":"2025-04-10T10:07:50","slug":"almagro-variant-oliver-760-g","status":"publish","type":"product","link":"https:\/\/myspainfood.com\/sv\/producto\/almagro-variant-oliver-760-g\/","title":{"rendered":"Almagro Variant Oliver 760 g"},"content":{"rendered":"<p>Almagro Variety Olive 760 gr - La Tienda de Sami<\/p>\n<p>Aubergine Flavour OliveEggplant Flavour OliveEn oliv med mild smak. En v\u00e5gad f\u00f6rr\u00e4tt som alltid \u00e4r aptitretande och ett perfekt komplement till skedr\u00e4tter. Kan avnjutas med ett glas vin.  <\/p>\n","protected":false},"excerpt":{"rendered":"<p>Almagro Variety Olive 760 gr - La Tienda de Sami Aubergine Flavour OliveEggplant Flavour OliveEn oliv med mild smak. En v\u00e5gad f\u00f6rr\u00e4tt som alltid \u00e4r aptitretande och ett perfekt komplement till skedr\u00e4tter. Kan avnjutas med ett glas vin.<\/p>\n","protected":false},"featured_media":10284,"template":"","meta":{"_et_pb_use_builder":"","_et_pb_old_content":"","_et_gb_content_width":""},"product_brand":[1057],"product_cat":[1585,1586],"product_tag":[3930],"class_list":{"0":"post-28811","1":"product","2":"type-product","3":"status-publish","4":"has-post-thumbnail","6":"product_brand-la-encajera","7":"product_cat-inlagda-gronsaker","8":"product_cat-oliver","9":"product_tag-almagro-sv","11":"first","12":"outofstock","13":"taxable","14":"shipping-taxable","15":"product-type-variable"},"_links":{"self":[{"href":"https:\/\/myspainfood.com\/sv\/wp-json\/wp\/v2\/product\/28811","targetHints":{"allow":["GET"]}}],"collection":[{"href":"https:\/\/myspainfood.com\/sv\/wp-json\/wp\/v2\/product"}],"about":[{"href":"https:\/\/myspainfood.com\/sv\/wp-json\/wp\/v2\/types\/product"}],"wp:featuredmedia":[{"embeddable":true,"href":"https:\/\/myspainfood.com\/sv\/wp-json\/wp\/v2\/media\/10284"}],"wp:attachment":[{"href":"https:\/\/myspainfood.com\/sv\/wp-json\/wp\/v2\/media?parent=28811"}],"wp:term":[{"taxonomy":"product_brand","embeddable":true,"href":"https:\/\/myspainfood.com\/sv\/wp-json\/wp\/v2\/product_brand?post=28811"},{"taxonomy":"product_cat","embeddable":true,"href":"https:\/\/myspainfood.com\/sv\/wp-json\/wp\/v2\/product_cat?post=28811"},{"taxonomy":"product_tag","embeddable":true,"href":"https:\/\/myspainfood.com\/sv\/wp-json\/wp\/v2\/product_tag?post=28811"}],"curies":[{"name":"wp","href":"https:\/\/api.w.org\/{rel}","templated":true}]}}